{"id":8534,"date":"2021-03-17T10:12:51","date_gmt":"2021-03-17T09:12:51","guid":{"rendered":"http:\/\/sp1.hrubieszow.info\/?page_id=8534"},"modified":"2021-03-17T10:13:28","modified_gmt":"2021-03-17T09:13:28","slug":"wyniki-konkursu-matematyczne-pichcenie","status":"publish","type":"page","link":"https:\/\/sp1hrubieszow.pl\/index.php\/kronika-2020-2021\/wyniki-konkursu-matematyczne-pichcenie\/","title":{"rendered":"Wyniki konkursu &#8222;Matematyczne PIchcenie&#8221;"},"content":{"rendered":"\n<div class=\"o9v6fnle cxmmr5t8 oygrvhab hcukyx3x c1et5uql ii04i59q\">\n<div dir=\"auto\"><span style=\"color: #000080;\">Przedstawiamy wyniki konkursu &#8222;Matematyczne PIchcenie&#8221; . W ocenie prac pod uwag\u0119 brana by\u0142a kreatywno\u015b\u0107 uczni\u00f3w, estetyka, widoczny wk\u0142ad w wykonanie zadania.<\/span><\/div>\n<div dir=\"auto\">&nbsp;<\/div>\n<\/div>\n<div class=\"o9v6fnle cxmmr5t8 oygrvhab hcukyx3x c1et5uql ii04i59q\">\n<div dir=\"auto\"><span style=\"color: #000080;\">I miejsce: Stadnicki Karol klasa 5a<\/span><\/div>\n<\/div>\n<div class=\"o9v6fnle cxmmr5t8 oygrvhab hcukyx3x c1et5uql ii04i59q\">\n<div dir=\"auto\"><span style=\"color: #000080;\">II miejsce: Karol Kowalczyk klasa 5a<\/span><\/div>\n<div dir=\"auto\"><span style=\"color: #000080;\">Oliwia M\u0105czka klasa 6d<\/span><\/div>\n<\/div>\n<div class=\"o9v6fnle cxmmr5t8 oygrvhab hcukyx3x c1et5uql ii04i59q\">\n<div dir=\"auto\"><span style=\"color: #000080;\">III miejsce: Dawid Brzyski klasa 5a<\/span><\/div>\n<div dir=\"auto\"><span style=\"color: #000080;\">Marceli Wiatrowski klasa 7d<\/span><\/div>\n<div dir=\"auto\"><span style=\"color: #000080;\">Zuzanna Mr\u00f3z klasa 6c<\/span><\/div>\n<div dir=\"auto\">&nbsp;<\/div>\n<\/div>\n<div class=\"o9v6fnle cxmmr5t8 oygrvhab hcukyx3x c1et5uql ii04i59q\">\n<div dir=\"auto\"><span style=\"color: #000080;\">Wyr\u00f3\u017cnienia: Marcin Lackowski klasa 5a<\/span><\/div>\n<div dir=\"auto\"><span style=\"color: #000080;\">Wiktor Konopko klasa 5a<\/span><\/div>\n<div dir=\"auto\"><span style=\"color: #000080;\">Kaja Ku\u0107mierz klasa 6a<\/span><\/div>\n<\/div>\n<div dir=\"auto\">&nbsp;<\/div>\n<div dir=\"auto\">\nngg_shortcode_0_placeholder\n<\/div>\n","protected":false},"excerpt":{"rendered":"<p>Przedstawiamy wyniki konkursu &#8222;Matematyczne PIchcenie&#8221; . W ocenie prac pod uwag\u0119 brana by\u0142a kreatywno\u015b\u0107 uczni\u00f3w, estetyka, widoczny wk\u0142ad w wykonanie zadania. &nbsp; I miejsce: Stadnicki Karol klasa 5a II miejsce: Karol Kowalczyk klasa 5a Oliwia M\u0105czka klasa 6d III miejsce: Dawid Brzyski klasa 5a Marceli Wiatrowski klasa 7d Zuzanna Mr\u00f3z klasa 6c &nbsp; Wyr\u00f3\u017cnienia: Marcin [&hellip;]<\/p>\n","protected":false},"author":2,"featured_media":0,"parent":5983,"menu_order":0,"comment_status":"closed","ping_status":"closed","template":"","meta":{"ngg_post_thumbnail":0,"footnotes":""},"class_list":["post-8534","page","type-page","status-publish","hentry"],"_links":{"self":[{"href":"https:\/\/sp1hrubieszow.pl\/index.php\/wp-json\/wp\/v2\/pages\/8534","targetHints":{"allow":["GET"]}}],"collection":[{"href":"https:\/\/sp1hrubieszow.pl\/index.php\/wp-json\/wp\/v2\/pages"}],"about":[{"href":"https:\/\/sp1hrubieszow.pl\/index.php\/wp-json\/wp\/v2\/types\/page"}],"author":[{"embeddable":true,"href":"https:\/\/sp1hrubieszow.pl\/index.php\/wp-json\/wp\/v2\/users\/2"}],"replies":[{"embeddable":true,"href":"https:\/\/sp1hrubieszow.pl\/index.php\/wp-json\/wp\/v2\/comments?post=8534"}],"version-history":[{"count":1,"href":"https:\/\/sp1hrubieszow.pl\/index.php\/wp-json\/wp\/v2\/pages\/8534\/revisions"}],"predecessor-version":[{"id":8535,"href":"https:\/\/sp1hrubieszow.pl\/index.php\/wp-json\/wp\/v2\/pages\/8534\/revisions\/8535"}],"up":[{"embeddable":true,"href":"https:\/\/sp1hrubieszow.pl\/index.php\/wp-json\/wp\/v2\/pages\/5983"}],"wp:attachment":[{"href":"https:\/\/sp1hrubieszow.pl\/index.php\/wp-json\/wp\/v2\/media?parent=8534"}],"curies":[{"name":"wp","href":"https:\/\/api.w.org\/{rel}","templated":true}]}}