{"id":8527,"date":"2021-03-16T16:22:33","date_gmt":"2021-03-16T15:22:33","guid":{"rendered":"http:\/\/sp1.hrubieszow.info\/?page_id=8527"},"modified":"2021-03-16T16:23:11","modified_gmt":"2021-03-16T15:23:11","slug":"zmarla-sp-s-maria-borowiec","status":"publish","type":"page","link":"https:\/\/sp1hrubieszow.pl\/index.php\/kronika-2020-2021\/zmarla-sp-s-maria-borowiec\/","title":{"rendered":"Zmar\u0142a \u015bp. s. Maria Borowiec"},"content":{"rendered":"\n<p><span style=\"color: #000080;\"><strong><a style=\"color: #000080;\" href=\"http:\/\/sp1.hrubieszow.info\/wp-content\/uploads\/2021\/03\/Z-\u017calem-i-nadziej\u0105-\u017bycia-Wiecznego.docx\">Z \u017calem i nadziej\u0105 \u017bycia Wiecznego<\/a><\/strong><\/span><\/p>\n","protected":false},"excerpt":{"rendered":"<p>Z \u017calem i nadziej\u0105 \u017bycia Wiecznego<\/p>\n","protected":false},"author":2,"featured_media":0,"parent":5983,"menu_order":0,"comment_status":"closed","ping_status":"closed","template":"","meta":{"ngg_post_thumbnail":0,"footnotes":""},"class_list":["post-8527","page","type-page","status-publish","hentry"],"_links":{"self":[{"href":"https:\/\/sp1hrubieszow.pl\/index.php\/wp-json\/wp\/v2\/pages\/8527","targetHints":{"allow":["GET"]}}],"collection":[{"href":"https:\/\/sp1hrubieszow.pl\/index.php\/wp-json\/wp\/v2\/pages"}],"about":[{"href":"https:\/\/sp1hrubieszow.pl\/index.php\/wp-json\/wp\/v2\/types\/page"}],"author":[{"embeddable":true,"href":"https:\/\/sp1hrubieszow.pl\/index.php\/wp-json\/wp\/v2\/users\/2"}],"replies":[{"embeddable":true,"href":"https:\/\/sp1hrubieszow.pl\/index.php\/wp-json\/wp\/v2\/comments?post=8527"}],"version-history":[{"count":1,"href":"https:\/\/sp1hrubieszow.pl\/index.php\/wp-json\/wp\/v2\/pages\/8527\/revisions"}],"predecessor-version":[{"id":8528,"href":"https:\/\/sp1hrubieszow.pl\/index.php\/wp-json\/wp\/v2\/pages\/8527\/revisions\/8528"}],"up":[{"embeddable":true,"href":"https:\/\/sp1hrubieszow.pl\/index.php\/wp-json\/wp\/v2\/pages\/5983"}],"wp:attachment":[{"href":"https:\/\/sp1hrubieszow.pl\/index.php\/wp-json\/wp\/v2\/media?parent=8527"}],"curies":[{"name":"wp","href":"https:\/\/api.w.org\/{rel}","templated":true}]}}