{"id":8522,"date":"2021-03-15T18:52:30","date_gmt":"2021-03-15T17:52:30","guid":{"rendered":"http:\/\/sp1.hrubieszow.info\/?page_id=8522"},"modified":"2021-03-15T18:53:06","modified_gmt":"2021-03-15T17:53:06","slug":"pi-rzadzi-na-polskim","status":"publish","type":"page","link":"https:\/\/sp1hrubieszow.pl\/index.php\/kronika-2020-2021\/pi-rzadzi-na-polskim\/","title":{"rendered":"Pi rz\u0105dzi na polskim"},"content":{"rendered":"\n<p><span style=\"color: #000080;\">Czy na j\u0119zyku polskim mo\u017cna rozmawia\u0107 o liczbie Pi? Czy mo\u017cna \u015bwi\u0119towa\u0107 dzie\u0144 liczby Pi? Oczywi\u015bcie, \u017ce tak. Przekonali si\u0119 o tym uczniowie klas 8, kt\u00f3rzy 15 marca realizowali temat: Pi rz\u0105dzi na polskim. Uczniowie mogli poszerzy\u0107 swoj\u0105 wiedz\u0119 o liczbie Pi, a tak\u017ce \u0107wiczyli swoje umiej\u0119tno\u015bci polonistyczne (doskona\u0142a rozgrzewka przed egzaminem pr\u00f3bnym). <\/span><\/p>\n<p><span style=\"color: #000080;\">Podczas lekcji wykorzystano prezentacj\u0119 pani Moniki Gawerek.&nbsp;<\/span><\/p>\nngg_shortcode_0_placeholder\n","protected":false},"excerpt":{"rendered":"<p>Czy na j\u0119zyku polskim mo\u017cna rozmawia\u0107 o liczbie Pi? Czy mo\u017cna \u015bwi\u0119towa\u0107 dzie\u0144 liczby Pi? Oczywi\u015bcie, \u017ce tak. Przekonali si\u0119 o tym uczniowie klas 8, kt\u00f3rzy 15 marca realizowali temat: Pi rz\u0105dzi na polskim. Uczniowie mogli poszerzy\u0107 swoj\u0105 wiedz\u0119 o liczbie Pi, a tak\u017ce \u0107wiczyli swoje umiej\u0119tno\u015bci polonistyczne (doskona\u0142a rozgrzewka przed egzaminem pr\u00f3bnym). Podczas lekcji [&hellip;]<\/p>\n","protected":false},"author":2,"featured_media":0,"parent":5983,"menu_order":0,"comment_status":"closed","ping_status":"closed","template":"","meta":{"ngg_post_thumbnail":0,"footnotes":""},"class_list":["post-8522","page","type-page","status-publish","hentry"],"_links":{"self":[{"href":"https:\/\/sp1hrubieszow.pl\/index.php\/wp-json\/wp\/v2\/pages\/8522","targetHints":{"allow":["GET"]}}],"collection":[{"href":"https:\/\/sp1hrubieszow.pl\/index.php\/wp-json\/wp\/v2\/pages"}],"about":[{"href":"https:\/\/sp1hrubieszow.pl\/index.php\/wp-json\/wp\/v2\/types\/page"}],"author":[{"embeddable":true,"href":"https:\/\/sp1hrubieszow.pl\/index.php\/wp-json\/wp\/v2\/users\/2"}],"replies":[{"embeddable":true,"href":"https:\/\/sp1hrubieszow.pl\/index.php\/wp-json\/wp\/v2\/comments?post=8522"}],"version-history":[{"count":1,"href":"https:\/\/sp1hrubieszow.pl\/index.php\/wp-json\/wp\/v2\/pages\/8522\/revisions"}],"predecessor-version":[{"id":8523,"href":"https:\/\/sp1hrubieszow.pl\/index.php\/wp-json\/wp\/v2\/pages\/8522\/revisions\/8523"}],"up":[{"embeddable":true,"href":"https:\/\/sp1hrubieszow.pl\/index.php\/wp-json\/wp\/v2\/pages\/5983"}],"wp:attachment":[{"href":"https:\/\/sp1hrubieszow.pl\/index.php\/wp-json\/wp\/v2\/media?parent=8522"}],"curies":[{"name":"wp","href":"https:\/\/api.w.org\/{rel}","templated":true}]}}