{"id":8505,"date":"2021-03-15T18:21:39","date_gmt":"2021-03-15T17:21:39","guid":{"rendered":"http:\/\/sp1.hrubieszow.info\/?page_id=8505"},"modified":"2021-03-15T18:25:25","modified_gmt":"2021-03-15T17:25:25","slug":"swiatowy-dzien-matematyki","status":"publish","type":"page","link":"https:\/\/sp1hrubieszow.pl\/index.php\/kronika-2020-2021\/swiatowy-dzien-matematyki\/","title":{"rendered":"\u015awiatowy Dzie\u0144 Matematyki"},"content":{"rendered":"\n<div class=\"kvgmc6g5 cxmmr5t8 oygrvhab hcukyx3x c1et5uql ii04i59q\">\n<div dir=\"auto\"><span style=\"color: #000080;\">W ramach \u015awiatowego Dnia Matematyki w naszej szkole zosta\u0142 og\u0142oszony konkurs na plakat\/wiersz\/filmik promuj\u0105cy matematyk\u0119. Dzi\u0119kujemy wszystkim uczniom bior\u0105cym udzia\u0142 w konkursie:)<\/span><\/div>\n<\/div>\n<div class=\"o9v6fnle cxmmr5t8 oygrvhab hcukyx3x c1et5uql ii04i59q\">\n<div dir=\"auto\"><span style=\"color: #000080;\">Wyniki konkursu:<\/span><\/div>\n<\/div>\n<div class=\"o9v6fnle cxmmr5t8 oygrvhab hcukyx3x c1et5uql ii04i59q\">\n<div dir=\"auto\"><span style=\"color: #000080;\">Klasy 0-3<\/span><\/div>\n<\/div>\n<div class=\"o9v6fnle cxmmr5t8 oygrvhab hcukyx3x c1et5uql ii04i59q\">\n<div dir=\"auto\"><span style=\"color: #000080;\">I miejsce: Patrycja Kotko klasa 1a<\/span><\/div>\n<div dir=\"auto\"><span style=\"color: #000080;\">II miejsce: Krystian Szymczuk klasa 3c<\/span><\/div>\n<div dir=\"auto\"><span style=\"color: #000080;\">III miejsce: Paula Wilczy\u0144ska klasa 3a<\/span><\/div>\n<\/div>\n<div class=\"o9v6fnle cxmmr5t8 oygrvhab hcukyx3x c1et5uql ii04i59q\">\n<div dir=\"auto\"><span style=\"color: #000080;\">Wyr\u00f3\u017cnienia:<\/span><\/div>\n<\/div>\n<div class=\"o9v6fnle cxmmr5t8 oygrvhab hcukyx3x c1et5uql ii04i59q\">\n<div dir=\"auto\"><span style=\"color: #000080;\">Jakub Karpiuk klasa 0<\/span><\/div>\n<div dir=\"auto\"><span style=\"color: #000080;\">Jagoda Szczepanik klasa 1a<\/span><\/div>\n<div dir=\"auto\"><span style=\"color: #000080;\">Adam \u0141opatiuk klasa 2a<\/span><\/div>\n<\/div>\n<div class=\"o9v6fnle cxmmr5t8 oygrvhab hcukyx3x c1et5uql ii04i59q\">\n<div dir=\"auto\"><span style=\"color: #000080;\">Klasy 4-8<\/span><\/div>\n<div dir=\"auto\"><span style=\"color: #000080;\">I miejsce: Oskar Urbaniak klasa 4a<\/span><\/div>\n<div dir=\"auto\"><span style=\"color: #000080;\">II miejsce: Wiktor Konopko klasa 5a<\/span><\/div>\n<div dir=\"auto\"><span style=\"color: #000080;\">III miejsce: Marcel Filipczuk klasa 4a<\/span><\/div>\n<\/div>\n<div class=\"o9v6fnle cxmmr5t8 oygrvhab hcukyx3x c1et5uql ii04i59q\">\n<div dir=\"auto\"><span style=\"color: #000080;\">Wyr\u00f3\u017cnienia:<\/span><\/div>\n<div dir=\"auto\"><span style=\"color: #000080;\">Nikola Czulak klasa 7b<\/span><\/div>\n<div dir=\"auto\"><span style=\"color: #000080;\">Agata Czjkowska klasa 8c<\/span><\/div>\n<div dir=\"auto\"><span style=\"color: #000080;\">Jakub Chomiak klasa 7c<\/span><\/div>\n<\/div>\n<div class=\"o9v6fnle cxmmr5t8 oygrvhab hcukyx3x c1et5uql ii04i59q\">\n<div dir=\"auto\"><span style=\"color: #000080;\">W kategorii wiersz:<\/span><\/div>\n<div dir=\"auto\"><span style=\"color: #000080;\">I miejsce: Alicja Go\u0142awska klasa 8a<\/span><\/div>\n<div dir=\"auto\"><span style=\"color: #000080;\">II miejsce: Jan K\u0142odzi\u0144ski klasa 8a<\/span><\/div>\n<\/div>\n<div class=\"o9v6fnle cxmmr5t8 oygrvhab hcukyx3x c1et5uql ii04i59q\">\n<div dir=\"auto\"><span style=\"color: #000080;\">W kategorii filmik<\/span><\/div>\n<\/div>\n<div class=\"o9v6fnle cxmmr5t8 oygrvhab hcukyx3x c1et5uql ii04i59q\">\n<div dir=\"auto\"><span style=\"color: #000080;\">Mateusz Kornaszewski klasa 6a<\/span><\/div>\n<\/div>\n<div class=\"o9v6fnle cxmmr5t8 oygrvhab hcukyx3x c1et5uql ii04i59q\">\n<div dir=\"auto\"><span style=\"color: #000080;\">Gratulujemy !!!<\/span><\/div>\n<\/div>\n<div class=\"o9v6fnle cxmmr5t8 oygrvhab hcukyx3x c1et5uql ii04i59q\">\n<div dir=\"auto\"><span style=\"color: #000080;\">Jeszcze raz dzi\u0119kujemy za udzia\u0142 i zapraszamy do obejrzenia filmiku z pracami uczni\u00f3w.<\/span><\/div>\n<div dir=\"auto\">&nbsp;<\/div>\n<\/div>\n<p><span style=\"color: #000080;\"><strong><a style=\"color: #000080;\" href=\"https:\/\/animoto.com\/play\/KWyShUjpjhMPu4jFbA5fzQ?fbclid=IwAR27MMFAunGgqoG6JfCwT7FYLI97Ci4pOA1ILliKIUkbcoBdtCf68KVG5xo\">\u015awiatowy Dzie\u0144 Matematyki &#8211; Animoto<\/a><\/strong><\/span><\/p>\n","protected":false},"excerpt":{"rendered":"<p>W ramach \u015awiatowego Dnia Matematyki w naszej szkole zosta\u0142 og\u0142oszony konkurs na plakat\/wiersz\/filmik promuj\u0105cy matematyk\u0119. Dzi\u0119kujemy wszystkim uczniom bior\u0105cym udzia\u0142 w konkursie:) Wyniki konkursu: Klasy 0-3 I miejsce: Patrycja Kotko klasa 1a II miejsce: Krystian Szymczuk klasa 3c III miejsce: Paula Wilczy\u0144ska klasa 3a Wyr\u00f3\u017cnienia: Jakub Karpiuk klasa 0 Jagoda Szczepanik klasa 1a Adam \u0141opatiuk [&hellip;]<\/p>\n","protected":false},"author":2,"featured_media":0,"parent":5983,"menu_order":0,"comment_status":"closed","ping_status":"closed","template":"","meta":{"ngg_post_thumbnail":0,"footnotes":""},"class_list":["post-8505","page","type-page","status-publish","hentry"],"_links":{"self":[{"href":"https:\/\/sp1hrubieszow.pl\/index.php\/wp-json\/wp\/v2\/pages\/8505","targetHints":{"allow":["GET"]}}],"collection":[{"href":"https:\/\/sp1hrubieszow.pl\/index.php\/wp-json\/wp\/v2\/pages"}],"about":[{"href":"https:\/\/sp1hrubieszow.pl\/index.php\/wp-json\/wp\/v2\/types\/page"}],"author":[{"embeddable":true,"href":"https:\/\/sp1hrubieszow.pl\/index.php\/wp-json\/wp\/v2\/users\/2"}],"replies":[{"embeddable":true,"href":"https:\/\/sp1hrubieszow.pl\/index.php\/wp-json\/wp\/v2\/comments?post=8505"}],"version-history":[{"count":3,"href":"https:\/\/sp1hrubieszow.pl\/index.php\/wp-json\/wp\/v2\/pages\/8505\/revisions"}],"predecessor-version":[{"id":8510,"href":"https:\/\/sp1hrubieszow.pl\/index.php\/wp-json\/wp\/v2\/pages\/8505\/revisions\/8510"}],"up":[{"embeddable":true,"href":"https:\/\/sp1hrubieszow.pl\/index.php\/wp-json\/wp\/v2\/pages\/5983"}],"wp:attachment":[{"href":"https:\/\/sp1hrubieszow.pl\/index.php\/wp-json\/wp\/v2\/media?parent=8505"}],"curies":[{"name":"wp","href":"https:\/\/api.w.org\/{rel}","templated":true}]}}