{"id":8500,"date":"2021-03-15T15:37:47","date_gmt":"2021-03-15T14:37:47","guid":{"rendered":"http:\/\/sp1.hrubieszow.info\/?page_id=8500"},"modified":"2021-03-15T15:38:05","modified_gmt":"2021-03-15T14:38:05","slug":"badanie-ankietowe","status":"publish","type":"page","link":"https:\/\/sp1hrubieszow.pl\/index.php\/kronika-2020-2021\/badanie-ankietowe\/","title":{"rendered":"Badanie ankietowe"},"content":{"rendered":"\n<p><span style=\"color: #000080;\"><strong>&#8222;Wp\u0142ywu ekspozycji na ekrany urz\u0105dze\u0144 elektronicznych na zachowania prozdrowotne w wieku rozwojowym&#8221;<\/strong><\/span><\/p>\n<p><span style=\"color: #000080;\"><strong>Szanowni rodzice!<\/strong><\/span><\/p>\n<p><span style=\"color: #000080;\">Studenckie Ko\u0142o Naukowe przy Klinice Pediatrii i Gastroenterologii Uniwersytetu Medycznego w Lublinie pod kierunkiem dr n. med. Pauliny Krawiec realizuje badania dotycz\u0105ce \u201eWp\u0142ywu ekspozycji na ekrany urz\u0105dze\u0144 elektronicznych na zachowania prozdrowotne w wieku rozwojowym\u201d. Projekt ma charakter naukowy. Badanie ma na celu sprawdzenie wp\u0142ywu czasu sp\u0119dzonego przed ekranami urz\u0105dze\u0144 elektronicznych na parametry takie jak: masa cia\u0142a, wzrost, jako\u015b\u0107 i d\u0142ugo\u015b\u0107 snu, aktywno\u015b\u0107 fizyczna, nawyki \u017cywieniowe. Badanie polega na anonimowym, dobrowolnym uzupe\u0142nieniu ankiety elektronicznej sk\u0142adaj\u0105cej si\u0119 z kr\u00f3tkich, w wi\u0119kszo\u015bci, zamkni\u0119tych 45 pyta\u0144 (czas wype\u0142niania ankiety zajmie ok. 15 min.)<\/span><\/p>\n<p><a href=\"https:\/\/docs.google.com\/forms\/d\/e\/1FAIpQLSfk_H5U8zKAeE8bIIEaED8F9aHXFFK6Jq9d476Ag6gr62XoXA\/viewform?usp=sf_link\"><strong>https:\/\/docs.google.com\/forms\/d\/e\/1FAIpQLSfk_H5U8zKAeE8bIIEaED8F9aHXFFK6Jq9d476Ag6gr62XoXA\/viewform?usp=sf_link<\/strong><\/a><\/p>\n","protected":false},"excerpt":{"rendered":"<p>&#8222;Wp\u0142ywu ekspozycji na ekrany urz\u0105dze\u0144 elektronicznych na zachowania prozdrowotne w wieku rozwojowym&#8221; Szanowni rodzice! Studenckie Ko\u0142o Naukowe przy Klinice Pediatrii i Gastroenterologii Uniwersytetu Medycznego w Lublinie pod kierunkiem dr n. med. Pauliny Krawiec realizuje badania dotycz\u0105ce \u201eWp\u0142ywu ekspozycji na ekrany urz\u0105dze\u0144 elektronicznych na zachowania prozdrowotne w wieku rozwojowym\u201d. Projekt ma charakter naukowy. Badanie ma na [&hellip;]<\/p>\n","protected":false},"author":2,"featured_media":0,"parent":5983,"menu_order":0,"comment_status":"closed","ping_status":"closed","template":"","meta":{"ngg_post_thumbnail":0,"footnotes":""},"class_list":["post-8500","page","type-page","status-publish","hentry"],"_links":{"self":[{"href":"https:\/\/sp1hrubieszow.pl\/index.php\/wp-json\/wp\/v2\/pages\/8500","targetHints":{"allow":["GET"]}}],"collection":[{"href":"https:\/\/sp1hrubieszow.pl\/index.php\/wp-json\/wp\/v2\/pages"}],"about":[{"href":"https:\/\/sp1hrubieszow.pl\/index.php\/wp-json\/wp\/v2\/types\/page"}],"author":[{"embeddable":true,"href":"https:\/\/sp1hrubieszow.pl\/index.php\/wp-json\/wp\/v2\/users\/2"}],"replies":[{"embeddable":true,"href":"https:\/\/sp1hrubieszow.pl\/index.php\/wp-json\/wp\/v2\/comments?post=8500"}],"version-history":[{"count":1,"href":"https:\/\/sp1hrubieszow.pl\/index.php\/wp-json\/wp\/v2\/pages\/8500\/revisions"}],"predecessor-version":[{"id":8501,"href":"https:\/\/sp1hrubieszow.pl\/index.php\/wp-json\/wp\/v2\/pages\/8500\/revisions\/8501"}],"up":[{"embeddable":true,"href":"https:\/\/sp1hrubieszow.pl\/index.php\/wp-json\/wp\/v2\/pages\/5983"}],"wp:attachment":[{"href":"https:\/\/sp1hrubieszow.pl\/index.php\/wp-json\/wp\/v2\/media?parent=8500"}],"curies":[{"name":"wp","href":"https:\/\/api.w.org\/{rel}","templated":true}]}}