{"id":8477,"date":"2021-03-13T17:06:19","date_gmt":"2021-03-13T16:06:19","guid":{"rendered":"http:\/\/sp1.hrubieszow.info\/?page_id=8477"},"modified":"2021-03-13T17:07:03","modified_gmt":"2021-03-13T16:07:03","slug":"lapbooki-klasy-5a","status":"publish","type":"page","link":"https:\/\/sp1hrubieszow.pl\/index.php\/kronika-2020-2021\/lapbooki-klasy-5a\/","title":{"rendered":"Lapbooki klasy 5a"},"content":{"rendered":"\n<p><span style=\"color: #000080;\">Uczniowie klasy 5a na lekcjach j\u0119zyka polskiego, stworzyli w\u0142asne lapbooki, kt\u00f3rych motywem przewodnim by\u0142a lektura &nbsp;C.S.Lewisa \u201eOpowie\u015bci z Narnii. Lew, czarownica i&nbsp;stara szafa\u201d. &nbsp;Lapbooki to w wolnym t\u0142umaczeniu&nbsp;<em>ksi\u0105\u017cki na kolanach. S<\/em>tworzone przez uczni\u00f3w zawieraj\u0105 najwa\u017cniejsze informacje na temat lektury, jej bohater\u00f3w, a tak\u017ce wydarze\u0144 zawartych w fabule. Jak wida\u0107 na za\u0142\u0105czonych fotografiach uczniowie&nbsp;wykazali si\u0119 du\u017c\u0105 kreatywno\u015bci\u0105 i znajomo\u015bci\u0105 lektury.<\/span><\/p>\nngg_shortcode_0_placeholder\n","protected":false},"excerpt":{"rendered":"<p>Uczniowie klasy 5a na lekcjach j\u0119zyka polskiego, stworzyli w\u0142asne lapbooki, kt\u00f3rych motywem przewodnim by\u0142a lektura &nbsp;C.S.Lewisa \u201eOpowie\u015bci z Narnii. Lew, czarownica i&nbsp;stara szafa\u201d. &nbsp;Lapbooki to w wolnym t\u0142umaczeniu&nbsp;ksi\u0105\u017cki na kolanach. Stworzone przez uczni\u00f3w zawieraj\u0105 najwa\u017cniejsze informacje na temat lektury, jej bohater\u00f3w, a tak\u017ce wydarze\u0144 zawartych w fabule. Jak wida\u0107 na za\u0142\u0105czonych fotografiach uczniowie&nbsp;wykazali si\u0119 du\u017c\u0105 [&hellip;]<\/p>\n","protected":false},"author":2,"featured_media":0,"parent":5983,"menu_order":0,"comment_status":"closed","ping_status":"closed","template":"","meta":{"ngg_post_thumbnail":0,"footnotes":""},"class_list":["post-8477","page","type-page","status-publish","hentry"],"_links":{"self":[{"href":"https:\/\/sp1hrubieszow.pl\/index.php\/wp-json\/wp\/v2\/pages\/8477","targetHints":{"allow":["GET"]}}],"collection":[{"href":"https:\/\/sp1hrubieszow.pl\/index.php\/wp-json\/wp\/v2\/pages"}],"about":[{"href":"https:\/\/sp1hrubieszow.pl\/index.php\/wp-json\/wp\/v2\/types\/page"}],"author":[{"embeddable":true,"href":"https:\/\/sp1hrubieszow.pl\/index.php\/wp-json\/wp\/v2\/users\/2"}],"replies":[{"embeddable":true,"href":"https:\/\/sp1hrubieszow.pl\/index.php\/wp-json\/wp\/v2\/comments?post=8477"}],"version-history":[{"count":1,"href":"https:\/\/sp1hrubieszow.pl\/index.php\/wp-json\/wp\/v2\/pages\/8477\/revisions"}],"predecessor-version":[{"id":8478,"href":"https:\/\/sp1hrubieszow.pl\/index.php\/wp-json\/wp\/v2\/pages\/8477\/revisions\/8478"}],"up":[{"embeddable":true,"href":"https:\/\/sp1hrubieszow.pl\/index.php\/wp-json\/wp\/v2\/pages\/5983"}],"wp:attachment":[{"href":"https:\/\/sp1hrubieszow.pl\/index.php\/wp-json\/wp\/v2\/media?parent=8477"}],"curies":[{"name":"wp","href":"https:\/\/api.w.org\/{rel}","templated":true}]}}