{"id":8432,"date":"2021-03-11T21:32:18","date_gmt":"2021-03-11T20:32:18","guid":{"rendered":"http:\/\/sp1.hrubieszow.info\/?page_id=8432"},"modified":"2021-03-11T21:33:11","modified_gmt":"2021-03-11T20:33:11","slug":"zapros-mnie-na-swoja-lekcje","status":"publish","type":"page","link":"https:\/\/sp1hrubieszow.pl\/index.php\/kronika-2020-2021\/zapros-mnie-na-swoja-lekcje\/","title":{"rendered":"Zapro\u015b mnie na swoj\u0105 lekcj\u0119"},"content":{"rendered":"\n<p><span style=\"color: #000080;\">W ramach og\u00f3lnopolskiego projektu &#8222;Zapro\u015b mnie na swoj\u0105 lekcj\u0119&#8221; klasa 8c uczestniczy\u0142a w ciekawych zaj\u0119ciach: Lekcja j\u0119zyka polskiego na Dzie\u0144 Kobiet &#8211; o nazwach \u017ce\u0144skich. Spotkanie prowadzi\u0142 pan Micha\u0142 Kr\u0119cichwost. Zaj\u0119cia by\u0142y bardzo ciekawe i bogate w wiadomo\u015bci. Uczniowie mogli pos\u0142ucha\u0107 o feminatywach oraz prze\u0107wiczy\u0107 swoje umiej\u0119tno\u015bci. To by\u0142a pierwsza taka nasza lekcja, ale mamy nadziej\u0119, \u017ce nie ostatnia.&nbsp;<\/span><\/p>\n<p><a href=\"http:\/\/sp1.hrubieszow.info\/wp-content\/uploads\/2021\/03\/Podzi\u0119kowanie-SP-w-Hrubieszowie.pdf\"><span style=\"color: #000080;\"><strong>Podzi\u0119kowanie &#8211; SP w Hrubieszowie<\/strong><\/span><\/a><\/p>\nngg_shortcode_0_placeholder\n","protected":false},"excerpt":{"rendered":"<p>W ramach og\u00f3lnopolskiego projektu &#8222;Zapro\u015b mnie na swoj\u0105 lekcj\u0119&#8221; klasa 8c uczestniczy\u0142a w ciekawych zaj\u0119ciach: Lekcja j\u0119zyka polskiego na Dzie\u0144 Kobiet &#8211; o nazwach \u017ce\u0144skich. Spotkanie prowadzi\u0142 pan Micha\u0142 Kr\u0119cichwost. Zaj\u0119cia by\u0142y bardzo ciekawe i bogate w wiadomo\u015bci. Uczniowie mogli pos\u0142ucha\u0107 o feminatywach oraz prze\u0107wiczy\u0107 swoje umiej\u0119tno\u015bci. To by\u0142a pierwsza taka nasza lekcja, ale mamy [&hellip;]<\/p>\n","protected":false},"author":2,"featured_media":0,"parent":5983,"menu_order":0,"comment_status":"closed","ping_status":"closed","template":"","meta":{"ngg_post_thumbnail":0,"footnotes":""},"class_list":["post-8432","page","type-page","status-publish","hentry"],"_links":{"self":[{"href":"https:\/\/sp1hrubieszow.pl\/index.php\/wp-json\/wp\/v2\/pages\/8432","targetHints":{"allow":["GET"]}}],"collection":[{"href":"https:\/\/sp1hrubieszow.pl\/index.php\/wp-json\/wp\/v2\/pages"}],"about":[{"href":"https:\/\/sp1hrubieszow.pl\/index.php\/wp-json\/wp\/v2\/types\/page"}],"author":[{"embeddable":true,"href":"https:\/\/sp1hrubieszow.pl\/index.php\/wp-json\/wp\/v2\/users\/2"}],"replies":[{"embeddable":true,"href":"https:\/\/sp1hrubieszow.pl\/index.php\/wp-json\/wp\/v2\/comments?post=8432"}],"version-history":[{"count":1,"href":"https:\/\/sp1hrubieszow.pl\/index.php\/wp-json\/wp\/v2\/pages\/8432\/revisions"}],"predecessor-version":[{"id":8433,"href":"https:\/\/sp1hrubieszow.pl\/index.php\/wp-json\/wp\/v2\/pages\/8432\/revisions\/8433"}],"up":[{"embeddable":true,"href":"https:\/\/sp1hrubieszow.pl\/index.php\/wp-json\/wp\/v2\/pages\/5983"}],"wp:attachment":[{"href":"https:\/\/sp1hrubieszow.pl\/index.php\/wp-json\/wp\/v2\/media?parent=8432"}],"curies":[{"name":"wp","href":"https:\/\/api.w.org\/{rel}","templated":true}]}}