{"id":8417,"date":"2021-03-11T20:56:45","date_gmt":"2021-03-11T19:56:45","guid":{"rendered":"http:\/\/sp1.hrubieszow.info\/?page_id=8417"},"modified":"2021-03-11T20:57:15","modified_gmt":"2021-03-11T19:57:15","slug":"uczennice-ze-szkoly-podstawowej-nr-1-w-hrubieszowie-w-ogolnopolskim-projekcie-akademia-szkolnych-liderow-przyszlosci","status":"publish","type":"page","link":"https:\/\/sp1hrubieszow.pl\/index.php\/kronika-2020-2021\/uczennice-ze-szkoly-podstawowej-nr-1-w-hrubieszowie-w-ogolnopolskim-projekcie-akademia-szkolnych-liderow-przyszlosci\/","title":{"rendered":"Uczennice ze Szko\u0142y Podstawowej Nr 1 w Hrubieszowie   w og\u00f3lnopolskim projekcie \u201eAkademia Szkolnych Lider\u00f3w Przysz\u0142o\u015bci\u201d!"},"content":{"rendered":"\n<div dir=\"auto\"><span style=\"color: #000080;\"><img loading=\"lazy\" decoding=\"async\" class=\"size-medium wp-image-8406 aligncenter\" src=\"http:\/\/sp1.hrubieszow.info\/wp-content\/uploads\/2021\/03\/111-300x169.png\" alt=\"\" width=\"300\" height=\"169\" srcset=\"https:\/\/sp1hrubieszow.pl\/wp-content\/uploads\/2021\/03\/111-300x169.png 300w, https:\/\/sp1hrubieszow.pl\/wp-content\/uploads\/2021\/03\/111-768x432.png 768w, https:\/\/sp1hrubieszow.pl\/wp-content\/uploads\/2021\/03\/111-1024x576.png 1024w, https:\/\/sp1hrubieszow.pl\/wp-content\/uploads\/2021\/03\/111-624x351.png 624w, https:\/\/sp1hrubieszow.pl\/wp-content\/uploads\/2021\/03\/111.png 1920w\" sizes=\"auto, (max-width: 300px) 100vw, 300px\" \/>Szko\u0142a Podstawowa Nr 1 w Hrubieszowie zosta\u0142a zakwalifikowana do udzia\u0142u w projekcie \u201eAkademia Szkolnych Lider\u00f3w Przysz\u0142o\u015bci\u201d, przebiegaj\u0105cym pod patronatem Instytutu Edukacji Pozytywnej- organizatora programu \u201eSzko\u0142a My\u015blenia Pozytywnego\u201d. Dru\u017cyna z SP1 przesz\u0142a proces rekrutacyjny i jest jedn\u0105 z 17 dru\u017cyn szk\u00f3\u0142 podstawowych z ca\u0142ej Polski. W og\u00f3lnopolskim projekcie \u201eAkademia Szkolnych Lider\u00f3w Przysz\u0142o\u015bci\u201d, Szko\u0142\u0119 Podstawow\u0105 Nr 1 reprezentowa\u0107 b\u0119d\u0105 uczennice: Aleksandra Szymko, Wiktoria Najfeld oraz Stefania Suchecka, cz\u0142onkinie Szkolnego Klubu Mediatora. Dziewcz\u0119ta rozpocz\u0119\u0142y ju\u017c cykl szkole\u0144 i warsztat\u00f3w on-line.<\/span><\/div>\n<div dir=\"auto\"><span style=\"color: #000080;\">W czasie zaj\u0119\u0107 warsztatowych z trenerami i go\u015b\u0107mi specjalnymi a tak\u017ce spotka\u0144 z liderami spo\u0142ecznymi, grupa projektowa nab\u0119dzie umiej\u0119tno\u015bci w zakresie obszar\u00f3w: komunikacji, wsp\u00f3\u0142pracy, kreatywno\u015bci, innowacyjno\u015bci i przyw\u00f3dztwa. Uczennice b\u0119d\u0105 mia\u0142y za zadanie opracowa\u0107 projekt spo\u0142eczny, kt\u00f3ry docelowo mo\u017ce by\u0107 zrealizowany w najbli\u017cszym otoczeniu. Organizatorzy zaplanowali Gal\u0119 projektu dla najciekawszych pomys\u0142\u00f3w projektowych. Korzy\u015bci dla uczestnik\u00f3w, p\u0142yn\u0105ce z udzia\u0142u w projekcie to: poznanie swoich mocnych stron, rozwini\u0119cie umiej\u0119tno\u015bci liderskich, praktyczna nauka realizacji swoich plan\u00f3w i pomys\u0142\u00f3w, rozwini\u0119cie umiej\u0119tno\u015bci pracy w grupie, poznanie sposob\u00f3w radzenia sobie z wyzwaniami a tak\u017ce nowe kontakty z grup\u0105 lider\u00f3w w ca\u0142ej Polsce.<\/span><\/div>\n<div dir=\"auto\"><span style=\"color: #000080;\">Ola, Wiktoria i Stefcia wzi\u0119\u0142y udzia\u0142 w pierwszych zaj\u0119ciach w ramach Akademii, kolejne spotkania przybli\u017c\u0105 je do wymarzonego celu, by zosta\u0107 Szkolnym Liderem Przysz\u0142o\u015bci, ale przede wszystkim, by zrobi\u0107 co\u015b wa\u017cnego i potrzebnego na rzecz innych w swoim najbli\u017cszym otoczeniu. Trzymamy kciuki!<span class=\"pq6dq46d tbxw36s4 knj5qynh kvgmc6g5 ditlmg2l oygrvhab nvdbi5me sf5mxxl7 gl3lb2sf hhz5lgdu\"><img loading=\"lazy\" decoding=\"async\" src=\"https:\/\/static.xx.fbcdn.net\/images\/emoji.php\/v9\/teb\/2\/16\/1f642.png\" alt=\"?\" width=\"16\" height=\"16\"><\/span><\/span><\/div>\n<div dir=\"auto\"><span style=\"color: #000080;\">Opiekun grupy projektowej- Marta Kuczy\u0144ska, pedagog szkolny, koordynator programu \u201eSzko\u0142a My\u015blenia Pozytywnego&#8221;.<\/span><\/div>\n<div dir=\"auto\">\nngg_shortcode_0_placeholder\n<\/div>\n","protected":false},"excerpt":{"rendered":"<p>Szko\u0142a Podstawowa Nr 1 w Hrubieszowie zosta\u0142a zakwalifikowana do udzia\u0142u w projekcie \u201eAkademia Szkolnych Lider\u00f3w Przysz\u0142o\u015bci\u201d, przebiegaj\u0105cym pod patronatem Instytutu Edukacji Pozytywnej- organizatora programu \u201eSzko\u0142a My\u015blenia Pozytywnego\u201d. Dru\u017cyna z SP1 przesz\u0142a proces rekrutacyjny i jest jedn\u0105 z 17 dru\u017cyn szk\u00f3\u0142 podstawowych z ca\u0142ej Polski. W og\u00f3lnopolskim projekcie \u201eAkademia Szkolnych Lider\u00f3w Przysz\u0142o\u015bci\u201d, Szko\u0142\u0119 Podstawow\u0105 Nr 1 [&hellip;]<\/p>\n","protected":false},"author":2,"featured_media":0,"parent":5983,"menu_order":0,"comment_status":"closed","ping_status":"closed","template":"","meta":{"ngg_post_thumbnail":0,"footnotes":""},"class_list":["post-8417","page","type-page","status-publish","hentry"],"_links":{"self":[{"href":"https:\/\/sp1hrubieszow.pl\/index.php\/wp-json\/wp\/v2\/pages\/8417","targetHints":{"allow":["GET"]}}],"collection":[{"href":"https:\/\/sp1hrubieszow.pl\/index.php\/wp-json\/wp\/v2\/pages"}],"about":[{"href":"https:\/\/sp1hrubieszow.pl\/index.php\/wp-json\/wp\/v2\/types\/page"}],"author":[{"embeddable":true,"href":"https:\/\/sp1hrubieszow.pl\/index.php\/wp-json\/wp\/v2\/users\/2"}],"replies":[{"embeddable":true,"href":"https:\/\/sp1hrubieszow.pl\/index.php\/wp-json\/wp\/v2\/comments?post=8417"}],"version-history":[{"count":1,"href":"https:\/\/sp1hrubieszow.pl\/index.php\/wp-json\/wp\/v2\/pages\/8417\/revisions"}],"predecessor-version":[{"id":8418,"href":"https:\/\/sp1hrubieszow.pl\/index.php\/wp-json\/wp\/v2\/pages\/8417\/revisions\/8418"}],"up":[{"embeddable":true,"href":"https:\/\/sp1hrubieszow.pl\/index.php\/wp-json\/wp\/v2\/pages\/5983"}],"wp:attachment":[{"href":"https:\/\/sp1hrubieszow.pl\/index.php\/wp-json\/wp\/v2\/media?parent=8417"}],"curies":[{"name":"wp","href":"https:\/\/api.w.org\/{rel}","templated":true}]}}