{"id":8400,"date":"2021-03-10T19:58:48","date_gmt":"2021-03-10T18:58:48","guid":{"rendered":"http:\/\/sp1.hrubieszow.info\/?page_id=8400"},"modified":"2021-03-10T20:01:49","modified_gmt":"2021-03-10T19:01:49","slug":"plebiscyt-na-super-kolezanke","status":"publish","type":"page","link":"https:\/\/sp1hrubieszow.pl\/index.php\/kronika-2020-2021\/plebiscyt-na-super-kolezanke\/","title":{"rendered":"Plebiscyt na \u201eSuper Kole\u017cank\u0119\u201d"},"content":{"rendered":"\n<p><span style=\"color: #000080;\">8 marca w klasach 0 &#8211; 3 uczcili\u015bmy Dzie\u0144 Kobiet. Ch\u0142opcy z\u0142o\u017cyli dziewczynkom \u017cyczenia i wr\u0119czyli drobne upominki. Ma\u0142y Samorz\u0105d Uczniowski og\u0142osi\u0142 wyniki plebiscytu na \u201eSuper Kole\u017cank\u0119\u201d, kt\u00f3rego celem by\u0142o kszta\u0142towanie prawid\u0142owych relacji i zachowa\u0144 mi\u0119dzy uczniami. A wyb\u00f3r na pewno nie by\u0142 \u0142atwy! Laureatkami zosta\u0142y <strong>Eliza Su\u0142ek<\/strong> \u2013 grupa 0, <strong>Jagoda Szczepanik<\/strong> \u2013 kl. 1 a, <strong>Paulina Karcz<\/strong> \u2013 kl. 2 a, <strong>Lena Pilipczuk<\/strong> \u2013 kl. 2 b, <strong>Maria Stepaniuk<\/strong> \u2013 kl. 2 c, <strong>Maja Klimkowska<\/strong> \u2013 kl. 3 a, <strong>Julia Kiszel<\/strong> \u2013 kl. 3 b, <strong>Nikola Malon<\/strong> \u2013 kl. 3 c. Uczennicom zosta\u0142y wr\u0119czone pami\u0105tkowe dyplomy oraz ksi\u0105\u017cki i s\u0142odycze.<\/span><\/p>\n<p><span style=\"color: #000080;\">Gratulujemy!!!<\/span><\/p>\nngg_shortcode_0_placeholder\n","protected":false},"excerpt":{"rendered":"<p>8 marca w klasach 0 &#8211; 3 uczcili\u015bmy Dzie\u0144 Kobiet. Ch\u0142opcy z\u0142o\u017cyli dziewczynkom \u017cyczenia i wr\u0119czyli drobne upominki. Ma\u0142y Samorz\u0105d Uczniowski og\u0142osi\u0142 wyniki plebiscytu na \u201eSuper Kole\u017cank\u0119\u201d, kt\u00f3rego celem by\u0142o kszta\u0142towanie prawid\u0142owych relacji i zachowa\u0144 mi\u0119dzy uczniami. A wyb\u00f3r na pewno nie by\u0142 \u0142atwy! Laureatkami zosta\u0142y Eliza Su\u0142ek \u2013 grupa 0, Jagoda Szczepanik \u2013 kl. [&hellip;]<\/p>\n","protected":false},"author":2,"featured_media":0,"parent":5983,"menu_order":0,"comment_status":"closed","ping_status":"closed","template":"","meta":{"ngg_post_thumbnail":0,"footnotes":""},"class_list":["post-8400","page","type-page","status-publish","hentry"],"_links":{"self":[{"href":"https:\/\/sp1hrubieszow.pl\/index.php\/wp-json\/wp\/v2\/pages\/8400","targetHints":{"allow":["GET"]}}],"collection":[{"href":"https:\/\/sp1hrubieszow.pl\/index.php\/wp-json\/wp\/v2\/pages"}],"about":[{"href":"https:\/\/sp1hrubieszow.pl\/index.php\/wp-json\/wp\/v2\/types\/page"}],"author":[{"embeddable":true,"href":"https:\/\/sp1hrubieszow.pl\/index.php\/wp-json\/wp\/v2\/users\/2"}],"replies":[{"embeddable":true,"href":"https:\/\/sp1hrubieszow.pl\/index.php\/wp-json\/wp\/v2\/comments?post=8400"}],"version-history":[{"count":2,"href":"https:\/\/sp1hrubieszow.pl\/index.php\/wp-json\/wp\/v2\/pages\/8400\/revisions"}],"predecessor-version":[{"id":8403,"href":"https:\/\/sp1hrubieszow.pl\/index.php\/wp-json\/wp\/v2\/pages\/8400\/revisions\/8403"}],"up":[{"embeddable":true,"href":"https:\/\/sp1hrubieszow.pl\/index.php\/wp-json\/wp\/v2\/pages\/5983"}],"wp:attachment":[{"href":"https:\/\/sp1hrubieszow.pl\/index.php\/wp-json\/wp\/v2\/media?parent=8400"}],"curies":[{"name":"wp","href":"https:\/\/api.w.org\/{rel}","templated":true}]}}