{"id":8372,"date":"2021-03-08T05:48:19","date_gmt":"2021-03-08T04:48:19","guid":{"rendered":"http:\/\/sp1.hrubieszow.info\/?page_id=8372"},"modified":"2021-03-08T18:13:08","modified_gmt":"2021-03-08T17:13:08","slug":"zyczenia-z-okazji-dnia-kobiet","status":"publish","type":"page","link":"https:\/\/sp1hrubieszow.pl\/index.php\/kronika-2020-2021\/zyczenia-z-okazji-dnia-kobiet\/","title":{"rendered":"\u017byczenia z okazji Dnia Kobiet"},"content":{"rendered":"\n<p><img loading=\"lazy\" decoding=\"async\" class=\"size-full wp-image-8371 aligncenter\" src=\"http:\/\/sp1.hrubieszow.info\/wp-content\/uploads\/2021\/03\/dz.k.jpg\" alt=\"\" width=\"154\" height=\"206\"><\/p>\n<p><span style=\"color: #000080;\">Z okazji Dnia Kobiet wychowankowie \u015bwietlicy sk\u0142adaj\u0105 wszystkim paniom najserdeczniejsze \u017cyczenia. U\u015bmiechu na ustach, rado\u015bci w sercu i pomy\u015blno\u015bci ka\u017cdego dnia.<\/span><\/p>\n<p><span style=\"color: #000080;\"><strong><a style=\"color: #000080;\" href=\"http:\/\/sp1.hrubieszow.info\/wp-content\/uploads\/2021\/03\/dzie\u0144-kobiet-2021.docx\">Dzie\u0144 Kobiet &#8211; \u017cyczenia od SU<\/a><\/strong><\/span><\/p>\n<p>&nbsp;<\/p>\n","protected":false},"excerpt":{"rendered":"<p>Z okazji Dnia Kobiet wychowankowie \u015bwietlicy sk\u0142adaj\u0105 wszystkim paniom najserdeczniejsze \u017cyczenia. U\u015bmiechu na ustach, rado\u015bci w sercu i pomy\u015blno\u015bci ka\u017cdego dnia. Dzie\u0144 Kobiet &#8211; \u017cyczenia od SU &nbsp;<\/p>\n","protected":false},"author":2,"featured_media":0,"parent":5983,"menu_order":0,"comment_status":"closed","ping_status":"closed","template":"","meta":{"ngg_post_thumbnail":0,"footnotes":""},"class_list":["post-8372","page","type-page","status-publish","hentry"],"_links":{"self":[{"href":"https:\/\/sp1hrubieszow.pl\/index.php\/wp-json\/wp\/v2\/pages\/8372","targetHints":{"allow":["GET"]}}],"collection":[{"href":"https:\/\/sp1hrubieszow.pl\/index.php\/wp-json\/wp\/v2\/pages"}],"about":[{"href":"https:\/\/sp1hrubieszow.pl\/index.php\/wp-json\/wp\/v2\/types\/page"}],"author":[{"embeddable":true,"href":"https:\/\/sp1hrubieszow.pl\/index.php\/wp-json\/wp\/v2\/users\/2"}],"replies":[{"embeddable":true,"href":"https:\/\/sp1hrubieszow.pl\/index.php\/wp-json\/wp\/v2\/comments?post=8372"}],"version-history":[{"count":2,"href":"https:\/\/sp1hrubieszow.pl\/index.php\/wp-json\/wp\/v2\/pages\/8372\/revisions"}],"predecessor-version":[{"id":8375,"href":"https:\/\/sp1hrubieszow.pl\/index.php\/wp-json\/wp\/v2\/pages\/8372\/revisions\/8375"}],"up":[{"embeddable":true,"href":"https:\/\/sp1hrubieszow.pl\/index.php\/wp-json\/wp\/v2\/pages\/5983"}],"wp:attachment":[{"href":"https:\/\/sp1hrubieszow.pl\/index.php\/wp-json\/wp\/v2\/media?parent=8372"}],"curies":[{"name":"wp","href":"https:\/\/api.w.org\/{rel}","templated":true}]}}