{"id":8365,"date":"2021-03-05T17:59:19","date_gmt":"2021-03-05T16:59:19","guid":{"rendered":"http:\/\/sp1.hrubieszow.info\/?page_id=8365"},"modified":"2021-03-09T18:15:36","modified_gmt":"2021-03-09T17:15:36","slug":"zaproszenie","status":"publish","type":"page","link":"https:\/\/sp1hrubieszow.pl\/index.php\/kronika-2020-2021\/zaproszenie\/","title":{"rendered":"Zaproszenie"},"content":{"rendered":"\n<p><span style=\"color: #000080;\">Uczniowie klasy 3a, wraz z paniami Ma\u0142gorzat\u0105 Serafin i Paulin\u0105 Seweryn, serdecznie zapraszaj\u0105 do obejrzenia filmu przygotowanego z okazji Dnia Kobiet. Niespodzianka pojawi si\u0119 na szkolnym Facebooku w dniu \u015bwi\u0119ta wszystkich pa\u0144 i dziewczynek.<\/span><\/p>\n<p>&nbsp;<\/p>\nngg_shortcode_0_placeholder\n","protected":false},"excerpt":{"rendered":"<p>Uczniowie klasy 3a, wraz z paniami Ma\u0142gorzat\u0105 Serafin i Paulin\u0105 Seweryn, serdecznie zapraszaj\u0105 do obejrzenia filmu przygotowanego z okazji Dnia Kobiet. Niespodzianka pojawi si\u0119 na szkolnym Facebooku w dniu \u015bwi\u0119ta wszystkich pa\u0144 i dziewczynek. &nbsp;<\/p>\n","protected":false},"author":2,"featured_media":0,"parent":5983,"menu_order":0,"comment_status":"closed","ping_status":"closed","template":"","meta":{"ngg_post_thumbnail":0,"footnotes":""},"class_list":["post-8365","page","type-page","status-publish","hentry"],"_links":{"self":[{"href":"https:\/\/sp1hrubieszow.pl\/index.php\/wp-json\/wp\/v2\/pages\/8365","targetHints":{"allow":["GET"]}}],"collection":[{"href":"https:\/\/sp1hrubieszow.pl\/index.php\/wp-json\/wp\/v2\/pages"}],"about":[{"href":"https:\/\/sp1hrubieszow.pl\/index.php\/wp-json\/wp\/v2\/types\/page"}],"author":[{"embeddable":true,"href":"https:\/\/sp1hrubieszow.pl\/index.php\/wp-json\/wp\/v2\/users\/2"}],"replies":[{"embeddable":true,"href":"https:\/\/sp1hrubieszow.pl\/index.php\/wp-json\/wp\/v2\/comments?post=8365"}],"version-history":[{"count":2,"href":"https:\/\/sp1hrubieszow.pl\/index.php\/wp-json\/wp\/v2\/pages\/8365\/revisions"}],"predecessor-version":[{"id":8396,"href":"https:\/\/sp1hrubieszow.pl\/index.php\/wp-json\/wp\/v2\/pages\/8365\/revisions\/8396"}],"up":[{"embeddable":true,"href":"https:\/\/sp1hrubieszow.pl\/index.php\/wp-json\/wp\/v2\/pages\/5983"}],"wp:attachment":[{"href":"https:\/\/sp1hrubieszow.pl\/index.php\/wp-json\/wp\/v2\/media?parent=8365"}],"curies":[{"name":"wp","href":"https:\/\/api.w.org\/{rel}","templated":true}]}}