{"id":8351,"date":"2021-03-04T18:18:26","date_gmt":"2021-03-04T17:18:26","guid":{"rendered":"http:\/\/sp1.hrubieszow.info\/?page_id=8351"},"modified":"2021-03-04T18:23:58","modified_gmt":"2021-03-04T17:23:58","slug":"uwaznosc-w-naszym-zyciu-pierwsze-zadanie-w-ramach-programu-szkola-myslenia-pozytywnego2021","status":"publish","type":"page","link":"https:\/\/sp1hrubieszow.pl\/index.php\/kronika-2020-2021\/uwaznosc-w-naszym-zyciu-pierwsze-zadanie-w-ramach-programu-szkola-myslenia-pozytywnego2021\/","title":{"rendered":"&#8222;Uwa\u017cno\u015b\u0107 w naszym \u017cyciu&#8221;-pierwsze zadanie w ramach programu Szko\u0142a My\u015blenia Pozytywnego&#8217;2021"},"content":{"rendered":"\n<div class=\"o9v6fnle cxmmr5t8 oygrvhab hcukyx3x c1et5uql ii04i59q\">\n<div dir=\"auto\"><span style=\"color: #000080;\">Kilka s\u0142\u00f3w o uwa\u017cno\u015bci:<\/span><\/div>\n<div dir=\"auto\"><span style=\"color: #000080;\">&#8222;Wg autor\u00f3w ksi\u0105\u017cki \u201eUwa\u017cne uczenie si\u0119\u201d ,uwa\u017cno\u015b\u0107 to dyscyplina umys\u0142owa, zajmuj\u0105ca si\u0119 \u0107wiczeniem uwagi, wykorzystywaniem zmys\u0142\u00f3w, anga\u017cowaniem umys\u0142u w chwil\u0119 obecn\u0105, dbaniem o samokontrol\u0119. Jest to nastawienie pe\u0142ne otwarto\u015bci i nieos\u0105dzania, kultywowanie r\u00f3wnowagi wewn\u0119trznej i spokoju.<\/span><\/div>\n<div dir=\"auto\"><span style=\"color: #000080;\">Regulowanie uwagi mo\u017ce by\u0107 praktykowane przez doros\u0142ych i dzieci w r\u00f3wnym stopniu. Poprzez praktyk\u0119 regulacji uwagi w codziennym \u017cyciu szkolnym, nasi uczniowie i uczennice maj\u0105 szans\u0119 na popraw\u0119 swojego dobrostanu, efektywno\u015bci w uczeniu si\u0119, popraw\u0119 pami\u0119ci i uwagi, \u0107wiczenie uwa\u017cnej komunikacji wspieraj\u0105cej redukcj\u0119 stresu zar\u00f3wno u siebie, jak i w kontakcie <\/span><span style=\"color: #000080;\">z innymi&#8221;.<\/span><\/div>\n<\/div>\n<div class=\"o9v6fnle cxmmr5t8 oygrvhab hcukyx3x c1et5uql ii04i59q\">\n<div dir=\"auto\"><span style=\"color: #000080;\">W ramach wykonania zadania &#8222;Uwa\u017cno\u015b\u0107 w naszym \u017cyciu&#8221;, nasza szko\u0142a w\u0142\u0105czy\u0142a si\u0119 w organizacj\u0119 zaj\u0119\u0107 wychowawczych, wed\u0142ug scenariusza i pomocy, przekazanych przez Instytut Edukacji Pozytywnej. Powsta\u0142y prace plastyczne, plakaty, relacje indywidualne uczni\u00f3w, stworzone zdalnie oraz prezentacje klasowe, podkre\u015blaj\u0105ce wa\u017cn\u0105 rol\u0119 uwa\u017cno\u015bci i wdzi\u0119czno\u015bci w \u017cyciu codziennym. Wszystkim grupom, licznie bior\u0105cym udzia\u0142 w zaj\u0119ciach praktyka uwa\u017cno\u015bci przypad\u0142a do gustu:) Dodatkowo klasa VIIIc rozpocz\u0119\u0142a \u0107wiczenie pt. &#8222;S\u0142oik wdzi\u0119czno\u015bci&#8221;, za\u015b <\/span><span style=\"color: #000080;\">w &#8222;Klubie Ortograffiti&#8221; powsta\u0142o &#8222;Z\u0142ote pude\u0142ko marze\u0144, plan\u00f3w i spostrze\u017ce\u0144&#8221;. <\/span><\/div>\n<div dir=\"auto\"><span style=\"color: #000080;\">W wykonanie zadania na luty w\u0142\u0105czy\u0142y si\u0119 klasy\/grupy:<\/span><\/div>\n<div dir=\"auto\"><span style=\"color: #000080;\">&#8211; II a- p. Renata Pacza\u0142a<\/span><\/div>\n<div dir=\"auto\"><span style=\"color: #000080;\">-IIIa- p. Ma\u0142gorzata Serafin<\/span><\/div>\n<div dir=\"auto\"><span style=\"color: #000080;\">-IIIb- p. Monika Korneluk<\/span><\/div>\n<div dir=\"auto\"><span style=\"color: #000080;\">-IVa- p. Anna Suwa\u0142a<\/span><\/div>\n<div dir=\"auto\"><span style=\"color: #000080;\">-IVb-p. Ewa Filipowicz-Sidorczuk<\/span><\/div>\n<div dir=\"auto\"><span style=\"color: #000080;\">-IVc-p. Anna Lewandowska<\/span><\/div>\n<div dir=\"auto\"><span style=\"color: #000080;\">-VIIb-p. Monika Czulak<\/span><\/div>\n<div dir=\"auto\"><span style=\"color: #000080;\">-VIId-p. Marta Kuczy\u0144ska, p.Aneta Rycerz<\/span><\/div>\n<div dir=\"auto\"><span style=\"color: #000080;\">-VIIIc-p. Marta Lackowska<\/span><\/div>\n<div dir=\"auto\"><span style=\"color: #000080;\">&#8211; Zaj\u0119cia w grupie \u015bwietlicowej, p. Paulina Seweryn<\/span><\/div>\n<div dir=\"auto\"><span style=\"color: #000080;\">-Zaj\u0119cia w grupie terapeutycznej w ramach &#8222;Klubu Ortograffiti&#8221;<\/span><\/div>\n<div dir=\"auto\"><span style=\"color: #000080;\">-p. Marta Kuczy\u0144ska<\/span><\/div>\n<\/div>\n<div class=\"o9v6fnle cxmmr5t8 oygrvhab hcukyx3x c1et5uql ii04i59q\">\n<div dir=\"auto\"><span style=\"color: #000080;\">Zapraszamy do podziwiania prac uczni\u00f3w oraz zdj\u0119\u0107:)<\/span><\/div>\n<div dir=\"auto\"><span style=\"color: #000080;\">Wszystkich uczni\u00f3w, rodzic\u00f3w i nauczycieli zach\u0119camy do praktykowania uwa\u017cno\u015bci na co dzie\u0144:)<\/span><\/div>\n<div dir=\"auto\">\nngg_shortcode_0_placeholder\n<\/div>\n<div dir=\"auto\">\n<p><span style=\"color: #000080;\"><a style=\"color: #000080;\" href=\"https:\/\/view.genial.ly\/603674152c28450d92f04eb7\/presentation-za-co-jestesmy-wdzieczni?fbclid=IwAR0WWQBrBysB-M2BSr977u2K0p5Mahq5SKUoXM5GDJQyrZqRBj9kMff6Y5g\"><strong>Za co jeste\u015bmy wdzi\u0119czni ? by dominika.tysowecka on Genially<\/strong><\/a><\/span><\/p>\n<p><span style=\"color: #000080;\"><strong><a style=\"color: #000080;\" href=\"http:\/\/sp1.hrubieszow.info\/wp-content\/uploads\/2021\/03\/Uwa\u017cno\u015b\u01077B.pptx\">Uwa\u017cno\u015b\u01077B<\/a><\/strong><\/span><\/p>\n<p><span style=\"color: #000080;\"><strong><a style=\"color: #000080;\" href=\"http:\/\/sp1.hrubieszow.info\/wp-content\/uploads\/2021\/03\/O-uwa\u017cno\u015bci-klasa-4c-SPnr-1-w-Hrubieszowie-1.pptx\">O uwa\u017cno\u015bci klasa 4c SPnr 1 w Hrubieszowie (1)<\/a><\/strong><\/span><\/p>\n<\/div>\n<\/div>\n","protected":false},"excerpt":{"rendered":"<p>Kilka s\u0142\u00f3w o uwa\u017cno\u015bci: &#8222;Wg autor\u00f3w ksi\u0105\u017cki \u201eUwa\u017cne uczenie si\u0119\u201d ,uwa\u017cno\u015b\u0107 to dyscyplina umys\u0142owa, zajmuj\u0105ca si\u0119 \u0107wiczeniem uwagi, wykorzystywaniem zmys\u0142\u00f3w, anga\u017cowaniem umys\u0142u w chwil\u0119 obecn\u0105, dbaniem o samokontrol\u0119. Jest to nastawienie pe\u0142ne otwarto\u015bci i nieos\u0105dzania, kultywowanie r\u00f3wnowagi wewn\u0119trznej i spokoju. Regulowanie uwagi mo\u017ce by\u0107 praktykowane przez doros\u0142ych i dzieci w r\u00f3wnym stopniu. Poprzez praktyk\u0119 regulacji [&hellip;]<\/p>\n","protected":false},"author":2,"featured_media":0,"parent":5983,"menu_order":0,"comment_status":"closed","ping_status":"closed","template":"","meta":{"ngg_post_thumbnail":0,"footnotes":""},"class_list":["post-8351","page","type-page","status-publish","hentry"],"_links":{"self":[{"href":"https:\/\/sp1hrubieszow.pl\/index.php\/wp-json\/wp\/v2\/pages\/8351","targetHints":{"allow":["GET"]}}],"collection":[{"href":"https:\/\/sp1hrubieszow.pl\/index.php\/wp-json\/wp\/v2\/pages"}],"about":[{"href":"https:\/\/sp1hrubieszow.pl\/index.php\/wp-json\/wp\/v2\/types\/page"}],"author":[{"embeddable":true,"href":"https:\/\/sp1hrubieszow.pl\/index.php\/wp-json\/wp\/v2\/users\/2"}],"replies":[{"embeddable":true,"href":"https:\/\/sp1hrubieszow.pl\/index.php\/wp-json\/wp\/v2\/comments?post=8351"}],"version-history":[{"count":3,"href":"https:\/\/sp1hrubieszow.pl\/index.php\/wp-json\/wp\/v2\/pages\/8351\/revisions"}],"predecessor-version":[{"id":8358,"href":"https:\/\/sp1hrubieszow.pl\/index.php\/wp-json\/wp\/v2\/pages\/8351\/revisions\/8358"}],"up":[{"embeddable":true,"href":"https:\/\/sp1hrubieszow.pl\/index.php\/wp-json\/wp\/v2\/pages\/5983"}],"wp:attachment":[{"href":"https:\/\/sp1hrubieszow.pl\/index.php\/wp-json\/wp\/v2\/media?parent=8351"}],"curies":[{"name":"wp","href":"https:\/\/api.w.org\/{rel}","templated":true}]}}