{"id":8317,"date":"2021-03-03T14:59:37","date_gmt":"2021-03-03T13:59:37","guid":{"rendered":"http:\/\/sp1.hrubieszow.info\/?page_id=8317"},"modified":"2021-03-03T15:03:43","modified_gmt":"2021-03-03T14:03:43","slug":"oferta-szkol-ponadpodstawowych-na-rok-szkolny-2021-22","status":"publish","type":"page","link":"https:\/\/sp1hrubieszow.pl\/index.php\/kronika-2020-2021\/oferta-szkol-ponadpodstawowych-na-rok-szkolny-2021-22\/","title":{"rendered":"Oferta szk\u00f3\u0142 ponadpodstawowych na rok szkolny 2021\/22"},"content":{"rendered":"\n<p><span style=\"color: #000080;\">Wkr\u00f3tce absolwenci szk\u00f3\u0142 podstawowych stan\u0105 przed wyborem dalszej drogi kszta\u0142cenia; jak przygotowa\u0107 uczni\u00f3w i ich rodzic\u00f3w do rekrutacji oraz gdzie mo\u017cna znale\u017a\u0107 wszystkie niezb\u0119dne informacje w tym zakresie \u2013 to temat konferencji prasowej Lubelskiego Kuratora O\u015bwiaty oraz Ministra Edukacji i Nauki, kt\u00f3ra odby\u0142a si\u0119 1 marca br. w Lublinie w formule on-line. <\/span><br><span style=\"color: #000080;\">Tego samego dnia na stronie internetowej Kuratorium O\u015bwiaty w Lublinie zosta\u0142 udost\u0119pniony&nbsp; informator o szko\u0142ach ponadpodstawowych opracowany we wsp\u00f3\u0142pracy z dyrektorami szk\u00f3\u0142 i doradcami zawodowymi, daj\u0105cy r\u00f3wnie\u017c mo\u017cliwo\u015b\u0107 szczeg\u00f3\u0142owego zapoznania si\u0119 z przygotowan\u0105 ofert\u0105 danej plac\u00f3wki, np. przez odbycie wirtualnego spaceru czy obejrzenie udost\u0119pnionych film\u00f3w. Funkcjonujemy w warunkach pandemii \u2013 nie ma mo\u017cliwo\u015bci organizacji targ\u00f3w edukacyjnych czy dni otwartych, aby zainteresowani uczniowie mogli nie tylko pozna\u0107 propozycje programowe plac\u00f3wki, do kt\u00f3rej aplikuj\u0105, ale r\u00f3wnie\u017c zobaczy\u0107 i lepiej pozna\u0107 sam\u0105 szko\u0142\u0119 \u2013 m\u00f3wi\u0142a kurator Teresa Misiuk. <\/span><br><span style=\"color: #000080;\">Z tego powodu zdecydowali\u015bmy si\u0119 na formu\u0142\u0119, kt\u00f3ra pozwala na dokonanie wyboru nie tylko na podstawie analizy profili kszta\u0142cenia, zawod\u00f3w, rozszerze\u0144 programowych czy j\u0119zyk\u00f3w obcych w wybranych szko\u0142ach, ale r\u00f3wnie\u017c poznania tych plac\u00f3wek dzi\u0119ki udost\u0119pnionym przez nie filmom, zdj\u0119ciom i prezentacjom. Znaczenie takiego narz\u0119dzia dla absolwent\u00f3w szk\u00f3\u0142 podstawowych i wspieraj\u0105cych ich w wyborze szko\u0142y rodzic\u00f3w doceni\u0142 Minister Edukacji i Nauki. \u015awiadomy wyb\u00f3r szko\u0142y jest kluczowy, warunkuje nie tylko dalsz\u0105 \u015bcie\u017ck\u0119 kszta\u0142cenia, ale i przysz\u0142\u0105 zawodow\u0105 \u015bcie\u017ck\u0119 ucznia \u2013 podkre\u015bli\u0142 minister Przemys\u0142aw Czarnek.&nbsp; Wa\u017cnym za\u0142o\u017ceniem ostatniej reformy systemu o\u015bwiaty by\u0142o m. in. wzmocnienie znaczenia kszta\u0142cenia zawodowego. Cieszymy si\u0119, \u017ce uczniowie coraz cz\u0119\u015bciej decyduj\u0105 si\u0119 na wyb\u00f3r technik\u00f3w i szk\u00f3\u0142 bran\u017cowych, dlatego wa\u017cne jest, aby pe\u0142na oferta tych szk\u00f3\u0142, znajomo\u015b\u0107 zawod\u00f3w, w kt\u00f3rych kszta\u0142c\u0105 oraz wymaga\u0144, kt\u00f3re musi spe\u0142nia\u0107 kandydat, jest tak istotna. Dla wszystkich uczni\u00f3w i ich rodzic\u00f3w przygotowany przez Kuratorium O\u015bwiaty w Lublinie informator to cenne narz\u0119dzie pomagaj\u0105ce w podj\u0119ciu najlepszej decyzji podczas zbli\u017caj\u0105cej si\u0119 rekrutacji. Informator wraz z harmonogramem rekrutacji jest dost\u0119pny na stronie g\u0142\u00f3wnej KO w Lublinie pod adresem https:\/\/www.kuratorium.lublin.pl\/informator.php<\/span><\/p>\n<p><span style=\"color: #000080;\">Ucze\u0144 i rodzic maj\u0105 r\u00f3wnie\u017c mo\u017cliwo\u015b\u0107 zapoznania si\u0119 z wa\u017cnymi kryteriami wyboru szko\u0142y&nbsp; przygotowanymi przez doradc\u0119 zawodowego \u2013 informacje powy\u017csze (prezentacja \u201eWspieram, nie wybieram\u201d) mo\u017cna znale\u017a\u0107 w zak\u0142adce \u201eRekrutacja\u201d \u2013 \u201eRekrutacja do szk\u00f3\u0142 ponadpodstawowych 2021\/2022\u201d pod adresem <a href=\"https:\/\/www.kuratorium.lublin.pl\/?akc=akt&amp;op=szcz&amp;id=11090\">https:\/\/www.kuratorium.lublin.pl\/?akc=akt&amp;op=szcz&amp;id=11090<\/a><\/span><\/p>\n","protected":false},"excerpt":{"rendered":"<p>Wkr\u00f3tce absolwenci szk\u00f3\u0142 podstawowych stan\u0105 przed wyborem dalszej drogi kszta\u0142cenia; jak przygotowa\u0107 uczni\u00f3w i ich rodzic\u00f3w do rekrutacji oraz gdzie mo\u017cna znale\u017a\u0107 wszystkie niezb\u0119dne informacje w tym zakresie \u2013 to temat konferencji prasowej Lubelskiego Kuratora O\u015bwiaty oraz Ministra Edukacji i Nauki, kt\u00f3ra odby\u0142a si\u0119 1 marca br. w Lublinie w formule on-line. Tego samego dnia [&hellip;]<\/p>\n","protected":false},"author":2,"featured_media":0,"parent":5983,"menu_order":0,"comment_status":"closed","ping_status":"closed","template":"","meta":{"ngg_post_thumbnail":0,"footnotes":""},"class_list":["post-8317","page","type-page","status-publish","hentry"],"_links":{"self":[{"href":"https:\/\/sp1hrubieszow.pl\/index.php\/wp-json\/wp\/v2\/pages\/8317","targetHints":{"allow":["GET"]}}],"collection":[{"href":"https:\/\/sp1hrubieszow.pl\/index.php\/wp-json\/wp\/v2\/pages"}],"about":[{"href":"https:\/\/sp1hrubieszow.pl\/index.php\/wp-json\/wp\/v2\/types\/page"}],"author":[{"embeddable":true,"href":"https:\/\/sp1hrubieszow.pl\/index.php\/wp-json\/wp\/v2\/users\/2"}],"replies":[{"embeddable":true,"href":"https:\/\/sp1hrubieszow.pl\/index.php\/wp-json\/wp\/v2\/comments?post=8317"}],"version-history":[{"count":2,"href":"https:\/\/sp1hrubieszow.pl\/index.php\/wp-json\/wp\/v2\/pages\/8317\/revisions"}],"predecessor-version":[{"id":8321,"href":"https:\/\/sp1hrubieszow.pl\/index.php\/wp-json\/wp\/v2\/pages\/8317\/revisions\/8321"}],"up":[{"embeddable":true,"href":"https:\/\/sp1hrubieszow.pl\/index.php\/wp-json\/wp\/v2\/pages\/5983"}],"wp:attachment":[{"href":"https:\/\/sp1hrubieszow.pl\/index.php\/wp-json\/wp\/v2\/media?parent=8317"}],"curies":[{"name":"wp","href":"https:\/\/api.w.org\/{rel}","templated":true}]}}