{"id":8313,"date":"2021-03-03T14:36:00","date_gmt":"2021-03-03T13:36:00","guid":{"rendered":"http:\/\/sp1.hrubieszow.info\/?page_id=8313"},"modified":"2021-03-03T14:36:32","modified_gmt":"2021-03-03T13:36:32","slug":"miedzynarodowy-dzien-jezyka-ojczystego","status":"publish","type":"page","link":"https:\/\/sp1hrubieszow.pl\/index.php\/kronika-2020-2021\/miedzynarodowy-dzien-jezyka-ojczystego\/","title":{"rendered":"Mi\u0119dzynarodowy Dzie\u0144 J\u0119zyka Ojczystego"},"content":{"rendered":"\n<p><img loading=\"lazy\" decoding=\"async\" class=\"alignnone size-medium wp-image-8312\" src=\"http:\/\/sp1.hrubieszow.info\/wp-content\/uploads\/2021\/03\/MDJO-300x300.jpg\" alt=\"\" width=\"300\" height=\"300\"><\/p>\n<p><span style=\"color: #000080;\"><em>Polszczyzna jest pi\u0119kna<\/em><\/span><\/p>\n<p><span style=\"color: #000080;\"><em>poniewa\u017c szele\u015bci<\/em><\/span><\/p>\n<p><span style=\"color: #000080;\"><em>jak jesienne li\u015bcie,<\/em><\/span><\/p>\n<p><span style=\"color: #000080;\"><em>skrzypi jak mr\u00f3z zimow\u0105 por\u0105,<\/em><\/span><\/p>\n<p><span style=\"color: #000080;\"><em>\u015bwiszczy jak wiosenny wiatr,<\/em><\/span><\/p>\n<p><span style=\"color: #000080;\"><em>ale i tak rozgrzewa nas,<\/em><\/span><\/p>\n<p><span style=\"color: #000080;\"><em>niczym lato, <\/em><\/span><\/p>\n<p><span style=\"color: #000080;\"><em>interpunkcj\u0105 i ortografi\u0105.<\/em><\/span><\/p>\n<p><span style=\"color: #000080;\">21 lutego obchodzimy Mi\u0119dzynarodowy Dzie\u0144 J\u0119zyka Ojczystego. Zosta\u0142 on ustanowiony w 1999r. pod patronatem UUNESCO, aby podkre\u015bli\u0107 bogactwo i r\u00f3\u017cnorodno\u015b\u0107 j\u0119zykow\u0105 \u015bwiata. &nbsp;Ma r\u00f3wnie\u017c zwr\u00f3ci\u0107 uwag\u0119 na liczb\u0119 j\u0119zyk\u00f3w zagro\u017conych oraz gin\u0105cych.<\/span><\/p>\n<p><span style=\"color: #000080;\">Z tej okazji Szko\u0142a Podstawowa nr 1 w Hrubieszowie zorganizowa\u0142a Szkolny Plastyczny Konkurs Frazeologiczny \u201eZ przymru\u017ceniem oka\u201d. Uczestnicy mieli za zadanie wykona\u0107&nbsp; prac\u0119 plastyczn\u0105, b\u0119d\u0105c\u0105 ilustracj\u0105 (plastyczn\u0105 wizj\u0105) zwi\u0105zku frazeologicznego.<\/span><br><span style=\"color: #000080;\">&nbsp;W konkursie wzi\u0119\u0142y udzia\u0142 klasy 4-8, spo\u015br\u00f3d wykonanych prac komisja konkursowa wy\u0142oni\u0142a nast\u0119puj\u0105cych laureat\u00f3w: I miejsce \u2013 Kacper Kasprzak kl. 7d, II miejsce \u2013 Czajkowska Agata kl. 8c, III miejsce \u2013 Grab Lidia kl. 4c, wyr\u00f3\u017cnienia: Lackowski Marcin kl. 5a, Mr\u00f3z Zuzanna kl. 6c. <\/span><\/p>\n<p><span style=\"color: #000080;\">Opr\u00f3cz tego polonistki wykona\u0142y tematyczn\u0105 gazetk\u0119 \u015bcienn\u0105, w kt\u00f3rej pojawi\u0142y si\u0119 ilustrowane zabawy j\u0119zykowe autorstwa Paw\u0142a Jaro\u0144skiego. W klasach na lekcjach j\u0119zyka polskiego lub zaj\u0119ciach rozwijaj\u0105cych zainteresowania uczniowie ogl\u0105dali prezentacje, czytali \u0142ama\u0144ce j\u0119zykowe, wskazywali najcz\u0119\u015bciej pope\u0142niane b\u0142\u0119dy.<\/span><\/p>\nngg_shortcode_0_placeholder\n","protected":false},"excerpt":{"rendered":"<p>Polszczyzna jest pi\u0119kna poniewa\u017c szele\u015bci jak jesienne li\u015bcie, skrzypi jak mr\u00f3z zimow\u0105 por\u0105, \u015bwiszczy jak wiosenny wiatr, ale i tak rozgrzewa nas, niczym lato, interpunkcj\u0105 i ortografi\u0105. 21 lutego obchodzimy Mi\u0119dzynarodowy Dzie\u0144 J\u0119zyka Ojczystego. Zosta\u0142 on ustanowiony w 1999r. pod patronatem UUNESCO, aby podkre\u015bli\u0107 bogactwo i r\u00f3\u017cnorodno\u015b\u0107 j\u0119zykow\u0105 \u015bwiata. &nbsp;Ma r\u00f3wnie\u017c zwr\u00f3ci\u0107 uwag\u0119 na liczb\u0119 [&hellip;]<\/p>\n","protected":false},"author":2,"featured_media":0,"parent":5983,"menu_order":0,"comment_status":"closed","ping_status":"closed","template":"","meta":{"ngg_post_thumbnail":0,"footnotes":""},"class_list":["post-8313","page","type-page","status-publish","hentry"],"_links":{"self":[{"href":"https:\/\/sp1hrubieszow.pl\/index.php\/wp-json\/wp\/v2\/pages\/8313","targetHints":{"allow":["GET"]}}],"collection":[{"href":"https:\/\/sp1hrubieszow.pl\/index.php\/wp-json\/wp\/v2\/pages"}],"about":[{"href":"https:\/\/sp1hrubieszow.pl\/index.php\/wp-json\/wp\/v2\/types\/page"}],"author":[{"embeddable":true,"href":"https:\/\/sp1hrubieszow.pl\/index.php\/wp-json\/wp\/v2\/users\/2"}],"replies":[{"embeddable":true,"href":"https:\/\/sp1hrubieszow.pl\/index.php\/wp-json\/wp\/v2\/comments?post=8313"}],"version-history":[{"count":1,"href":"https:\/\/sp1hrubieszow.pl\/index.php\/wp-json\/wp\/v2\/pages\/8313\/revisions"}],"predecessor-version":[{"id":8314,"href":"https:\/\/sp1hrubieszow.pl\/index.php\/wp-json\/wp\/v2\/pages\/8313\/revisions\/8314"}],"up":[{"embeddable":true,"href":"https:\/\/sp1hrubieszow.pl\/index.php\/wp-json\/wp\/v2\/pages\/5983"}],"wp:attachment":[{"href":"https:\/\/sp1hrubieszow.pl\/index.php\/wp-json\/wp\/v2\/media?parent=8313"}],"curies":[{"name":"wp","href":"https:\/\/api.w.org\/{rel}","templated":true}]}}