{"id":8281,"date":"2021-03-02T21:21:23","date_gmt":"2021-03-02T20:21:23","guid":{"rendered":"http:\/\/sp1.hrubieszow.info\/?page_id=8281"},"modified":"2021-03-02T21:21:40","modified_gmt":"2021-03-02T20:21:40","slug":"awantura-na-smietniku","status":"publish","type":"page","link":"https:\/\/sp1hrubieszow.pl\/index.php\/kronika-2020-2021\/awantura-na-smietniku\/","title":{"rendered":"Awantura na \u015bmietniku"},"content":{"rendered":"\n<p><span style=\"color: #000080;\">26 lutego w klasie 1b przeprowadzone zosta\u0142y kolejne zaj\u0119cia w ramach og\u00f3lnopolskiego programu \u201eCzytam sobie. Pierwsza klasa\u201d pt. \u201eJak zapobiec awanturze w \u015bmietniku?\u201d.<\/span><\/p>\n<p><span style=\"color: #000080;\">&nbsp;&nbsp;&nbsp;&nbsp;&nbsp;&nbsp;&nbsp;&nbsp;&nbsp;&nbsp;&nbsp; Zaj\u0119cia rozpocz\u0119\u0142o przypomnienie znanych ju\u017c dzieciom ksi\u0105\u017cek z serii \u201eCzytam sobie\u201d oraz prezentacja pozycji \u201eAwantura na \u015bmietniku\u201d. Okaza\u0142o si\u0119, \u017ce jeszcze jej nie znaj\u0105. Po zapoznaniu si\u0119 z tre\u015bci\u0105 lektury uczniowie wypowiadali si\u0119 na temat: \u201eDlaczego dosz\u0142o do awantury?\u201d i doszli do wniosku, \u017ce powodem by\u0142 brak segregacji odpad\u00f3w. Zauwa\u017cy\u0142y, \u017ce taki stan rzeczy uniemo\u017cliwia\u0142 recykling \u015bmieci. Uczniowie wykorzystali wcze\u015bniej zdobyte wiadomo\u015bci do prawid\u0142owego wykonania zada\u0144 zwi\u0105zanych z ochron\u0105 przyrody przez segregowanie \u015bmieci. W dalszej cz\u0119\u015bci zaj\u0119\u0107 mieli r\u00f3wnie\u017c mo\u017cliwo\u015b\u0107 wzbogaci\u0107 swoje s\u0142ownictwo o synonimy s\u0142owa awantura. Poznali znaczenie poj\u0119\u0107: zwada, spory, zatarg. Wskazywali ciekawe recepty na zapobieganie k\u0142\u00f3tniom mi\u0119dzy r\u00f3wie\u015bnikami. Dobrze bawili si\u0119 podczas zabawy ruchowej.<\/span><\/p>\nngg_shortcode_0_placeholder\n<p>&nbsp;<\/p>\n","protected":false},"excerpt":{"rendered":"<p>26 lutego w klasie 1b przeprowadzone zosta\u0142y kolejne zaj\u0119cia w ramach og\u00f3lnopolskiego programu \u201eCzytam sobie. Pierwsza klasa\u201d pt. \u201eJak zapobiec awanturze w \u015bmietniku?\u201d. &nbsp;&nbsp;&nbsp;&nbsp;&nbsp;&nbsp;&nbsp;&nbsp;&nbsp;&nbsp;&nbsp; Zaj\u0119cia rozpocz\u0119\u0142o przypomnienie znanych ju\u017c dzieciom ksi\u0105\u017cek z serii \u201eCzytam sobie\u201d oraz prezentacja pozycji \u201eAwantura na \u015bmietniku\u201d. Okaza\u0142o si\u0119, \u017ce jeszcze jej nie znaj\u0105. Po zapoznaniu si\u0119 z tre\u015bci\u0105 lektury uczniowie [&hellip;]<\/p>\n","protected":false},"author":2,"featured_media":0,"parent":5983,"menu_order":0,"comment_status":"closed","ping_status":"closed","template":"","meta":{"ngg_post_thumbnail":0,"footnotes":""},"class_list":["post-8281","page","type-page","status-publish","hentry"],"_links":{"self":[{"href":"https:\/\/sp1hrubieszow.pl\/index.php\/wp-json\/wp\/v2\/pages\/8281","targetHints":{"allow":["GET"]}}],"collection":[{"href":"https:\/\/sp1hrubieszow.pl\/index.php\/wp-json\/wp\/v2\/pages"}],"about":[{"href":"https:\/\/sp1hrubieszow.pl\/index.php\/wp-json\/wp\/v2\/types\/page"}],"author":[{"embeddable":true,"href":"https:\/\/sp1hrubieszow.pl\/index.php\/wp-json\/wp\/v2\/users\/2"}],"replies":[{"embeddable":true,"href":"https:\/\/sp1hrubieszow.pl\/index.php\/wp-json\/wp\/v2\/comments?post=8281"}],"version-history":[{"count":1,"href":"https:\/\/sp1hrubieszow.pl\/index.php\/wp-json\/wp\/v2\/pages\/8281\/revisions"}],"predecessor-version":[{"id":8282,"href":"https:\/\/sp1hrubieszow.pl\/index.php\/wp-json\/wp\/v2\/pages\/8281\/revisions\/8282"}],"up":[{"embeddable":true,"href":"https:\/\/sp1hrubieszow.pl\/index.php\/wp-json\/wp\/v2\/pages\/5983"}],"wp:attachment":[{"href":"https:\/\/sp1hrubieszow.pl\/index.php\/wp-json\/wp\/v2\/media?parent=8281"}],"curies":[{"name":"wp","href":"https:\/\/api.w.org\/{rel}","templated":true}]}}