{"id":8250,"date":"2021-03-01T15:47:45","date_gmt":"2021-03-01T14:47:45","guid":{"rendered":"http:\/\/sp1.hrubieszow.info\/?page_id=8250"},"modified":"2025-06-06T20:41:17","modified_gmt":"2025-06-06T18:41:17","slug":"nasze-certyfikaty","status":"publish","type":"page","link":"https:\/\/sp1hrubieszow.pl\/index.php\/nasze-certyfikaty\/","title":{"rendered":"Nasze Certyfikaty"},"content":{"rendered":"\n<h1><span style=\"color: #000080;\"><strong><a style=\"color: #000080;\" href=\"https:\/\/sp1hrubieszow.pl\/wp-content\/uploads\/2025\/06\/certyfikat.pdf\">certyfikat \u201e T r z y m a j F o r m \u0119 ! \u201d<\/a><\/strong><\/span><\/h1>\n<h1><span style=\"color: #000080;\"><a style=\"color: #000080;\" href=\"http:\/\/sp1hrubieszow.pl\/wp-content\/uploads\/2024\/06\/Certyfikat-Ortograffiti-dla-szkoy-za-2023-2024.pdf\">Certyfikat Ortograffiti dla szko\u0142y za 2023-2024<\/a><\/span><\/h1>\n<h1><span style=\"color: #000080;\"><a style=\"color: #000080;\" href=\"http:\/\/sp1hrubieszow.pl\/wp-content\/uploads\/2024\/05\/certyfikat_f1481020264c3109a7a24046807fea86.pdf\">certyfikat Akademii Puchatka<\/a><\/span><\/h1>\n<h1><span style=\"color: #000080;\"><a style=\"color: #000080;\" href=\"http:\/\/sp1hrubieszow.pl\/wp-content\/uploads\/2024\/03\/20240325100709416.pdf\">Szkolne Ko\u0142o Wolontariatu &#8211; nagroda<\/a><\/span><\/h1>\n<h1><span style=\"color: #000080;\"><a style=\"color: #000080;\" href=\"http:\/\/sp1hrubieszow.pl\/wp-content\/uploads\/2024\/03\/20240325100644824.pdf\">Szkolne Ko\u0142o Misyjne &#8211; podzi\u0119kowanie&nbsp;<\/a><\/span><\/h1>\n<h1><img loading=\"lazy\" decoding=\"async\" class=\"wp-image-21891 alignleft\" src=\"http:\/\/sp1hrubieszow.pl\/wp-content\/uploads\/2023\/10\/projektor-300x194.jpg\" alt=\"\" width=\"285\" height=\"184\" srcset=\"https:\/\/sp1hrubieszow.pl\/wp-content\/uploads\/2023\/10\/projektor-300x194.jpg 300w, https:\/\/sp1hrubieszow.pl\/wp-content\/uploads\/2023\/10\/projektor-1024x660.jpg 1024w, https:\/\/sp1hrubieszow.pl\/wp-content\/uploads\/2023\/10\/projektor-768x495.jpg 768w, https:\/\/sp1hrubieszow.pl\/wp-content\/uploads\/2023\/10\/projektor-1536x991.jpg 1536w, https:\/\/sp1hrubieszow.pl\/wp-content\/uploads\/2023\/10\/projektor-624x402.jpg 624w, https:\/\/sp1hrubieszow.pl\/wp-content\/uploads\/2023\/10\/projektor.jpg 1600w\" sizes=\"auto, (max-width: 285px) 100vw, 285px\" \/><\/h1>\n<h1><span style=\"color: #000080;\"><strong><a style=\"color: #000080;\" href=\"http:\/\/sp1hrubieszow.pl\/wp-content\/uploads\/2023\/06\/certyfikat_d72763e09491c020e460457af20bd375.pdf\">certyfikat Puchatek<\/a><\/strong><\/span><\/h1>\n<h1><span style=\"color: #000080;\"><strong><a style=\"color: #000080;\" href=\"http:\/\/sp1hrubieszow.pl\/wp-content\/uploads\/2023\/06\/Certyfikat-Ortograffiti-SzkoL_a-Podstawowa-nr-1-im.-BolesL_awa-Prusa_Marta_KuczyL_ska.pdf\">Certyfikat Ortograffiti <\/a><\/strong><\/span><\/h1>\n<p><img loading=\"lazy\" decoding=\"async\" class=\"alignnone  wp-image-16983\" src=\"https:\/\/sp1hrubieszow.pl\/wp-content\/uploads\/2022\/09\/certyfikat-SMP-2.0-300x216.jpg\" alt=\"\" width=\"281\" height=\"203\" srcset=\"https:\/\/sp1hrubieszow.pl\/wp-content\/uploads\/2022\/09\/certyfikat-SMP-2.0-300x216.jpg 300w, https:\/\/sp1hrubieszow.pl\/wp-content\/uploads\/2022\/09\/certyfikat-SMP-2.0-624x449.jpg 624w, https:\/\/sp1hrubieszow.pl\/wp-content\/uploads\/2022\/09\/certyfikat-SMP-2.0.jpg 690w\" sizes=\"auto, (max-width: 281px) 100vw, 281px\" \/><\/p>\n<p><span style=\"color: #000080;\"><strong><a style=\"color: #000080;\" href=\"http:\/\/sp1hrubieszow.pl\/wp-content\/uploads\/2023\/03\/zaswiadczenie_dbi_20231013_2023.pdf\">zaswiadczenie_dbi_20231013_2023<\/a><\/strong><\/span><\/p>\n<p><span style=\"color: #000080;\"><a style=\"color: #000080;\" href=\"https:\/\/sp1hrubieszow.pl\/wp-content\/uploads\/2022\/06\/certyfikat-Marta-Lackowska-Uniwersytet-Dzieci.pdf\"><strong>certyfikat Marta Lackowska &#8211; Uniwersytet Dzieci<\/strong><\/a><\/span><\/p>\n<p><span style=\"color: #000080;\"><strong><a style=\"color: #000080;\" href=\"https:\/\/sp1hrubieszow.pl\/wp-content\/uploads\/2022\/06\/certyfikat-klasa-4b-Uniwersytet-Dzieci.pdf\">certyfikat klasa 4b Uniwersytet Dzieci<\/a><\/strong><\/span><\/p>\n<p><span style=\"color: #000080;\"><strong><a style=\"color: #000080;\" href=\"https:\/\/sp1hrubieszow.pl\/wp-content\/uploads\/2022\/06\/Certyfikat-PTD.pdf\">Certyfikat PTD<\/a><\/strong><\/span><\/p>\n<p><span style=\"color: #000080;\"><strong><a style=\"color: #000080;\" href=\"https:\/\/sp1hrubieszow.pl\/wp-content\/uploads\/2022\/06\/Certyfikat-ortograffiti.pdf\">Certyfikat ortograffiti<\/a><\/strong><\/span><\/p>\n<p><span style=\"color: #000080;\"><strong><a style=\"color: #000080;\" href=\"https:\/\/sp1hrubieszow.pl\/wp-content\/uploads\/2022\/05\/Certyfikat_a6d369eda57ad85065081152610dfb79.pdf\">Certyfikat_a6d369eda57ad85065081152610dfb79<\/a><\/strong><\/span><\/p>\n<p><strong><span style=\"color: #000080;\"><a style=\"color: #000080;\" href=\"https:\/\/sp1hrubieszow.pl\/wp-content\/uploads\/2022\/03\/zaswiadczenie_dbi_20220130_2022-2.pdf\">zaswiadczenie_dbi_20220130_2022 (2)<\/a><\/span><\/strong><\/p>\n<p><img loading=\"lazy\" decoding=\"async\" class=\"alignnone size-medium wp-image-12846\" src=\"http:\/\/sp1.hrubieszow.info\/wp-content\/uploads\/2021\/11\/Certyfikat-Szkola-Myslenia-Pozytywnego-2021-1-225x300.jpg\" alt=\"\" width=\"225\" height=\"300\" srcset=\"https:\/\/sp1hrubieszow.pl\/wp-content\/uploads\/2021\/11\/Certyfikat-Szkola-Myslenia-Pozytywnego-2021-1-225x300.jpg 225w, https:\/\/sp1hrubieszow.pl\/wp-content\/uploads\/2021\/11\/Certyfikat-Szkola-Myslenia-Pozytywnego-2021-1-768x1024.jpg 768w, https:\/\/sp1hrubieszow.pl\/wp-content\/uploads\/2021\/11\/Certyfikat-Szkola-Myslenia-Pozytywnego-2021-1-624x832.jpg 624w, https:\/\/sp1hrubieszow.pl\/wp-content\/uploads\/2021\/11\/Certyfikat-Szkola-Myslenia-Pozytywnego-2021-1.jpg 828w\" sizes=\"auto, (max-width: 225px) 100vw, 225px\" \/><\/p>\n<p><span style=\"color: #000080;\"><strong><a style=\"color: #000080;\" href=\"http:\/\/sp1.hrubieszow.info\/wp-content\/uploads\/2021\/11\/certyfika-SMP-Szkolny-koordynator_M.Kuczynska-1.pdf\">certyfika SMP &#8211; Szkolny koordynator_M.Kuczynska (1)<\/a><\/strong><\/span><\/p>\n<p><span style=\"color: #000080;\"><strong><a style=\"color: #000080;\" href=\"http:\/\/sp1.hrubieszow.info\/wp-content\/uploads\/2021\/09\/Dyplom.pdf\">DYPLOM &#8211; MEDIACJE<\/a><\/strong><\/span><\/p>\n<p><img loading=\"lazy\" decoding=\"async\" class=\"alignnone size-medium wp-image-10801\" src=\"http:\/\/sp1.hrubieszow.info\/wp-content\/uploads\/2021\/09\/DSCN3955-300x225.jpg\" alt=\"\" width=\"300\" height=\"225\" srcset=\"https:\/\/sp1hrubieszow.pl\/wp-content\/uploads\/2021\/09\/DSCN3955-300x225.jpg 300w, https:\/\/sp1hrubieszow.pl\/wp-content\/uploads\/2021\/09\/DSCN3955-768x576.jpg 768w, https:\/\/sp1hrubieszow.pl\/wp-content\/uploads\/2021\/09\/DSCN3955-1024x768.jpg 1024w, https:\/\/sp1hrubieszow.pl\/wp-content\/uploads\/2021\/09\/DSCN3955-624x468.jpg 624w\" sizes=\"auto, (max-width: 300px) 100vw, 300px\" \/><\/p>\n<p><span style=\"color: #000080;\"><a style=\"color: #000080;\" href=\"http:\/\/sp1.hrubieszow.info\/wp-content\/uploads\/2021\/09\/ertyfikatOrtograffiti_2021_czerwiec-UNISEXjpg_Szko\u253c\u00e9a-Podstawowa-nr-1-im.-Boles\u253c\u00e9awa-Prusa_Marta_Kuczy\u253c\u00e4ska.pdf\"><strong>Certyfikat Pomocy Psychologiczno &#8211; Pedagogicznej 1<\/strong><\/a><\/span><\/p>\n<p><span style=\"color: #000080;\"><strong><a style=\"color: #000080;\" href=\"http:\/\/sp1.hrubieszow.info\/wp-content\/uploads\/2021\/09\/ertyfikat-ortograffiti_2020-PANIjpg_Szko\u253c\u00e9a-Podstawowa-nr-1-im.-Boles\u253c\u00e9awa-Prusa_Marta_Kuczy\u253c\u00e4ska.pdf\">Certyfikat Pomocy Psychologiczno &#8211; Pedagogicznej 2<\/a><\/strong><\/span><\/p>\n<p><span style=\"color: #000080;\"><strong><a style=\"color: #000080;\" href=\"http:\/\/sp1.hrubieszow.info\/wp-content\/uploads\/2021\/06\/certyfikat-Uniwersytet-Dzieci.pdf\">certyfikat &#8211; Uniwersytet Dzieci<\/a><\/strong><\/span><\/p>\n<p><span style=\"color: #000080;\"><strong><a style=\"color: #000080;\" href=\"http:\/\/sp1.hrubieszow.info\/wp-content\/uploads\/2021\/06\/certyfikat-Trzymaj-Form\u0119.pdf\">certyfikat Trzymaj Form\u0119<\/a><\/strong><\/span><\/p>\n<p><span style=\"color: #000080;\"><strong><a style=\"color: #000080;\" href=\"http:\/\/sp1.hrubieszow.info\/wp-content\/uploads\/2021\/03\/41_Szko\u0142aPodstawowanr1im.Boles\u0142aw.pdf\">41_Szko\u0142a+Podstawowa+nr+1+im.+Boles\u0142aw<\/a><\/strong><\/span><\/p>\n<p><span style=\"color: #000080;\"><a style=\"color: #000080;\" href=\"http:\/\/sp1.hrubieszow.info\/wp-content\/uploads\/2021\/03\/Certyfikat-SMP.pdf\"><strong>Certyfikat SMP<\/strong><\/a><\/span><\/p>\n<p><span style=\"color: #000080;\"><strong><a style=\"color: #000080;\" href=\"http:\/\/sp1.hrubieszow.info\/wp-content\/uploads\/2021\/03\/certyfikaty-dla-SMP-22-2.pdf\">certyfikaty dla SMP 22 (2)<\/a><\/strong><\/span><\/p>\n<p><span style=\"color: #000080;\"><strong><a style=\"color: #000080;\" href=\"http:\/\/sp1.hrubieszow.info\/wp-content\/uploads\/2021\/03\/zaswiadczenie_dbi_20210026_2021.pdf\">za\u015bwiadczenie Dzie\u0144 Bezpiecznego Internetu <\/a><\/strong><\/span><\/p>\n<p><span style=\"color: #000080;\"><strong><a style=\"color: #000080;\" href=\"http:\/\/sp1.hrubieszow.info\/wp-content\/uploads\/2021\/03\/Certyfikat_c3b579f4ea65ad8a110b39343347f5b1-1.pdf\">Certyfikat &#8211; Akademia Bezpiecznego Puchatka<\/a><\/strong><\/span><\/p>\n","protected":false},"excerpt":{"rendered":"<p>certyfikat \u201e T r z y m a j F o r m \u0119 ! \u201d Certyfikat Ortograffiti dla szko\u0142y za 2023-2024 certyfikat Akademii Puchatka Szkolne Ko\u0142o Wolontariatu &#8211; nagroda Szkolne Ko\u0142o Misyjne &#8211; podzi\u0119kowanie&nbsp; certyfikat Puchatek Certyfikat Ortograffiti zaswiadczenie_dbi_20231013_2023 certyfikat Marta Lackowska &#8211; Uniwersytet Dzieci certyfikat klasa 4b Uniwersytet Dzieci Certyfikat PTD Certyfikat ortograffiti [&hellip;]<\/p>\n","protected":false},"author":2,"featured_media":0,"parent":0,"menu_order":0,"comment_status":"closed","ping_status":"closed","template":"","meta":{"ngg_post_thumbnail":0,"footnotes":""},"class_list":["post-8250","page","type-page","status-publish","hentry"],"_links":{"self":[{"href":"https:\/\/sp1hrubieszow.pl\/index.php\/wp-json\/wp\/v2\/pages\/8250","targetHints":{"allow":["GET"]}}],"collection":[{"href":"https:\/\/sp1hrubieszow.pl\/index.php\/wp-json\/wp\/v2\/pages"}],"about":[{"href":"https:\/\/sp1hrubieszow.pl\/index.php\/wp-json\/wp\/v2\/types\/page"}],"author":[{"embeddable":true,"href":"https:\/\/sp1hrubieszow.pl\/index.php\/wp-json\/wp\/v2\/users\/2"}],"replies":[{"embeddable":true,"href":"https:\/\/sp1hrubieszow.pl\/index.php\/wp-json\/wp\/v2\/comments?post=8250"}],"version-history":[{"count":22,"href":"https:\/\/sp1hrubieszow.pl\/index.php\/wp-json\/wp\/v2\/pages\/8250\/revisions"}],"predecessor-version":[{"id":28599,"href":"https:\/\/sp1hrubieszow.pl\/index.php\/wp-json\/wp\/v2\/pages\/8250\/revisions\/28599"}],"wp:attachment":[{"href":"https:\/\/sp1hrubieszow.pl\/index.php\/wp-json\/wp\/v2\/media?parent=8250"}],"curies":[{"name":"wp","href":"https:\/\/api.w.org\/{rel}","templated":true}]}}