{"id":8242,"date":"2021-03-01T15:24:43","date_gmt":"2021-03-01T14:24:43","guid":{"rendered":"http:\/\/sp1.hrubieszow.info\/?page_id=8242"},"modified":"2021-03-01T15:25:14","modified_gmt":"2021-03-01T14:25:14","slug":"spotkanie-online-z-uczniami-z-uzbekistanu","status":"publish","type":"page","link":"https:\/\/sp1hrubieszow.pl\/index.php\/kronika-2020-2021\/spotkanie-online-z-uczniami-z-uzbekistanu\/","title":{"rendered":"Spotkanie online z uczniami z Uzbekistanu"},"content":{"rendered":"\n<p><span style=\"color: #000080;\">W pi\u0105tek uczniowie klasy 6a Szko\u0142y Podstawowej nr 1 w Hrubieszowie mieli wspania\u0142\u0105 okazj\u0119 &nbsp;do sprawdzenia swoich umiej\u0119tno\u015bci j\u0119zykowych. Mianowicie, nasza szko\u0142a przyst\u0105pi\u0142a do realizacji projektu pt. &#8222;Nice to e-meet you&#8221;, kt\u00f3ry polega na organizowaniu spotka\u0144 online z uczniami z innych kraj\u00f3w. Podczas pierwszej sesji mieli\u015bmy przyjemno\u015b\u0107 pozna\u0107 uczni\u00f3w z Uzbekistanu i porozmawia\u0107 &nbsp;z nimi po angielsku. Dwie kultury zupe\u0142nie r\u00f3\u017cne, na dw\u00f3ch kontynentach, odleg\u0142e od siebie o 4590 km. Rozmawiali\u015bmy o sobie, swoich zainteresowaniach i szko\u0142ach, do kt\u00f3rych chodzimy. Jeste\u015bmy niezwykle szcz\u0119\u015bliwi, \u017ce uda\u0142o nam si\u0119 spotka\u0107 pomimo czterogodzinnej r\u00f3\u017cnicy czasu. Kolejne spotkanie odb\u0119dzie si\u0119 w tym tygodniu. Czekamy na nie z niecierpliwo\u015bci\u0105!!!<\/span><\/p>\nngg_shortcode_0_placeholder\n","protected":false},"excerpt":{"rendered":"<p>W pi\u0105tek uczniowie klasy 6a Szko\u0142y Podstawowej nr 1 w Hrubieszowie mieli wspania\u0142\u0105 okazj\u0119 &nbsp;do sprawdzenia swoich umiej\u0119tno\u015bci j\u0119zykowych. Mianowicie, nasza szko\u0142a przyst\u0105pi\u0142a do realizacji projektu pt. &#8222;Nice to e-meet you&#8221;, kt\u00f3ry polega na organizowaniu spotka\u0144 online z uczniami z innych kraj\u00f3w. Podczas pierwszej sesji mieli\u015bmy przyjemno\u015b\u0107 pozna\u0107 uczni\u00f3w z Uzbekistanu i porozmawia\u0107 &nbsp;z nimi [&hellip;]<\/p>\n","protected":false},"author":2,"featured_media":0,"parent":5983,"menu_order":0,"comment_status":"closed","ping_status":"closed","template":"","meta":{"ngg_post_thumbnail":0,"footnotes":""},"class_list":["post-8242","page","type-page","status-publish","hentry"],"_links":{"self":[{"href":"https:\/\/sp1hrubieszow.pl\/index.php\/wp-json\/wp\/v2\/pages\/8242","targetHints":{"allow":["GET"]}}],"collection":[{"href":"https:\/\/sp1hrubieszow.pl\/index.php\/wp-json\/wp\/v2\/pages"}],"about":[{"href":"https:\/\/sp1hrubieszow.pl\/index.php\/wp-json\/wp\/v2\/types\/page"}],"author":[{"embeddable":true,"href":"https:\/\/sp1hrubieszow.pl\/index.php\/wp-json\/wp\/v2\/users\/2"}],"replies":[{"embeddable":true,"href":"https:\/\/sp1hrubieszow.pl\/index.php\/wp-json\/wp\/v2\/comments?post=8242"}],"version-history":[{"count":1,"href":"https:\/\/sp1hrubieszow.pl\/index.php\/wp-json\/wp\/v2\/pages\/8242\/revisions"}],"predecessor-version":[{"id":8243,"href":"https:\/\/sp1hrubieszow.pl\/index.php\/wp-json\/wp\/v2\/pages\/8242\/revisions\/8243"}],"up":[{"embeddable":true,"href":"https:\/\/sp1hrubieszow.pl\/index.php\/wp-json\/wp\/v2\/pages\/5983"}],"wp:attachment":[{"href":"https:\/\/sp1hrubieszow.pl\/index.php\/wp-json\/wp\/v2\/media?parent=8242"}],"curies":[{"name":"wp","href":"https:\/\/api.w.org\/{rel}","templated":true}]}}