{"id":8202,"date":"2021-02-24T21:37:37","date_gmt":"2021-02-24T20:37:37","guid":{"rendered":"http:\/\/sp1.hrubieszow.info\/?page_id=8202"},"modified":"2021-02-24T21:40:09","modified_gmt":"2021-02-24T20:40:09","slug":"listy-z-hiszpanii","status":"publish","type":"page","link":"https:\/\/sp1hrubieszow.pl\/index.php\/kronika-2020-2021\/listy-z-hiszpanii\/","title":{"rendered":"Listy z Hiszpanii!"},"content":{"rendered":"\n<p style=\"text-align: left;\"><span style=\"color: #000080;\">Po kilkutygodniowym oczekiwaniu MAMY TO!!! Dosz\u0142y do nas listy od hiszpa\u0144skich dzieci w ramach mojego pomys\u0142u wymiany list\u00f3w mi\u0119dzy szko\u0142ami. Musz\u0119 przyzna\u0107, \u017ce jestem mi\u0142o zaskoczony bardzo dobrym poziomem prac, kt\u00f3re w wielu przypadkach przypominaj\u0105 list po\u0142\u0105czony z prac\u0105 plastyczn\u0105. Na szcz\u0119\u015bcie poziom angielskiego w naszej szkole jest r\u00f3wnie wysoki i dzieci bez problemu poradz\u0105 sobie z projektem. Dzieci z list\u00f3w mog\u0105 si\u0119 dowiedzie\u0107 jak wygl\u0105daj\u0105 ich r\u00f3wie\u015bnicy, czym si\u0119 interesuj\u0105 oraz mog\u0105 zobaczy\u0107 zdj\u0119cia ich zwierzak\u00f3w domowych. W ci\u0105gu 2 tygodni postaram si\u0119 odes\u0142a\u0107 nasze listy, aby dzieci w Hiszpanii mog\u0142y us\u0142ysze\u0107 o Hrubieszowie i Szkole Podstawowej nr 1 \ud83d\ude42<\/span><br><span style=\"color: #000080;\">Dodam, \u017ce dzieci z Hiszpanii zawsze je\u017cd\u017c\u0105 odwiedzi\u0107 miejsce, gdzie \u015bl\u0105 listy &nbsp;(jest to ich 15 wymiana ze szko\u0142ami na ca\u0142ym \u015bwiecie), wi\u0119c mo\u017ce, gdy sko\u0144czy si\u0119 pandemia, b\u0119dziemy mieli go\u015bci w naszej szkole \ud83d\ude42<\/span><\/p>\n<p style=\"text-align: right;\"><br><span style=\"color: #000080;\">Rafa\u0142 Maksymiuk<\/span><\/p>\nngg_shortcode_0_placeholder\n","protected":false},"excerpt":{"rendered":"<p>Po kilkutygodniowym oczekiwaniu MAMY TO!!! Dosz\u0142y do nas listy od hiszpa\u0144skich dzieci w ramach mojego pomys\u0142u wymiany list\u00f3w mi\u0119dzy szko\u0142ami. Musz\u0119 przyzna\u0107, \u017ce jestem mi\u0142o zaskoczony bardzo dobrym poziomem prac, kt\u00f3re w wielu przypadkach przypominaj\u0105 list po\u0142\u0105czony z prac\u0105 plastyczn\u0105. Na szcz\u0119\u015bcie poziom angielskiego w naszej szkole jest r\u00f3wnie wysoki i dzieci bez problemu poradz\u0105 [&hellip;]<\/p>\n","protected":false},"author":2,"featured_media":0,"parent":5983,"menu_order":0,"comment_status":"closed","ping_status":"closed","template":"","meta":{"ngg_post_thumbnail":0,"footnotes":""},"class_list":["post-8202","page","type-page","status-publish","hentry"],"_links":{"self":[{"href":"https:\/\/sp1hrubieszow.pl\/index.php\/wp-json\/wp\/v2\/pages\/8202","targetHints":{"allow":["GET"]}}],"collection":[{"href":"https:\/\/sp1hrubieszow.pl\/index.php\/wp-json\/wp\/v2\/pages"}],"about":[{"href":"https:\/\/sp1hrubieszow.pl\/index.php\/wp-json\/wp\/v2\/types\/page"}],"author":[{"embeddable":true,"href":"https:\/\/sp1hrubieszow.pl\/index.php\/wp-json\/wp\/v2\/users\/2"}],"replies":[{"embeddable":true,"href":"https:\/\/sp1hrubieszow.pl\/index.php\/wp-json\/wp\/v2\/comments?post=8202"}],"version-history":[{"count":1,"href":"https:\/\/sp1hrubieszow.pl\/index.php\/wp-json\/wp\/v2\/pages\/8202\/revisions"}],"predecessor-version":[{"id":8203,"href":"https:\/\/sp1hrubieszow.pl\/index.php\/wp-json\/wp\/v2\/pages\/8202\/revisions\/8203"}],"up":[{"embeddable":true,"href":"https:\/\/sp1hrubieszow.pl\/index.php\/wp-json\/wp\/v2\/pages\/5983"}],"wp:attachment":[{"href":"https:\/\/sp1hrubieszow.pl\/index.php\/wp-json\/wp\/v2\/media?parent=8202"}],"curies":[{"name":"wp","href":"https:\/\/api.w.org\/{rel}","templated":true}]}}