{"id":8191,"date":"2021-02-24T20:04:19","date_gmt":"2021-02-24T19:04:19","guid":{"rendered":"http:\/\/sp1.hrubieszow.info\/?page_id=8191"},"modified":"2021-02-24T20:04:48","modified_gmt":"2021-02-24T19:04:48","slug":"akademia-bezpiecznego-puchatka2021","status":"publish","type":"page","link":"https:\/\/sp1hrubieszow.pl\/index.php\/kronika-2020-2021\/akademia-bezpiecznego-puchatka2021\/","title":{"rendered":"Akademia Bezpiecznego Puchatka&#8217;2021"},"content":{"rendered":"\n<div dir=\"auto\"><img loading=\"lazy\" decoding=\"async\" class=\"alignnone size-medium wp-image-7708\" src=\"http:\/\/sp1.hrubieszow.info\/wp-content\/uploads\/2020\/12\/131994649_3351315251662735_1939667595126457930_o-284x300.jpg\" alt=\"\" width=\"284\" height=\"300\" srcset=\"https:\/\/sp1hrubieszow.pl\/wp-content\/uploads\/2020\/12\/131994649_3351315251662735_1939667595126457930_o-284x300.jpg 284w, https:\/\/sp1hrubieszow.pl\/wp-content\/uploads\/2020\/12\/131994649_3351315251662735_1939667595126457930_o-768x812.jpg 768w, https:\/\/sp1hrubieszow.pl\/wp-content\/uploads\/2020\/12\/131994649_3351315251662735_1939667595126457930_o-969x1024.jpg 969w, https:\/\/sp1hrubieszow.pl\/wp-content\/uploads\/2020\/12\/131994649_3351315251662735_1939667595126457930_o-624x660.jpg 624w, https:\/\/sp1hrubieszow.pl\/wp-content\/uploads\/2020\/12\/131994649_3351315251662735_1939667595126457930_o.jpg 1892w\" sizes=\"auto, (max-width: 284px) 100vw, 284px\" \/><\/div>\n<div dir=\"auto\"><span style=\"color: #000080;\">Wr\u0119czenie pami\u0105tkowych dyplom\u00f3w za udzia\u0142 w programie dla uczni\u00f3w klas Ia i Ib <span class=\"pq6dq46d tbxw36s4 knj5qynh kvgmc6g5 ditlmg2l oygrvhab nvdbi5me sf5mxxl7 gl3lb2sf hhz5lgdu\"><img loading=\"lazy\" decoding=\"async\" src=\"https:\/\/static.xx.fbcdn.net\/images\/emoji.php\/v9\/teb\/2\/16\/1f642.png\" alt=\"?\" width=\"16\" height=\"16\"><\/span><span class=\"pq6dq46d tbxw36s4 knj5qynh kvgmc6g5 ditlmg2l oygrvhab nvdbi5me sf5mxxl7 gl3lb2sf hhz5lgdu\"><img loading=\"lazy\" decoding=\"async\" src=\"https:\/\/static.xx.fbcdn.net\/images\/emoji.php\/v9\/teb\/2\/16\/1f642.png\" alt=\"?\" width=\"16\" height=\"16\"><\/span><\/span><\/div>\n<div dir=\"auto\"><span style=\"color: #000080;\">Certyfikat dla szko\u0142y<\/span><span class=\"pq6dq46d tbxw36s4 knj5qynh kvgmc6g5 ditlmg2l oygrvhab nvdbi5me sf5mxxl7 gl3lb2sf hhz5lgdu\"><img loading=\"lazy\" decoding=\"async\" src=\"https:\/\/static.xx.fbcdn.net\/images\/emoji.php\/v9\/teb\/2\/16\/1f642.png\" alt=\"?\" width=\"16\" height=\"16\"><\/span><\/div>\n<div dir=\"auto\">\nngg_shortcode_0_placeholder\n<\/div>\n","protected":false},"excerpt":{"rendered":"<p>Wr\u0119czenie pami\u0105tkowych dyplom\u00f3w za udzia\u0142 w programie dla uczni\u00f3w klas Ia i Ib Certyfikat dla szko\u0142y<\/p>\n","protected":false},"author":2,"featured_media":0,"parent":5983,"menu_order":0,"comment_status":"closed","ping_status":"closed","template":"","meta":{"ngg_post_thumbnail":0,"footnotes":""},"class_list":["post-8191","page","type-page","status-publish","hentry"],"_links":{"self":[{"href":"https:\/\/sp1hrubieszow.pl\/index.php\/wp-json\/wp\/v2\/pages\/8191","targetHints":{"allow":["GET"]}}],"collection":[{"href":"https:\/\/sp1hrubieszow.pl\/index.php\/wp-json\/wp\/v2\/pages"}],"about":[{"href":"https:\/\/sp1hrubieszow.pl\/index.php\/wp-json\/wp\/v2\/types\/page"}],"author":[{"embeddable":true,"href":"https:\/\/sp1hrubieszow.pl\/index.php\/wp-json\/wp\/v2\/users\/2"}],"replies":[{"embeddable":true,"href":"https:\/\/sp1hrubieszow.pl\/index.php\/wp-json\/wp\/v2\/comments?post=8191"}],"version-history":[{"count":1,"href":"https:\/\/sp1hrubieszow.pl\/index.php\/wp-json\/wp\/v2\/pages\/8191\/revisions"}],"predecessor-version":[{"id":8192,"href":"https:\/\/sp1hrubieszow.pl\/index.php\/wp-json\/wp\/v2\/pages\/8191\/revisions\/8192"}],"up":[{"embeddable":true,"href":"https:\/\/sp1hrubieszow.pl\/index.php\/wp-json\/wp\/v2\/pages\/5983"}],"wp:attachment":[{"href":"https:\/\/sp1hrubieszow.pl\/index.php\/wp-json\/wp\/v2\/media?parent=8191"}],"curies":[{"name":"wp","href":"https:\/\/api.w.org\/{rel}","templated":true}]}}