{"id":8171,"date":"2021-02-23T12:50:42","date_gmt":"2021-02-23T11:50:42","guid":{"rendered":"http:\/\/sp1.hrubieszow.info\/?page_id=8171"},"modified":"2021-02-23T12:51:12","modified_gmt":"2021-02-23T11:51:12","slug":"platnosc-za-obiady","status":"publish","type":"page","link":"https:\/\/sp1hrubieszow.pl\/index.php\/kronika-2020-2021\/platnosc-za-obiady\/","title":{"rendered":"P\u0142atno\u015b\u0107 za obiady"},"content":{"rendered":"\n<p><span style=\"color: #000080;\">Uwaga!<\/span><\/p>\n<p><span style=\"color: #000080;\">Ka\u017cdy ucze\u0144 &nbsp;korzystaj\u0105cy z obiad\u00f3w w miesi\u0105cu&nbsp; marcu 2021 r. w poniedzia\u0142ek (01.03.2021r) otrzyma kartk\u0119 z informacj\u0105 &nbsp;jak\u0105 kwot\u0119 nale\u017cy&nbsp; wp\u0142aci\u0107 &nbsp;za obiady w dniach: 01.03&nbsp; &#8211; 05.03. 2021<\/span><\/p>\n<p><span style=\"color: #000080;\">(na dzie\u0144 05.03.2021r. potwierdzenie wp\u0142aty powinno by\u0107 widoczne na koncie szko\u0142y)<\/span><\/p>\n","protected":false},"excerpt":{"rendered":"<p>Uwaga! Ka\u017cdy ucze\u0144 &nbsp;korzystaj\u0105cy z obiad\u00f3w w miesi\u0105cu&nbsp; marcu 2021 r. w poniedzia\u0142ek (01.03.2021r) otrzyma kartk\u0119 z informacj\u0105 &nbsp;jak\u0105 kwot\u0119 nale\u017cy&nbsp; wp\u0142aci\u0107 &nbsp;za obiady w dniach: 01.03&nbsp; &#8211; 05.03. 2021 (na dzie\u0144 05.03.2021r. potwierdzenie wp\u0142aty powinno by\u0107 widoczne na koncie szko\u0142y)<\/p>\n","protected":false},"author":2,"featured_media":0,"parent":5983,"menu_order":0,"comment_status":"closed","ping_status":"closed","template":"","meta":{"ngg_post_thumbnail":0,"footnotes":""},"class_list":["post-8171","page","type-page","status-publish","hentry"],"_links":{"self":[{"href":"https:\/\/sp1hrubieszow.pl\/index.php\/wp-json\/wp\/v2\/pages\/8171","targetHints":{"allow":["GET"]}}],"collection":[{"href":"https:\/\/sp1hrubieszow.pl\/index.php\/wp-json\/wp\/v2\/pages"}],"about":[{"href":"https:\/\/sp1hrubieszow.pl\/index.php\/wp-json\/wp\/v2\/types\/page"}],"author":[{"embeddable":true,"href":"https:\/\/sp1hrubieszow.pl\/index.php\/wp-json\/wp\/v2\/users\/2"}],"replies":[{"embeddable":true,"href":"https:\/\/sp1hrubieszow.pl\/index.php\/wp-json\/wp\/v2\/comments?post=8171"}],"version-history":[{"count":1,"href":"https:\/\/sp1hrubieszow.pl\/index.php\/wp-json\/wp\/v2\/pages\/8171\/revisions"}],"predecessor-version":[{"id":8172,"href":"https:\/\/sp1hrubieszow.pl\/index.php\/wp-json\/wp\/v2\/pages\/8171\/revisions\/8172"}],"up":[{"embeddable":true,"href":"https:\/\/sp1hrubieszow.pl\/index.php\/wp-json\/wp\/v2\/pages\/5983"}],"wp:attachment":[{"href":"https:\/\/sp1hrubieszow.pl\/index.php\/wp-json\/wp\/v2\/media?parent=8171"}],"curies":[{"name":"wp","href":"https:\/\/api.w.org\/{rel}","templated":true}]}}