{"id":8166,"date":"2021-02-22T19:08:30","date_gmt":"2021-02-22T18:08:30","guid":{"rendered":"http:\/\/sp1.hrubieszow.info\/?page_id=8166"},"modified":"2021-02-22T19:08:49","modified_gmt":"2021-02-22T18:08:49","slug":"bezpieczni-w-sieci","status":"publish","type":"page","link":"https:\/\/sp1hrubieszow.pl\/index.php\/kronika-2020-2021\/bezpieczni-w-sieci\/","title":{"rendered":"&#8222;Bezpieczni w sieci&#8221;"},"content":{"rendered":"\n<p><span style=\"color: #000080;\">22 lutego 2021r. Panie Ma\u0142gorzata Bara\u0144ska oraz Iga Bara\u0144ska, pracownice PPP przeprowadzi\u0142y w klasie 3a zaj\u0119cia na temat &#8222;Bezpieczni w sieci&#8221;. Okaza\u0142o si\u0119, \u017ce jest to dziedzina, kt\u00f3rej zg\u0142\u0119bianie nie ma ko\u0144ca. Uczniowie podsumowali czas sp\u0119dzony z paniami jako pouczaj\u0105cy, czadowy, inspiruj\u0105cy, motywuj\u0105cy, ciekawy, zabawny. Nie trzeba dodawa\u0107 nic wi\u0119cej. Wystarczy, \u017ce panie by\u0142y r\u00f3wnie zadowolone z zaanga\u017cowania uczni\u00f3w podczas zaj\u0119\u0107. Dzi\u0119kujemy Paniom bardzo.&nbsp;<\/span><\/p>\nngg_shortcode_0_placeholder\n","protected":false},"excerpt":{"rendered":"<p>22 lutego 2021r. Panie Ma\u0142gorzata Bara\u0144ska oraz Iga Bara\u0144ska, pracownice PPP przeprowadzi\u0142y w klasie 3a zaj\u0119cia na temat &#8222;Bezpieczni w sieci&#8221;. Okaza\u0142o si\u0119, \u017ce jest to dziedzina, kt\u00f3rej zg\u0142\u0119bianie nie ma ko\u0144ca. Uczniowie podsumowali czas sp\u0119dzony z paniami jako pouczaj\u0105cy, czadowy, inspiruj\u0105cy, motywuj\u0105cy, ciekawy, zabawny. Nie trzeba dodawa\u0107 nic wi\u0119cej. Wystarczy, \u017ce panie by\u0142y r\u00f3wnie [&hellip;]<\/p>\n","protected":false},"author":2,"featured_media":0,"parent":5983,"menu_order":0,"comment_status":"closed","ping_status":"closed","template":"","meta":{"ngg_post_thumbnail":0,"footnotes":""},"class_list":["post-8166","page","type-page","status-publish","hentry"],"_links":{"self":[{"href":"https:\/\/sp1hrubieszow.pl\/index.php\/wp-json\/wp\/v2\/pages\/8166","targetHints":{"allow":["GET"]}}],"collection":[{"href":"https:\/\/sp1hrubieszow.pl\/index.php\/wp-json\/wp\/v2\/pages"}],"about":[{"href":"https:\/\/sp1hrubieszow.pl\/index.php\/wp-json\/wp\/v2\/types\/page"}],"author":[{"embeddable":true,"href":"https:\/\/sp1hrubieszow.pl\/index.php\/wp-json\/wp\/v2\/users\/2"}],"replies":[{"embeddable":true,"href":"https:\/\/sp1hrubieszow.pl\/index.php\/wp-json\/wp\/v2\/comments?post=8166"}],"version-history":[{"count":1,"href":"https:\/\/sp1hrubieszow.pl\/index.php\/wp-json\/wp\/v2\/pages\/8166\/revisions"}],"predecessor-version":[{"id":8167,"href":"https:\/\/sp1hrubieszow.pl\/index.php\/wp-json\/wp\/v2\/pages\/8166\/revisions\/8167"}],"up":[{"embeddable":true,"href":"https:\/\/sp1hrubieszow.pl\/index.php\/wp-json\/wp\/v2\/pages\/5983"}],"wp:attachment":[{"href":"https:\/\/sp1hrubieszow.pl\/index.php\/wp-json\/wp\/v2\/media?parent=8166"}],"curies":[{"name":"wp","href":"https:\/\/api.w.org\/{rel}","templated":true}]}}