{"id":816,"date":"2019-04-29T11:16:59","date_gmt":"2019-04-29T09:16:59","guid":{"rendered":"http:\/\/sp1.hrubieszow.info\/?page_id=816"},"modified":"2019-04-29T11:16:59","modified_gmt":"2019-04-29T09:16:59","slug":"swiatowy-dzien-ksiazki-w-klubie-ortograffiti-2019","status":"publish","type":"page","link":"https:\/\/sp1hrubieszow.pl\/index.php\/nauczyciele\/pedagog\/pedagog-2019\/swiatowy-dzien-ksiazki-w-klubie-ortograffiti-2019\/","title":{"rendered":"\u015awiatowy Dzie\u0144 Ksi\u0105\u017cki w \u201eKlubie Ortograffiti\u201d -2019"},"content":{"rendered":"\n<p style=\"text-align: justify;\"><span style=\"color: #000080;\">&nbsp;<\/span><\/p>\n<p style=\"text-align: justify;\"><span style=\"color: #000080;\">W dniu 26.04.2019r. uczniowie klasy 1c Szko\u0142y Podstawowej Nr 1 w Hrubieszowie uczestniczyli w akcji czytelniczej, zorganizowanej z okazji \u015awiatowego Dnia Ksi\u0105\u017cki.<\/span><\/p>\n<p style=\"text-align: justify;\"><span style=\"color: #000080;\">Zaj\u0119cia pt. \u201eCzytanie i rysowanie czyli Dnia Ksi\u0105\u017cki \u015bwi\u0119towanie\u201d zosta\u0142y zorganizowane <\/span><br><span style=\"color: #000080;\">w ramach realizacji innowacji pedagogicznej \u201eKlub Ortograffiti\u201d oraz projektu \u201eStarsi-m\u0142odszym\u201d.<\/span><br><span style=\"color: #000080;\">Uczennice klasy 5b: Aleksandra Kruk, Zofia \u015aliwa, Amelia Panasiewicz oraz Dominika Zezula czyta\u0142y pierwszoklasistom swoje ulubione bajki z dzieci\u0144stwa. Zadaniem dzieci by\u0142o uwa\u017cne s\u0142uchanie, odpowiadanie na pytania do tekstu oraz tworzenie pracy plastycznej ilustruj\u0105cej bohater\u00f3w bajek i ba\u015bni. Podczas zaj\u0119\u0107 uczniowie rozmawiali o swoich ulubionych ksi\u0105\u017ckach ze szkolnej biblioteki oraz nauczyli si\u0119 rymowanki Bratka:<\/span><br><span style=\"color: #000080;\"><strong>\u201eZr\u00f3b sobie przerw\u0119 od telewizora, odejd\u017a na d\u0142u\u017cej od monitora, bo w bibliotece na Ciebie czeka ksi\u0105\u017cka-najlepszy przyjaciel cz\u0142owieka\u201d. <\/strong>Celem zaj\u0119\u0107 by\u0142o promowanie czytelnictwa oraz zach\u0119canie do samodzielnego czytania. Na zako\u0144czenie uczniowie otrzymali naklejki oraz wykonali pami\u0105tkowe zdj\u0119cia ze starszymi kole\u017cankami.<\/span><\/p>\n<p style=\"text-align: justify;\">&nbsp;<\/p>\n<p style=\"text-align: right;\"><span style=\"color: #000080;\">Opiekun \u201eKlubu Ortograffiti\u201d- Marta<\/span><\/p>\nngg_shortcode_0_placeholder\n","protected":false},"excerpt":{"rendered":"<p>&nbsp; W dniu 26.04.2019r. uczniowie klasy 1c Szko\u0142y Podstawowej Nr 1 w Hrubieszowie uczestniczyli w akcji czytelniczej, zorganizowanej z okazji \u015awiatowego Dnia Ksi\u0105\u017cki. Zaj\u0119cia pt. \u201eCzytanie i rysowanie czyli Dnia Ksi\u0105\u017cki \u015bwi\u0119towanie\u201d zosta\u0142y zorganizowane w ramach realizacji innowacji pedagogicznej \u201eKlub Ortograffiti\u201d oraz projektu \u201eStarsi-m\u0142odszym\u201d.Uczennice klasy 5b: Aleksandra Kruk, Zofia \u015aliwa, Amelia Panasiewicz oraz Dominika Zezula [&hellip;]<\/p>\n","protected":false},"author":1,"featured_media":0,"parent":75,"menu_order":7,"comment_status":"closed","ping_status":"closed","template":"","meta":{"ngg_post_thumbnail":0,"footnotes":""},"class_list":["post-816","page","type-page","status-publish","hentry"],"_links":{"self":[{"href":"https:\/\/sp1hrubieszow.pl\/index.php\/wp-json\/wp\/v2\/pages\/816","targetHints":{"allow":["GET"]}}],"collection":[{"href":"https:\/\/sp1hrubieszow.pl\/index.php\/wp-json\/wp\/v2\/pages"}],"about":[{"href":"https:\/\/sp1hrubieszow.pl\/index.php\/wp-json\/wp\/v2\/types\/page"}],"author":[{"embeddable":true,"href":"https:\/\/sp1hrubieszow.pl\/index.php\/wp-json\/wp\/v2\/users\/1"}],"replies":[{"embeddable":true,"href":"https:\/\/sp1hrubieszow.pl\/index.php\/wp-json\/wp\/v2\/comments?post=816"}],"version-history":[{"count":1,"href":"https:\/\/sp1hrubieszow.pl\/index.php\/wp-json\/wp\/v2\/pages\/816\/revisions"}],"predecessor-version":[{"id":817,"href":"https:\/\/sp1hrubieszow.pl\/index.php\/wp-json\/wp\/v2\/pages\/816\/revisions\/817"}],"up":[{"embeddable":true,"href":"https:\/\/sp1hrubieszow.pl\/index.php\/wp-json\/wp\/v2\/pages\/75"}],"wp:attachment":[{"href":"https:\/\/sp1hrubieszow.pl\/index.php\/wp-json\/wp\/v2\/media?parent=816"}],"curies":[{"name":"wp","href":"https:\/\/api.w.org\/{rel}","templated":true}]}}