{"id":8151,"date":"2021-02-19T20:25:36","date_gmt":"2021-02-19T19:25:36","guid":{"rendered":"http:\/\/sp1.hrubieszow.info\/?page_id=8151"},"modified":"2021-02-19T20:27:04","modified_gmt":"2021-02-19T19:27:04","slug":"konkurs-najpiekniejsza-maska-karnawalowa","status":"publish","type":"page","link":"https:\/\/sp1hrubieszow.pl\/index.php\/kronika-2020-2021\/konkurs-najpiekniejsza-maska-karnawalowa\/","title":{"rendered":"Konkurs  ,,Najpi\u0119kniejsza Maska Karnawa\u0142owa\u201d"},"content":{"rendered":"\n<p><span style=\"color: #000080;\">Dnia 15 lutego 2021 r. zosta\u0142 rozstrzygni\u0119ty konkurs plastyczny pt. ,,Najpi\u0119kniejsza Maska karnawa\u0142owa\u201d. Celem konkursu by\u0142o rozbudzenie tw\u00f3rczej inwencji, &nbsp;kreatywno\u015bci dziecka, &nbsp;mo\u017cliwo\u015bci \u0142\u0105czenia r\u00f3\u017cnych technik plastycznych oraz piel\u0119gnowania &nbsp;tradycji karnawa\u0142owych. Konkurs cieszy\u0142 si\u0119 du\u017cym powodzeniem, a temat okaza\u0142 si\u0119 bardzo ciekawy. Do konkursu przyst\u0105pili uczniowie z klas 4-7 i oddzia\u0142u przedszkolnego, kt\u00f3rzy wykonali przepi\u0119kne maski karnawa\u0142owe. <\/span><br><span style=\"color: #000080;\"><strong>Dyplomy i wyr\u00f3\u017cnienia otrzymali:<\/strong> <\/span><br><span style=\"color: #000080;\"><strong>Oddzia\u0142 przedszkolny:<\/strong> <\/span><br><span style=\"color: #000080;\">1. Miejsce: Maja Ma\u015bluszczak <\/span><br><span style=\"color: #000080;\">2. Miejsce: Dawid Go\u0142\u0119biowski <\/span><br><span style=\"color: #000080;\">3. Miejsce: Eliza Su\u0142ek i Sidorczuk Kacper<\/span><br><span style=\"color: #000080;\">Wyr\u00f3\u017cnienia:<\/span><br><span style=\"color: #000080;\">Jakub Karpiuk <\/span><br><span style=\"color: #000080;\">Oliwia Bardyga<\/span><br><span style=\"color: #000080;\">Amelia B\u0142aszczuk <\/span><br><span style=\"color: #000080;\">Wiktor Rzepka <\/span><br><span style=\"color: #000080;\"><strong>Klasy IV<\/strong> <\/span><br><span style=\"color: #000080;\">1 Miejsce: Szymczuk Magdalena kl.4b <\/span><br><span style=\"color: #000080;\">2 Miejsce: Dawid Ka\u0144ski kl.4c <\/span><br><span style=\"color: #000080;\">3 Miejsce: Oskar Urbaniak kl.4a <\/span><br><span style=\"color: #000080;\">Wyr\u00f3\u017cnienia:<\/span><br><span style=\"color: #000080;\">Szyma\u0144ska Agata kl.4b<\/span><br><span style=\"color: #000080;\">Gardzio\u0142a Miko\u0142aj kl.4b<\/span><br><span style=\"color: #000080;\">Dawid Dworak kl.4b<\/span><br><span style=\"color: #000080;\">Dominik Kowalczuk kl.4b<\/span><br><span style=\"color: #000080;\"><strong>Klasa V<\/strong> <\/span><br><span style=\"color: #000080;\">1 Miejsce: Kateryna Ivatsova kl.5a <\/span><br><span style=\"color: #000080;\">2 Miejsce: Wiktor Konopko kl.5a<\/span><br><span style=\"color: #000080;\">3 Miejsce: Stadnicki Karol kl.5a <\/span><br><strong><span style=\"color: #000080;\">Klasy VI-VII<\/span><\/strong><br><span style=\"color: #000080;\">1 Miejsce: Ba\u0142szan Patrycja kl.6a <\/span><br><span style=\"color: #000080;\">2 Miejsce: Mateusz Kornaszewski kl.6a <\/span><br><span style=\"color: #000080;\">3 Miejsce: Oliwia M\u0105czka kl.6d<\/span><br><span style=\"color: #000080;\">Wyr\u00f3\u017cnienia:<\/span><br><span style=\"color: #000080;\">Justyna Onisk kl.7d<\/span><br><span style=\"color: #000080;\">Maja Nowacka kl.6c<\/span><br><span style=\"color: #000080;\">Wygrani otrzymali drobne upominki, kt\u00f3re motywuj\u0105 dzieci do brania udzia\u0142u w organizowanych konkursach.<\/span><\/p>\nngg_shortcode_0_placeholder\n","protected":false},"excerpt":{"rendered":"<p>Dnia 15 lutego 2021 r. zosta\u0142 rozstrzygni\u0119ty konkurs plastyczny pt. ,,Najpi\u0119kniejsza Maska karnawa\u0142owa\u201d. Celem konkursu by\u0142o rozbudzenie tw\u00f3rczej inwencji, &nbsp;kreatywno\u015bci dziecka, &nbsp;mo\u017cliwo\u015bci \u0142\u0105czenia r\u00f3\u017cnych technik plastycznych oraz piel\u0119gnowania &nbsp;tradycji karnawa\u0142owych. Konkurs cieszy\u0142 si\u0119 du\u017cym powodzeniem, a temat okaza\u0142 si\u0119 bardzo ciekawy. Do konkursu przyst\u0105pili uczniowie z klas 4-7 i oddzia\u0142u przedszkolnego, kt\u00f3rzy wykonali przepi\u0119kne maski [&hellip;]<\/p>\n","protected":false},"author":2,"featured_media":0,"parent":5983,"menu_order":0,"comment_status":"closed","ping_status":"closed","template":"","meta":{"ngg_post_thumbnail":0,"footnotes":""},"class_list":["post-8151","page","type-page","status-publish","hentry"],"_links":{"self":[{"href":"https:\/\/sp1hrubieszow.pl\/index.php\/wp-json\/wp\/v2\/pages\/8151","targetHints":{"allow":["GET"]}}],"collection":[{"href":"https:\/\/sp1hrubieszow.pl\/index.php\/wp-json\/wp\/v2\/pages"}],"about":[{"href":"https:\/\/sp1hrubieszow.pl\/index.php\/wp-json\/wp\/v2\/types\/page"}],"author":[{"embeddable":true,"href":"https:\/\/sp1hrubieszow.pl\/index.php\/wp-json\/wp\/v2\/users\/2"}],"replies":[{"embeddable":true,"href":"https:\/\/sp1hrubieszow.pl\/index.php\/wp-json\/wp\/v2\/comments?post=8151"}],"version-history":[{"count":1,"href":"https:\/\/sp1hrubieszow.pl\/index.php\/wp-json\/wp\/v2\/pages\/8151\/revisions"}],"predecessor-version":[{"id":8152,"href":"https:\/\/sp1hrubieszow.pl\/index.php\/wp-json\/wp\/v2\/pages\/8151\/revisions\/8152"}],"up":[{"embeddable":true,"href":"https:\/\/sp1hrubieszow.pl\/index.php\/wp-json\/wp\/v2\/pages\/5983"}],"wp:attachment":[{"href":"https:\/\/sp1hrubieszow.pl\/index.php\/wp-json\/wp\/v2\/media?parent=8151"}],"curies":[{"name":"wp","href":"https:\/\/api.w.org\/{rel}","templated":true}]}}