{"id":8123,"date":"2021-02-18T20:16:01","date_gmt":"2021-02-18T19:16:01","guid":{"rendered":"http:\/\/sp1.hrubieszow.info\/?page_id=8123"},"modified":"2021-02-18T20:16:21","modified_gmt":"2021-02-18T19:16:21","slug":"karnawalowy-bal-walentynkowy","status":"publish","type":"page","link":"https:\/\/sp1hrubieszow.pl\/index.php\/kronika-2020-2021\/karnawalowy-bal-walentynkowy\/","title":{"rendered":"Karnawa\u0142owy Bal Walentynkowy"},"content":{"rendered":"\n<p><span style=\"color: #000080;\">Karnawa\u0142 to czas zabaw i bal\u00f3w, tak\u017ce dla najm\u0142odszych. Kolorowe stroje i skoczna muzyka\u2013 w takiej atmosferze bawi\u0142y si\u0119 dzieci 12 lutego podczas Karnawa\u0142owego Balu Walentynkowego w oddziale przedszkolnym. <\/span><br><span style=\"color: #000080;\">Tego dnia ju\u017c od rana w przedszkolu pojawia\u0142y si\u0119 kolorowe postacie. Dzieci z dum\u0105 prezentowa\u0142y bajeczne stroje. Z wielk\u0105 ochot\u0105 uczestniczy\u0142y w ta\u0144cach, zabawach i konkursach. Na twarzach wszystkich malowa\u0142 si\u0119 u\u015bmiech, kt\u00f3ry nie znika\u0142 mimo chwilowego zm\u0119czenia.<\/span><br><span style=\"color: #000080;\">Bal by\u0142 okazj\u0105 do zintegrowania dzieci i pozostawi\u0142 wiele niesamowitych wra\u017ce\u0144. Dzi\u0119kujemy wszystkim rodzicom za zaanga\u017cowanie w przygotowanie pi\u0119knych stroj\u00f3w dla dzieci.<\/span><\/p>\nngg_shortcode_0_placeholder\n","protected":false},"excerpt":{"rendered":"<p>Karnawa\u0142 to czas zabaw i bal\u00f3w, tak\u017ce dla najm\u0142odszych. Kolorowe stroje i skoczna muzyka\u2013 w takiej atmosferze bawi\u0142y si\u0119 dzieci 12 lutego podczas Karnawa\u0142owego Balu Walentynkowego w oddziale przedszkolnym. Tego dnia ju\u017c od rana w przedszkolu pojawia\u0142y si\u0119 kolorowe postacie. Dzieci z dum\u0105 prezentowa\u0142y bajeczne stroje. Z wielk\u0105 ochot\u0105 uczestniczy\u0142y w ta\u0144cach, zabawach i konkursach. [&hellip;]<\/p>\n","protected":false},"author":2,"featured_media":0,"parent":5983,"menu_order":0,"comment_status":"closed","ping_status":"closed","template":"","meta":{"ngg_post_thumbnail":0,"footnotes":""},"class_list":["post-8123","page","type-page","status-publish","hentry"],"_links":{"self":[{"href":"https:\/\/sp1hrubieszow.pl\/index.php\/wp-json\/wp\/v2\/pages\/8123","targetHints":{"allow":["GET"]}}],"collection":[{"href":"https:\/\/sp1hrubieszow.pl\/index.php\/wp-json\/wp\/v2\/pages"}],"about":[{"href":"https:\/\/sp1hrubieszow.pl\/index.php\/wp-json\/wp\/v2\/types\/page"}],"author":[{"embeddable":true,"href":"https:\/\/sp1hrubieszow.pl\/index.php\/wp-json\/wp\/v2\/users\/2"}],"replies":[{"embeddable":true,"href":"https:\/\/sp1hrubieszow.pl\/index.php\/wp-json\/wp\/v2\/comments?post=8123"}],"version-history":[{"count":1,"href":"https:\/\/sp1hrubieszow.pl\/index.php\/wp-json\/wp\/v2\/pages\/8123\/revisions"}],"predecessor-version":[{"id":8124,"href":"https:\/\/sp1hrubieszow.pl\/index.php\/wp-json\/wp\/v2\/pages\/8123\/revisions\/8124"}],"up":[{"embeddable":true,"href":"https:\/\/sp1hrubieszow.pl\/index.php\/wp-json\/wp\/v2\/pages\/5983"}],"wp:attachment":[{"href":"https:\/\/sp1hrubieszow.pl\/index.php\/wp-json\/wp\/v2\/media?parent=8123"}],"curies":[{"name":"wp","href":"https:\/\/api.w.org\/{rel}","templated":true}]}}