{"id":8104,"date":"2021-02-16T19:03:59","date_gmt":"2021-02-16T18:03:59","guid":{"rendered":"http:\/\/sp1.hrubieszow.info\/?page_id=8104"},"modified":"2021-02-16T19:04:17","modified_gmt":"2021-02-16T18:04:17","slug":"dzien-bezpiecznego-internetu","status":"publish","type":"page","link":"https:\/\/sp1hrubieszow.pl\/index.php\/kronika-2020-2021\/dzien-bezpiecznego-internetu\/","title":{"rendered":"Dzie\u0144 Bezpiecznego Internetu"},"content":{"rendered":"\n<div class=\"o9v6fnle cxmmr5t8 oygrvhab hcukyx3x c1et5uql ii04i59q\">\n<div dir=\"auto\"><span style=\"color: #000080;\">Wzorem lat ubieg\u0142ych zg\u0142oszono inicjatyw\u0119 Szko\u0142y Podstawowej Nr 1 im. Boles\u0142awa Prusa w Hrubieszowie do og\u00f3lnopolskiej mapy inicjatyw, zwi\u0105zanych z obchodami \u201eDnia Bezpiecznego Internetu\u201d , kt\u00f3re odby\u0142y si\u0119 09.02.2021r., <strong>pod has\u0142em: \u201eDzia\u0142ajmy Razem\u201d.<\/strong><\/span><\/div>\n<div dir=\"auto\"><span style=\"color: #000080;\">W dniach 01-15.02.2021r. zrealizowano dzia\u0142ania, maj\u0105ce na celu podniesienie \u015bwiadomo\u015bci dzieci, m\u0142odzie\u017cy oraz rodzic\u00f3w w zakresie bezpiecznego korzystania z zasob\u00f3w Internetu. Pedagog szkolny odwiedzi\u0142 wszystkie klasy I-III w celu przypomnienia uczniom najwa\u017cniejszych zasad bezpiecze\u0144stwa w Internecie oraz polecenia warto\u015bciowych stron internetowych, dedykowanym dzieciom w zakresie bezpiecze\u0144stwa w sieci.<\/span><\/div>\n<div dir=\"auto\"><span style=\"color: #000080;\">Dodatkowo, w wybranych oddzia\u0142ach oby\u0142y si\u0119 zaj\u0119cia w formie stacjonarnej i on-line, z filami edukacyjnymi i materia\u0142ami proponowanymi przez Fundacj\u0119 Dzieci Niczyje w tym: \u201dOwce w sieci\u201d, \u201eSieciaki\u201d oraz filmiki o odpowiedzialno\u015bci ci\u0105\u017c\u0105cej na m\u0142odym u\u017cytkowniku Internetu. Za aktywno\u015b\u0107 i wiedz\u0119 na zaj\u0119ciach w klasie IIa wyr\u00f3\u017cniono Larys\u0119 i Konrada, kt\u00f3rzy otrzymali ksi\u0105\u017ceczki edukacyjne. Uczniom klasy Va, podczas zaj\u0119\u0107 na Microsoft Teams, u\u015bwiadomiono czym jest cyberprzemoc oraz zwr\u00f3cono uwag\u0119 na niebezpieczne sytuacje, kt\u00f3re mog\u0105 si\u0119 przydarzy\u0107 w sieci np. podczas internetowych zakup\u00f3w. Uczniowie dowiedzieli si\u0119 tak\u017ce jak chroni\u0107 swoje dane osobowe, wizerunek w sieci i has\u0142a. Wszyscy uczniowie i rodzice otrzymali elektroniczne materia\u0142y edukacyjne, <\/span><span style=\"color: #000080;\">w tym infografik\u0119 dotycz\u0105c\u0105 bezpiecze\u0144stwa w sieci<\/span><\/div>\n<div dir=\"auto\"><span style=\"color: #000080;\">i komputerowych uzale\u017cnie\u0144, kt\u00f3re przes\u0142ano za po\u015brednictwem dziennika elektronicznego. Wykonano gazetk\u0119 edukacyjn\u0105 na szkolnym korytarzu, za\u015b w gazetce szkolnej \u201eJedyneczka\u201d ukaza\u0142 si\u0119 artyku\u0142 dotycz\u0105cy bezpiecznych internetowych zasad.<\/span><\/div>\n<\/div>\n<div class=\"o9v6fnle cxmmr5t8 oygrvhab hcukyx3x c1et5uql ii04i59q\">\n<div dir=\"auto\"><span style=\"color: #000080;\">Og\u0142oszono i rozstrzygni\u0119to konkursy plastyczno-literackie, <\/span><span style=\"color: #000080;\">w kt\u00f3rych laureatami zostali:<\/span><\/div>\n<div dir=\"auto\"><strong><span style=\"color: #000080;\">Konkurs plastyczno-literacki \u201eBezpieczny i kolorowy Kodeks Internetowy\u201d<\/span><\/strong><\/div>\n<div dir=\"auto\"><span style=\"color: #000080;\"><strong>Laureaci w klasach I:<\/strong> Adriana Kowalczuk, kl. Ia, Lena Sawicka, <\/span><span style=\"color: #000080;\">kl. Ia, Jakub Kalbarczyk, kl. Ia,&nbsp; Yeva Pisklova, kl. Ib<\/span><\/div>\n<div dir=\"auto\"><span style=\"color: #000080;\"><strong>Laureaci w klasach II:<\/strong> Lena Pilipczuk, kl. IIb, Zuzanna Kudelska, <\/span><span style=\"color: #000080;\">kl. IIa, Gabriela Skowron, kl. IIc , Lena Ni\u017anikowska, kl. IIc<\/span><\/div>\n<div dir=\"auto\"><span style=\"color: #000080;\"><strong>Laureaci w klasach III:<\/strong> Paula Wilczy\u0144ska, kl. IIIa, Maja Klimkowska, kl. IIIa. Hubert Wawryk, kl. IIIa, Maja Magdziak, kl. IIIb, Anastazja Kura\u015b, kl. IIIc, Anna Metyk, kl. IIIc<\/span><\/div>\n<div dir=\"auto\"><span style=\"color: #000080;\"><strong>Laureaci w klasach IV-V<\/strong>: Oskar Urbaniak, kl. IVa, Dawid Dworak,<\/span><span style=\"color: #000080;\">. IVb, Dawid Ka\u0144ski, kl. IVc, Karol Stadnicki, kl. Va<\/span><\/div>\n<\/div>\n<div class=\"o9v6fnle cxmmr5t8 oygrvhab hcukyx3x c1et5uql ii04i59q\">\n<div dir=\"auto\"><strong><span style=\"color: #000080;\">Konkurs literacki \u201eB\u0105d\u017a ostro\u017cny w sieci\u201d<\/span><\/strong><\/div>\n<div dir=\"auto\"><span style=\"color: #000080;\"><strong>Laureatki:<\/strong> Michalina Wo\u017aniak, kl. VIIb, Kornelia Kruk, kl. VIIIc<\/span><\/div>\n<\/div>\n<div class=\"o9v6fnle cxmmr5t8 oygrvhab hcukyx3x c1et5uql ii04i59q\">\n<div dir=\"auto\"><span style=\"color: #000080;\">Nagrody i dyplomy zosta\u0142y ufundowane przez Gmin\u0119 Miejsk\u0105 Hrubiesz\u00f3w, w ramach realizacji programu profilaktycznego: \u201eWybieramy zdrowe \u017cycie\u201d. Organizatorem wymienionych dzia\u0142a\u0144<\/span><\/div>\n<div dir=\"auto\"><span style=\"color: #000080;\">i konkurs\u00f3w w ramach obchod\u00f3w \u201eDnia Bezpiecznego Internetu\u20192021\u201d by\u0142a Marta Kuczy\u0144ska, pedagog szkolny.<\/span><\/div>\n<div dir=\"auto\">\nngg_shortcode_0_placeholder\n<\/div>\n<\/div>\n","protected":false},"excerpt":{"rendered":"<p>Wzorem lat ubieg\u0142ych zg\u0142oszono inicjatyw\u0119 Szko\u0142y Podstawowej Nr 1 im. Boles\u0142awa Prusa w Hrubieszowie do og\u00f3lnopolskiej mapy inicjatyw, zwi\u0105zanych z obchodami \u201eDnia Bezpiecznego Internetu\u201d , kt\u00f3re odby\u0142y si\u0119 09.02.2021r., pod has\u0142em: \u201eDzia\u0142ajmy Razem\u201d. W dniach 01-15.02.2021r. zrealizowano dzia\u0142ania, maj\u0105ce na celu podniesienie \u015bwiadomo\u015bci dzieci, m\u0142odzie\u017cy oraz rodzic\u00f3w w zakresie bezpiecznego korzystania z zasob\u00f3w Internetu. Pedagog [&hellip;]<\/p>\n","protected":false},"author":2,"featured_media":0,"parent":5983,"menu_order":0,"comment_status":"closed","ping_status":"closed","template":"","meta":{"ngg_post_thumbnail":0,"footnotes":""},"class_list":["post-8104","page","type-page","status-publish","hentry"],"_links":{"self":[{"href":"https:\/\/sp1hrubieszow.pl\/index.php\/wp-json\/wp\/v2\/pages\/8104","targetHints":{"allow":["GET"]}}],"collection":[{"href":"https:\/\/sp1hrubieszow.pl\/index.php\/wp-json\/wp\/v2\/pages"}],"about":[{"href":"https:\/\/sp1hrubieszow.pl\/index.php\/wp-json\/wp\/v2\/types\/page"}],"author":[{"embeddable":true,"href":"https:\/\/sp1hrubieszow.pl\/index.php\/wp-json\/wp\/v2\/users\/2"}],"replies":[{"embeddable":true,"href":"https:\/\/sp1hrubieszow.pl\/index.php\/wp-json\/wp\/v2\/comments?post=8104"}],"version-history":[{"count":1,"href":"https:\/\/sp1hrubieszow.pl\/index.php\/wp-json\/wp\/v2\/pages\/8104\/revisions"}],"predecessor-version":[{"id":8105,"href":"https:\/\/sp1hrubieszow.pl\/index.php\/wp-json\/wp\/v2\/pages\/8104\/revisions\/8105"}],"up":[{"embeddable":true,"href":"https:\/\/sp1hrubieszow.pl\/index.php\/wp-json\/wp\/v2\/pages\/5983"}],"wp:attachment":[{"href":"https:\/\/sp1hrubieszow.pl\/index.php\/wp-json\/wp\/v2\/media?parent=8104"}],"curies":[{"name":"wp","href":"https:\/\/api.w.org\/{rel}","templated":true}]}}