{"id":8052,"date":"2021-02-14T20:00:49","date_gmt":"2021-02-14T19:00:49","guid":{"rendered":"http:\/\/sp1.hrubieszow.info\/?page_id=8052"},"modified":"2021-02-14T20:01:21","modified_gmt":"2021-02-14T19:01:21","slug":"warsztaty-madrzy-rodzice-w-hrubieszowie-ix-edycja","status":"publish","type":"page","link":"https:\/\/sp1hrubieszow.pl\/index.php\/kronika-2020-2021\/warsztaty-madrzy-rodzice-w-hrubieszowie-ix-edycja\/","title":{"rendered":"Warsztaty \u201e M\u0105drzy Rodzice\u201d w Hrubieszowie- IX edycja"},"content":{"rendered":"\n<p><strong><span style=\"color: #000080;\"><img loading=\"lazy\" decoding=\"async\" class=\"alignnone size-full wp-image-8051\" src=\"http:\/\/sp1.hrubieszow.info\/wp-content\/uploads\/2021\/02\/images.jpg\" alt=\"\" width=\"246\" height=\"205\">&nbsp; &nbsp; &nbsp; &nbsp; &nbsp; &nbsp; &nbsp;<img loading=\"lazy\" decoding=\"async\" class=\"alignnone size-full wp-image-8050\" src=\"http:\/\/sp1.hrubieszow.info\/wp-content\/uploads\/2021\/02\/images-1.jpg\" alt=\"\" width=\"256\" height=\"197\"><\/span><\/strong><\/p>\n<p><strong><span style=\"color: #000080;\">Zapisy na warsztaty<\/span><\/strong><\/p>\n<p><strong><span style=\"color: #000080;\">Rodzicu!<\/span><\/strong><br><span style=\"color: #000080;\">Okres pandemii okaza\u0142 si\u0119 ci\u0119\u017ck\u0105 pr\u00f3b\u0105 dla wszystkich ludzi, w spos\u00f3b szczeg\u00f3lny dotkn\u0105\u0142 dzieci i m\u0142odzie\u017c oraz ich rodzic\u00f3w. Tegoroczna edycja warsztat\u00f3w \u201eM\u0105drzy Rodzice\u201d b\u0119dzie po\u015bwi\u0119cona w du\u017cej mierze profilaktyce zdrowia psychicznego i kszta\u0142towaniu umiej\u0119tno\u015bci radzenia sobie w trudnych sytuacjach. Dzi\u0119ki warsztatom \u201eM\u0105drzy Rodzice\u201d we\u017amiesz udzia\u0142 w szkoleniu, podnosz\u0105cym Twoje kompetencje wychowawcze lecz przede wszystkim uzyskasz odpowiedzi na nurtuj\u0105ce Ci\u0119 trudne pytania zwi\u0105zane z rodzicielstwem a tak\u017ce otrzymasz wsparcie specjalist\u00f3w i innych rodzic\u00f3w.<\/span><\/p>\n<p><span style=\"color: #000080;\">IX edycja bezp\u0142atnych warsztat\u00f3w \u201eM\u0105drzy Rodzice\u201d b\u0119dzie realizowana we wsp\u00f3\u0142pracy <\/span><br><span style=\"color: #000080;\">z Gmin\u0105 Miejsk\u0105 Hrubiesz\u00f3w w Szkole Podstawowej Nr 1 im. Boles\u0142awa Prusa <\/span><br><span style=\"color: #000080;\">w Hrubieszowie, wiosn\u0105 2021r. Data rozpocz\u0119cia warsztat\u00f3w zostanie podana po zako\u0144czeniu zapis\u00f3w, b\u0119dzie ona uzale\u017cniona od aktualnej sytuacji sanitarno-epidemiologicznej w kraju.<\/span><br><span style=\"color: #000080;\">Poprzednie edycje warsztat\u00f3w realizowane w latach 2012-2020 spotka\u0142y si\u0119 z bardzo dobrym odbiorem ze strony rodzic\u00f3w i opiekun\u00f3w-uczestnik\u00f3w zaj\u0119\u0107.<\/span><br><span style=\"color: #000080;\">Priorytetowym celem warsztat\u00f3w jest \u0107wiczenie praktycznych umiej\u0119tno\u015bci budowania prawid\u0142owych relacji z dzie\u0107mi i m\u0142odzie\u017c\u0105, pomaganie doros\u0142ym w kszta\u0142towaniu swojego \u017cycia na miar\u0119 rodzicielskiej mi\u0142o\u015bci i odpowiedzialno\u015bci.<\/span><br><span style=\"color: #000080;\">Zaj\u0119cia warsztatowe maj\u0105 na celu rozwijanie kompetencji wychowawczych rodzic\u00f3w oraz podniesienie poziomu wiedzy dotycz\u0105cej prawid\u0142owej komunikacji z dzieckiem, m\u0105drej dyscypliny, \u017cywienia, higieny, szczepie\u0144 ochronnych, prawnej ochrony rodziny, wychowania do seksualno\u015bci, wychowania w duchu warto\u015bci, zapobiegania uzale\u017cnieniom i innym zrachowaniom ryzykownym w\u015br\u00f3d dzieci i m\u0142odzie\u017cy. Podczas warsztat\u00f3w, rodzice b\u0119d\u0105 mogli dzieli\u0107 si\u0119 swoimi rado\u015bciami i troskami w ramach \u201eGrupy wsparcia\u201d. Zaj\u0119cia dla rodzic\u00f3w poprowadzi certyfikowany lider programu \u201e M\u0105drzy Rodzice\u201d wraz ze specjalistami <\/span><br><span style=\"color: #000080;\">z zakresu psychologii, medycyny, prawa i uzale\u017cnie\u0144. Warsztaty, w \u0142\u0105cznej liczbie 50 godzin dydaktycznych, b\u0119d\u0105 si\u0119 odbywa\u0107 w cyklu pi\u0105tkowo-sobotnim (pi\u0105tkowe popo\u0142udnia, sobotnie przedpo\u0142udnia).Warsztaty s\u0105 finansowane ze \u015brodk\u00f3w Gminy Miejskiej Hrubiesz\u00f3w. Uczestnicy maj\u0105 zapewnione: pocz\u0119stunek na przerwy kawowe, materia\u0142y szkoleniowe oraz certyfikat i ksi\u0105\u017ck\u0119 na zako\u0144czenie zaj\u0119\u0107.<\/span><br><strong><span style=\"color: #000080;\">UWAGA- ZAPISY !<\/span><\/strong><br><span style=\"color: #000080;\">W warsztatach mog\u0105 wzi\u0105\u0107 udzia\u0142 rodzice i opiekunowie (tak\u017ce dziadkowie i rodzice zast\u0119pczy) wychowuj\u0105cy dzieci i m\u0142odzie\u017c w r\u00f3\u017cnym wieku, z Hrubieszowa i okolic<\/span><br><span style=\"color: #000080;\">(ilo\u015b\u0107 miejsc ograniczona).<\/span><br><span style=\"color: #000080;\"><strong>Zapisy na warsztaty przyjmuje : Marta Kuczy\u0144ska, pedagog -terapeuta<\/strong> <\/span><br><span style=\"color: #000080;\">Szko\u0142a Podstawowa Nr 1 im. Boles\u0142awa Prusa w Hrubieszowie, ul. Listopadowa 12, tel. 84&nbsp;696 2074, email:pedagog.mk@op.pl <\/span><br><strong><span style=\"color: #000080;\">Zapisy na warsztaty trwaj\u0105 do dnia 10 marca 2021r. (lub do wyczerpania limitu miejsc).<\/span><\/strong><\/p>\n","protected":false},"excerpt":{"rendered":"<p>&nbsp; &nbsp; &nbsp; &nbsp; &nbsp; &nbsp; &nbsp; Zapisy na warsztaty Rodzicu!Okres pandemii okaza\u0142 si\u0119 ci\u0119\u017ck\u0105 pr\u00f3b\u0105 dla wszystkich ludzi, w spos\u00f3b szczeg\u00f3lny dotkn\u0105\u0142 dzieci i m\u0142odzie\u017c oraz ich rodzic\u00f3w. Tegoroczna edycja warsztat\u00f3w \u201eM\u0105drzy Rodzice\u201d b\u0119dzie po\u015bwi\u0119cona w du\u017cej mierze profilaktyce zdrowia psychicznego i kszta\u0142towaniu umiej\u0119tno\u015bci radzenia sobie w trudnych sytuacjach. Dzi\u0119ki warsztatom \u201eM\u0105drzy Rodzice\u201d we\u017amiesz [&hellip;]<\/p>\n","protected":false},"author":2,"featured_media":0,"parent":5983,"menu_order":0,"comment_status":"closed","ping_status":"closed","template":"","meta":{"ngg_post_thumbnail":0,"footnotes":""},"class_list":["post-8052","page","type-page","status-publish","hentry"],"_links":{"self":[{"href":"https:\/\/sp1hrubieszow.pl\/index.php\/wp-json\/wp\/v2\/pages\/8052","targetHints":{"allow":["GET"]}}],"collection":[{"href":"https:\/\/sp1hrubieszow.pl\/index.php\/wp-json\/wp\/v2\/pages"}],"about":[{"href":"https:\/\/sp1hrubieszow.pl\/index.php\/wp-json\/wp\/v2\/types\/page"}],"author":[{"embeddable":true,"href":"https:\/\/sp1hrubieszow.pl\/index.php\/wp-json\/wp\/v2\/users\/2"}],"replies":[{"embeddable":true,"href":"https:\/\/sp1hrubieszow.pl\/index.php\/wp-json\/wp\/v2\/comments?post=8052"}],"version-history":[{"count":1,"href":"https:\/\/sp1hrubieszow.pl\/index.php\/wp-json\/wp\/v2\/pages\/8052\/revisions"}],"predecessor-version":[{"id":8053,"href":"https:\/\/sp1hrubieszow.pl\/index.php\/wp-json\/wp\/v2\/pages\/8052\/revisions\/8053"}],"up":[{"embeddable":true,"href":"https:\/\/sp1hrubieszow.pl\/index.php\/wp-json\/wp\/v2\/pages\/5983"}],"wp:attachment":[{"href":"https:\/\/sp1hrubieszow.pl\/index.php\/wp-json\/wp\/v2\/media?parent=8052"}],"curies":[{"name":"wp","href":"https:\/\/api.w.org\/{rel}","templated":true}]}}