{"id":8044,"date":"2021-02-14T19:51:24","date_gmt":"2021-02-14T18:51:24","guid":{"rendered":"http:\/\/sp1.hrubieszow.info\/?page_id=8044"},"modified":"2021-02-14T19:53:07","modified_gmt":"2021-02-14T18:53:07","slug":"dzien-bezpiecznego-internwtu-dzialajmy-razem","status":"publish","type":"page","link":"https:\/\/sp1hrubieszow.pl\/index.php\/kronika-2020-2021\/dzien-bezpiecznego-internwtu-dzialajmy-razem\/","title":{"rendered":"DZIE\u0143 BEZPIECZNEGO INTERNETU. DZIA\u0141AJMY RAZEM!"},"content":{"rendered":"\n<p><img loading=\"lazy\" decoding=\"async\" class=\"alignnone size-medium wp-image-8043\" src=\"http:\/\/sp1.hrubieszow.info\/wp-content\/uploads\/2021\/02\/unnamed-300x300.png\" alt=\"\" width=\"300\" height=\"300\" srcset=\"https:\/\/sp1hrubieszow.pl\/wp-content\/uploads\/2021\/02\/unnamed-300x300.png 300w, https:\/\/sp1hrubieszow.pl\/wp-content\/uploads\/2021\/02\/unnamed-150x150.png 150w, https:\/\/sp1hrubieszow.pl\/wp-content\/uploads\/2021\/02\/unnamed.png 512w\" sizes=\"auto, (max-width: 300px) 100vw, 300px\" \/><\/p>\n<p><span style=\"color: #000080;\">\u201cSzacunek to poj\u0119cie, kt\u00f3re zawiera w sobie bardzo wiele tre\u015bci. To istotna warto\u015b\u0107, bez kt\u00f3rej nie zbudujemy kultury zrozumienia, zaufania i tolerancji. Brak poszanowania innych os\u00f3b, ich prywatno\u015bci czy odmiennych pogl\u0105d\u00f3w skutkuje niepokoj\u0105cymi zjawiskami, kt\u00f3re pojawiaj\u0105 si\u0119 w internecie\u2026\u201d<\/span><\/p>\n<p><span style=\"color: #000080;\">Na ca\u0142ym \u015bwiecie dnia 9 lutego 2021 obchodzony jest&nbsp; Dzie\u0144 Bezpiecznego Internetu (DBI). Wydarzenie to ma na celu promowanie dzia\u0142a\u0144 na rzecz bezpiecznego dost\u0119pu dzieci i m\u0142odzie\u017cy do zasob\u00f3w internetowych.<\/span><\/p>\n<p><span style=\"color: #000080;\">Za po\u015brednictwem obchod\u00f3w Dnia Bezpiecznego Internetu chcemy zwr\u00f3ci\u0107 uwag\u0119 na rol\u0119 u\u017cytkownika internetu w budowaniu bezpiecznego i przyjaznego \u015brodowiska online.<\/span><\/p>\n<p><span style=\"color: #000080;\">Na terenie szko\u0142y r\u00f3wnolegle podejmowali\u015bmy r\u00f3\u017cne dzia\u0142ania. Wychowawcy we wszystkich klasach poruszali tematyk\u0119 bezpiecznego korzystania z Internetu. Uczniowie klas 6-8 przyst\u0105pili do konkursu plastycznego pod has\u0142em&nbsp; \u201eDzie\u0144 Bezpiecznego Internetu: Dzia\u0142ajmy razem!\u201d<\/span><\/p>\n<p><span style=\"color: #000080;\"><strong>Gratulujemy laureatom konkursu:<\/strong><\/span><\/p>\n<p><span style=\"color: #000080;\"><strong>I miejsce<\/strong>-Olaf Lewandowski, Wiktoria Roma\u0144czuk<\/span><\/p>\n<p><span style=\"color: #000080;\"><strong>II miejsce<\/strong>&#8211; Pawe\u0142 Karkuszewski, Agata Czajkowska<\/span><\/p>\n<p><span style=\"color: #000080;\"><strong>III miejsce<\/strong>&#8211; Maciej Zaj\u0105c, Kamila Chwedczuk<\/span><\/p>\n<p><span style=\"color: #000080;\">Dyplomy oraz nagrody do odebrania u pedagoga szkolnego Anny Karkuszewskiej. Upominki ufundowa\u0142a MKRPA w Hrubieszowie.<\/span><\/p>\nngg_shortcode_0_placeholder\n","protected":false},"excerpt":{"rendered":"<p>\u201cSzacunek to poj\u0119cie, kt\u00f3re zawiera w sobie bardzo wiele tre\u015bci. To istotna warto\u015b\u0107, bez kt\u00f3rej nie zbudujemy kultury zrozumienia, zaufania i tolerancji. Brak poszanowania innych os\u00f3b, ich prywatno\u015bci czy odmiennych pogl\u0105d\u00f3w skutkuje niepokoj\u0105cymi zjawiskami, kt\u00f3re pojawiaj\u0105 si\u0119 w internecie\u2026\u201d Na ca\u0142ym \u015bwiecie dnia 9 lutego 2021 obchodzony jest&nbsp; Dzie\u0144 Bezpiecznego Internetu (DBI). Wydarzenie to ma [&hellip;]<\/p>\n","protected":false},"author":2,"featured_media":0,"parent":5983,"menu_order":0,"comment_status":"closed","ping_status":"closed","template":"","meta":{"ngg_post_thumbnail":0,"footnotes":""},"class_list":["post-8044","page","type-page","status-publish","hentry"],"_links":{"self":[{"href":"https:\/\/sp1hrubieszow.pl\/index.php\/wp-json\/wp\/v2\/pages\/8044","targetHints":{"allow":["GET"]}}],"collection":[{"href":"https:\/\/sp1hrubieszow.pl\/index.php\/wp-json\/wp\/v2\/pages"}],"about":[{"href":"https:\/\/sp1hrubieszow.pl\/index.php\/wp-json\/wp\/v2\/types\/page"}],"author":[{"embeddable":true,"href":"https:\/\/sp1hrubieszow.pl\/index.php\/wp-json\/wp\/v2\/users\/2"}],"replies":[{"embeddable":true,"href":"https:\/\/sp1hrubieszow.pl\/index.php\/wp-json\/wp\/v2\/comments?post=8044"}],"version-history":[{"count":2,"href":"https:\/\/sp1hrubieszow.pl\/index.php\/wp-json\/wp\/v2\/pages\/8044\/revisions"}],"predecessor-version":[{"id":8048,"href":"https:\/\/sp1hrubieszow.pl\/index.php\/wp-json\/wp\/v2\/pages\/8044\/revisions\/8048"}],"up":[{"embeddable":true,"href":"https:\/\/sp1hrubieszow.pl\/index.php\/wp-json\/wp\/v2\/pages\/5983"}],"wp:attachment":[{"href":"https:\/\/sp1hrubieszow.pl\/index.php\/wp-json\/wp\/v2\/media?parent=8044"}],"curies":[{"name":"wp","href":"https:\/\/api.w.org\/{rel}","templated":true}]}}