{"id":7969,"date":"2021-02-09T19:40:35","date_gmt":"2021-02-09T18:40:35","guid":{"rendered":"http:\/\/sp1.hrubieszow.info\/?page_id=7969"},"modified":"2021-02-09T19:41:26","modified_gmt":"2021-02-09T18:41:26","slug":"zajecia-z-kodowania","status":"publish","type":"page","link":"https:\/\/sp1hrubieszow.pl\/index.php\/kronika-2020-2021\/zajecia-z-kodowania\/","title":{"rendered":"Zaj\u0119cia z kodowania"},"content":{"rendered":"\n<p><span style=\"color: #000080;\">Nareszcie znowu mo\u017cemy kodowa\u0107. Wr\u00f3ci\u0142a do nas Pani Aleksandra Kopczy\u0144ska, kt\u00f3ra dla wszystkich klas 1-3 prowadzi w naszej szkole cykliczne zaj\u0119cia dotycz\u0105ce nauki programowania. W klasach 1 uczniowie stawiaj\u0105 pierwsze kroki i poznaj\u0105 ozobota Evo. W klasach 2 zag\u0142\u0119biaj\u0105 si\u0119 w niecodzienne i niepowtarzalne przygody ozobot\u00f3w. W klasach 3 kreatywno\u015b\u0107 musi pracowa\u0107 ju\u017c na najwy\u017cszych obrotach. Znajduj\u0105 si\u0119 w rozszerzonej rzeczywisto\u015bci, eksploruj\u0105 nawet&#8230;kosmos. Zaj\u0119cia te fascynuj\u0105 zar\u00f3wno wszystkich uczestnik\u00f3w jak i ich opiekun\u00f3w. Jeste\u015bmy bardzo wdzi\u0119czni Pani Oli. Dzi\u0119kujemy.<\/span><\/p>\nngg_shortcode_0_placeholder\n<p>&nbsp;<\/p>\n","protected":false},"excerpt":{"rendered":"<p>Nareszcie znowu mo\u017cemy kodowa\u0107. Wr\u00f3ci\u0142a do nas Pani Aleksandra Kopczy\u0144ska, kt\u00f3ra dla wszystkich klas 1-3 prowadzi w naszej szkole cykliczne zaj\u0119cia dotycz\u0105ce nauki programowania. W klasach 1 uczniowie stawiaj\u0105 pierwsze kroki i poznaj\u0105 ozobota Evo. W klasach 2 zag\u0142\u0119biaj\u0105 si\u0119 w niecodzienne i niepowtarzalne przygody ozobot\u00f3w. W klasach 3 kreatywno\u015b\u0107 musi pracowa\u0107 ju\u017c na najwy\u017cszych [&hellip;]<\/p>\n","protected":false},"author":2,"featured_media":0,"parent":5983,"menu_order":0,"comment_status":"closed","ping_status":"closed","template":"","meta":{"ngg_post_thumbnail":0,"footnotes":""},"class_list":["post-7969","page","type-page","status-publish","hentry"],"_links":{"self":[{"href":"https:\/\/sp1hrubieszow.pl\/index.php\/wp-json\/wp\/v2\/pages\/7969","targetHints":{"allow":["GET"]}}],"collection":[{"href":"https:\/\/sp1hrubieszow.pl\/index.php\/wp-json\/wp\/v2\/pages"}],"about":[{"href":"https:\/\/sp1hrubieszow.pl\/index.php\/wp-json\/wp\/v2\/types\/page"}],"author":[{"embeddable":true,"href":"https:\/\/sp1hrubieszow.pl\/index.php\/wp-json\/wp\/v2\/users\/2"}],"replies":[{"embeddable":true,"href":"https:\/\/sp1hrubieszow.pl\/index.php\/wp-json\/wp\/v2\/comments?post=7969"}],"version-history":[{"count":1,"href":"https:\/\/sp1hrubieszow.pl\/index.php\/wp-json\/wp\/v2\/pages\/7969\/revisions"}],"predecessor-version":[{"id":7970,"href":"https:\/\/sp1hrubieszow.pl\/index.php\/wp-json\/wp\/v2\/pages\/7969\/revisions\/7970"}],"up":[{"embeddable":true,"href":"https:\/\/sp1hrubieszow.pl\/index.php\/wp-json\/wp\/v2\/pages\/5983"}],"wp:attachment":[{"href":"https:\/\/sp1hrubieszow.pl\/index.php\/wp-json\/wp\/v2\/media?parent=7969"}],"curies":[{"name":"wp","href":"https:\/\/api.w.org\/{rel}","templated":true}]}}