{"id":7949,"date":"2021-02-06T14:04:22","date_gmt":"2021-02-06T13:04:22","guid":{"rendered":"http:\/\/sp1.hrubieszow.info\/?page_id=7949"},"modified":"2021-02-06T14:05:00","modified_gmt":"2021-02-06T13:05:00","slug":"oswajanie-lektur-w-klasach-czwartych","status":"publish","type":"page","link":"https:\/\/sp1hrubieszow.pl\/index.php\/kronika-2020-2021\/oswajanie-lektur-w-klasach-czwartych\/","title":{"rendered":"Oswajanie lektur w klasach czwartych"},"content":{"rendered":"\n<p><span style=\"color: #000080;\">Uczniowie klas 4 przekonali si\u0119, \u017ce omawianie lektur wcale nie musi by\u0107 nudne i prace domowe zadawane przez nauczycieli, to nie tylko d\u0142ugie wypracowania. W ramach oswajania uczni\u00f3w z lektur\u0105 nauczyciele zaproponowali ciekawe formy pracy. <\/span><\/p>\n<p><span style=\"color: #000080;\">Przy omawianiu lektury &#8222;Akademia pana Kleksa&#8221; dzieci mog\u0142y wykona\u0107 makiet\u0119 akademii oraz przygotowa\u0107 kleksy &#8211; takie, jakie tworzyli bohaterowie ksi\u0105\u017cki Jana Brzechwy na lekcjach kleksografii. <\/span><\/p>\n<p><span style=\"color: #000080;\">Natomiast w zwi\u0105zku z tematyk\u0105 poruszan\u0105 przy spotkaniach z lektur\u0105 &#8222;Opowie\u015bci z Narnii. Lew, czarownica i stara szafa&#8221; uczniowie tworzyli ilustracje inspirowane przeczytanym tekstem oraz projektowali szafy prowadz\u0105ce do tajemniczej Narnii. <\/span><\/p>\n<p><br><span style=\"color: #000080;\">Tw\u00f3rczo\u015b\u0107 dzieci\u0119ca nas zachwyci\u0142a, dlatego z rado\u015bci\u0105 dzielimy si\u0119 zdj\u0119ciami prac naszych uczni\u00f3w.<\/span><\/p>\nngg_shortcode_0_placeholder\n","protected":false},"excerpt":{"rendered":"<p>Uczniowie klas 4 przekonali si\u0119, \u017ce omawianie lektur wcale nie musi by\u0107 nudne i prace domowe zadawane przez nauczycieli, to nie tylko d\u0142ugie wypracowania. W ramach oswajania uczni\u00f3w z lektur\u0105 nauczyciele zaproponowali ciekawe formy pracy. Przy omawianiu lektury &#8222;Akademia pana Kleksa&#8221; dzieci mog\u0142y wykona\u0107 makiet\u0119 akademii oraz przygotowa\u0107 kleksy &#8211; takie, jakie tworzyli bohaterowie ksi\u0105\u017cki [&hellip;]<\/p>\n","protected":false},"author":2,"featured_media":0,"parent":5983,"menu_order":0,"comment_status":"closed","ping_status":"closed","template":"","meta":{"ngg_post_thumbnail":0,"footnotes":""},"class_list":["post-7949","page","type-page","status-publish","hentry"],"_links":{"self":[{"href":"https:\/\/sp1hrubieszow.pl\/index.php\/wp-json\/wp\/v2\/pages\/7949","targetHints":{"allow":["GET"]}}],"collection":[{"href":"https:\/\/sp1hrubieszow.pl\/index.php\/wp-json\/wp\/v2\/pages"}],"about":[{"href":"https:\/\/sp1hrubieszow.pl\/index.php\/wp-json\/wp\/v2\/types\/page"}],"author":[{"embeddable":true,"href":"https:\/\/sp1hrubieszow.pl\/index.php\/wp-json\/wp\/v2\/users\/2"}],"replies":[{"embeddable":true,"href":"https:\/\/sp1hrubieszow.pl\/index.php\/wp-json\/wp\/v2\/comments?post=7949"}],"version-history":[{"count":1,"href":"https:\/\/sp1hrubieszow.pl\/index.php\/wp-json\/wp\/v2\/pages\/7949\/revisions"}],"predecessor-version":[{"id":7950,"href":"https:\/\/sp1hrubieszow.pl\/index.php\/wp-json\/wp\/v2\/pages\/7949\/revisions\/7950"}],"up":[{"embeddable":true,"href":"https:\/\/sp1hrubieszow.pl\/index.php\/wp-json\/wp\/v2\/pages\/5983"}],"wp:attachment":[{"href":"https:\/\/sp1hrubieszow.pl\/index.php\/wp-json\/wp\/v2\/media?parent=7949"}],"curies":[{"name":"wp","href":"https:\/\/api.w.org\/{rel}","templated":true}]}}