{"id":7874,"date":"2021-02-05T17:15:48","date_gmt":"2021-02-05T16:15:48","guid":{"rendered":"http:\/\/sp1.hrubieszow.info\/?page_id=7874"},"modified":"2021-02-05T17:17:13","modified_gmt":"2021-02-05T16:17:13","slug":"zajecia-z-walizka","status":"publish","type":"page","link":"https:\/\/sp1hrubieszow.pl\/index.php\/kronika-2020-2021\/zajecia-z-walizka\/","title":{"rendered":"ZAJ\u0118CIA Z WALIZK\u0104"},"content":{"rendered":"\n<p><span style=\"color: #000080;\">29 stycznia w klasie 1b przeprowadzone zosta\u0142y kolejne zaj\u0119cia w ramach og\u00f3lnopolskiego programu \u201eCzytam sobie. Pierwsza klasa\u201d pt. \u201eJakie tajemnice mo\u017ce kry\u0107 znaleziona walizka?\u201d.<\/span><\/p>\n<p><span style=\"color: #000080;\">Zaj\u0119cia poprzedzi\u0142a rozmowa na temat tego rekwizytu. Dzieci zastanawia\u0142y si\u0119, co mo\u017ce znajdowa\u0107 si\u0119 w przyniesionej do klasy walizce. Nast\u0119pnie wylosowa\u0142y z niej wyrazy oraz obejrza\u0142y film, co wprowadzi\u0142o je w temat zaj\u0119\u0107. Opowiada\u0142y o przedstawieniach cyrkowych, zastanawia\u0142y si\u0119, jak mo\u017cna przygotowa\u0107 wyst\u0119p bez udzia\u0142u zwierz\u0105t. Pr\u00f3bowa\u0142y jak arty\u015bci cyrkowi \u017conglowa\u0107 apaszkami.<\/span><\/p>\n<p><span style=\"color: #000080;\">Nast\u0119pnie wys\u0142ucha\u0142y ksi\u0105\u017cki R. Witka \u201eWalizka pana Hanumana\u201d i pozna\u0142y zawarty w niej kod \u201eMiksus sylabus\u201d. Po om\u00f3wieniu lektury dosz\u0142y do wniosku, \u017ce znalezionych rzeczy nie mo\u017cna sobie przyw\u0142aszcza\u0107, zawsze nale\u017cy stara\u0107 si\u0119 zwr\u00f3ci\u0107 je w\u0142a\u015bcicielowi.<\/span><\/p>\n<p><span style=\"color: #000080;\">Bardzo zainteresowa\u0142 je przedstawiony podczas zaj\u0119\u0107 szyfr Pigpen Cipher. Kodowanie wzbudzi\u0142o zaciekawienie i wiele emocji. Wszystkie grupy \u015bwietnie poradzi\u0142y sobie z otrzymanymi zadaniami.<\/span><\/p>\n<p><span style=\"color: #000080;\">Zaj\u0119cia zako\u0144czy\u0142y si\u0119 wykonaniem pracy plastycznej przedstawiaj\u0105cej wybranego artyst\u0119 cyrkowego.<\/span><\/p>\nngg_shortcode_0_placeholder\n","protected":false},"excerpt":{"rendered":"<p>29 stycznia w klasie 1b przeprowadzone zosta\u0142y kolejne zaj\u0119cia w ramach og\u00f3lnopolskiego programu \u201eCzytam sobie. Pierwsza klasa\u201d pt. \u201eJakie tajemnice mo\u017ce kry\u0107 znaleziona walizka?\u201d. Zaj\u0119cia poprzedzi\u0142a rozmowa na temat tego rekwizytu. Dzieci zastanawia\u0142y si\u0119, co mo\u017ce znajdowa\u0107 si\u0119 w przyniesionej do klasy walizce. Nast\u0119pnie wylosowa\u0142y z niej wyrazy oraz obejrza\u0142y film, co wprowadzi\u0142o je w [&hellip;]<\/p>\n","protected":false},"author":2,"featured_media":0,"parent":5983,"menu_order":0,"comment_status":"closed","ping_status":"closed","template":"","meta":{"ngg_post_thumbnail":0,"footnotes":""},"class_list":["post-7874","page","type-page","status-publish","hentry"],"_links":{"self":[{"href":"https:\/\/sp1hrubieszow.pl\/index.php\/wp-json\/wp\/v2\/pages\/7874","targetHints":{"allow":["GET"]}}],"collection":[{"href":"https:\/\/sp1hrubieszow.pl\/index.php\/wp-json\/wp\/v2\/pages"}],"about":[{"href":"https:\/\/sp1hrubieszow.pl\/index.php\/wp-json\/wp\/v2\/types\/page"}],"author":[{"embeddable":true,"href":"https:\/\/sp1hrubieszow.pl\/index.php\/wp-json\/wp\/v2\/users\/2"}],"replies":[{"embeddable":true,"href":"https:\/\/sp1hrubieszow.pl\/index.php\/wp-json\/wp\/v2\/comments?post=7874"}],"version-history":[{"count":1,"href":"https:\/\/sp1hrubieszow.pl\/index.php\/wp-json\/wp\/v2\/pages\/7874\/revisions"}],"predecessor-version":[{"id":7875,"href":"https:\/\/sp1hrubieszow.pl\/index.php\/wp-json\/wp\/v2\/pages\/7874\/revisions\/7875"}],"up":[{"embeddable":true,"href":"https:\/\/sp1hrubieszow.pl\/index.php\/wp-json\/wp\/v2\/pages\/5983"}],"wp:attachment":[{"href":"https:\/\/sp1hrubieszow.pl\/index.php\/wp-json\/wp\/v2\/media?parent=7874"}],"curies":[{"name":"wp","href":"https:\/\/api.w.org\/{rel}","templated":true}]}}