{"id":7816,"date":"2021-02-03T20:47:45","date_gmt":"2021-02-03T19:47:45","guid":{"rendered":"http:\/\/sp1.hrubieszow.info\/?page_id=7816"},"modified":"2021-02-03T20:48:21","modified_gmt":"2021-02-03T19:48:21","slug":"wycieczka-do-szkolnej-kuchni","status":"publish","type":"page","link":"https:\/\/sp1hrubieszow.pl\/index.php\/kronika-2020-2021\/wycieczka-do-szkolnej-kuchni\/","title":{"rendered":"Wycieczka do szkolnej kuchni"},"content":{"rendered":"\n<p><span style=\"color: #000080;\">Dnia 02.02.2021r. przedszkolaki z oddzia\u0142u przedszkolnego uczestniczy\u0142y w wycieczce do szkolnej kuchni. Pani El\u017cbieta \u2013 szefowa kuchni, wtajemniczy\u0142a dzieci w sekrety i zagadki zwi\u0105zane z tematyk\u0105 kulinarn\u0105, zapozna\u0142a z zawodem kucharki, zaprezentowa\u0142a sprz\u0119t i narz\u0119dzia pracy, kt\u00f3rych u\u017cywa si\u0119 w kuchni podczas przygotowywania posi\u0142k\u00f3w. Pani kucharka zwr\u00f3ci\u0142a tak\u017ce uwag\u0119 na sw\u00f3j str\u00f3j, podkre\u015blaj\u0105c znaczenie zachowania czysto\u015bci podczas przygotowywania potraw. Ogromn\u0105 przyjemno\u015bci\u0105 okaza\u0142o si\u0119 ogl\u0105danie kot\u0142\u00f3w, misek i patelni, kt\u00f3re nie by\u0142y takie zwyczajne, okaza\u0142y si\u0119 gigantycznych rozmiar\u00f3w. Przedszkolaki mia\u0142y te\u017c okazj\u0119 do praktycznej nauki nakrywania do sto\u0142u. Dzi\u0119kujemy wszystkim paniom kucharkom za cenne i ciekawe zaj\u0119cia oraz za smaczne posi\u0142ki przygotowywane ka\u017cdego dnia.<\/span><\/p>\nngg_shortcode_0_placeholder\n","protected":false},"excerpt":{"rendered":"<p>Dnia 02.02.2021r. przedszkolaki z oddzia\u0142u przedszkolnego uczestniczy\u0142y w wycieczce do szkolnej kuchni. Pani El\u017cbieta \u2013 szefowa kuchni, wtajemniczy\u0142a dzieci w sekrety i zagadki zwi\u0105zane z tematyk\u0105 kulinarn\u0105, zapozna\u0142a z zawodem kucharki, zaprezentowa\u0142a sprz\u0119t i narz\u0119dzia pracy, kt\u00f3rych u\u017cywa si\u0119 w kuchni podczas przygotowywania posi\u0142k\u00f3w. Pani kucharka zwr\u00f3ci\u0142a tak\u017ce uwag\u0119 na sw\u00f3j str\u00f3j, podkre\u015blaj\u0105c znaczenie zachowania [&hellip;]<\/p>\n","protected":false},"author":2,"featured_media":0,"parent":5983,"menu_order":0,"comment_status":"closed","ping_status":"closed","template":"","meta":{"ngg_post_thumbnail":0,"footnotes":""},"class_list":["post-7816","page","type-page","status-publish","hentry"],"_links":{"self":[{"href":"https:\/\/sp1hrubieszow.pl\/index.php\/wp-json\/wp\/v2\/pages\/7816","targetHints":{"allow":["GET"]}}],"collection":[{"href":"https:\/\/sp1hrubieszow.pl\/index.php\/wp-json\/wp\/v2\/pages"}],"about":[{"href":"https:\/\/sp1hrubieszow.pl\/index.php\/wp-json\/wp\/v2\/types\/page"}],"author":[{"embeddable":true,"href":"https:\/\/sp1hrubieszow.pl\/index.php\/wp-json\/wp\/v2\/users\/2"}],"replies":[{"embeddable":true,"href":"https:\/\/sp1hrubieszow.pl\/index.php\/wp-json\/wp\/v2\/comments?post=7816"}],"version-history":[{"count":1,"href":"https:\/\/sp1hrubieszow.pl\/index.php\/wp-json\/wp\/v2\/pages\/7816\/revisions"}],"predecessor-version":[{"id":7817,"href":"https:\/\/sp1hrubieszow.pl\/index.php\/wp-json\/wp\/v2\/pages\/7816\/revisions\/7817"}],"up":[{"embeddable":true,"href":"https:\/\/sp1hrubieszow.pl\/index.php\/wp-json\/wp\/v2\/pages\/5983"}],"wp:attachment":[{"href":"https:\/\/sp1hrubieszow.pl\/index.php\/wp-json\/wp\/v2\/media?parent=7816"}],"curies":[{"name":"wp","href":"https:\/\/api.w.org\/{rel}","templated":true}]}}