{"id":7794,"date":"2021-02-02T19:28:24","date_gmt":"2021-02-02T18:28:24","guid":{"rendered":"http:\/\/sp1.hrubieszow.info\/?page_id=7794"},"modified":"2021-02-02T19:29:13","modified_gmt":"2021-02-02T18:29:13","slug":"informacje-dla-uczniow-klas-osmych","status":"publish","type":"page","link":"https:\/\/sp1hrubieszow.pl\/index.php\/kronika-2020-2021\/informacje-dla-uczniow-klas-osmych\/","title":{"rendered":"Informacje dla uczni\u00f3w klas \u00f3smych"},"content":{"rendered":"\n<p><span style=\"color: #000080;\"><strong>WA\u017bNE DLA \u00d3SMOKLASIST\u00d3W<\/strong><\/span><\/p>\n<p><span style=\"color: #000080;\"><strong>&nbsp;<\/strong><strong>Terminy post\u0119powania rekrutacyjnego <\/strong><strong>na rok szkolny 2021\/2022<\/strong><\/span><\/p>\n<p><span style=\"color: #000080;\">29 stycznia 2021 roku Kuratorium O\u015bwiaty w Lublinie og\u0142osi\u0142o terminy post\u0119powania rekrutacyjnego i sk\u0142adania dokument\u00f3w do klas pierwszych szk\u00f3\u0142 ponadpodstawowych. Ustalony przez Ministra Edukacji i Nauki harmonogram post\u0119powania rekrutacyjnego do szk\u00f3\u0142 dla m\u0142odzie\u017cy dostosowany jest do zmienionego harmonogramu przeprowadzanych egzamin\u00f3w \u00f3smoklasisty, w tym terminu wydania za\u015bwiadczenia o wyniku tego egzaminu przez Okr\u0119gowe Komisje Egzaminacyjne.<\/span><\/p>\n<p><span style=\"color: #000080;\"><strong><u>Najwa\u017cniejsze informacje<\/u><\/strong><\/span><\/p>\n<ul>\n<li><span style=\"color: #000080;\">Wniosek o przyj\u0119cie do szko\u0142y ponadpodstawowej wraz z dokumentami b\u0119dzie mo\u017cna sk\u0142ada\u0107 <strong>od 17 maja 2021 r. do 21 czerwca 2021 r<\/strong><strong>.<\/strong>, z wyj\u0105tkiem szko\u0142y ponadpodstawowej dwuj\u0119zycznej, oddzia\u0142u dwuj\u0119zycznego, oddzia\u0142u mi\u0119dzynarodowego, oddzia\u0142u przygotowania wojskowego w szkole ponadpodstawowej, oddzia\u0142\u00f3w wymagaj\u0105cych od kandydat\u00f3w szczeg\u00f3lnych indywidualnych predyspozycji oraz do szk\u00f3\u0142 i oddzia\u0142\u00f3w prowadz\u0105cych szkolenie sportowe w szko\u0142ach ponadpodstawowych, do kt\u00f3rych wnioski sk\u0142adane&nbsp; <\/span><span style=\"color: #000080;\"><strong>od 17 maja 2021 r. do 31 maja 2021 r.<\/strong><\/span><\/li>\n<li><span style=\"color: #000080;\">Uzupe\u0142nienie wniosku o przyj\u0119cie do szko\u0142y ponadpodstawowej o za\u015bwiadczenie <\/span><br><span style=\"color: #000080;\">o wynikach egzaminu \u00f3smoklasisty nale\u017cy z\u0142o\u017cy\u0107 <strong>od 25 czerwca 2021 r. do <br>14 lipca 2021 r. <\/strong><\/span><\/li>\n<li><span style=\"color: #000080;\">Listy kandydat\u00f3w zakwalifikowanych i kandydat\u00f3w niezakwalifikowanych og\u0142oszone zostan\u0105 <strong>22 lipca 2021 r.<\/strong><\/span><\/li>\n<li><span style=\"color: #000080;\">Listy kandydat\u00f3w przyj\u0119tych i kandydat\u00f3w nieprzyj\u0119tych og\u0142oszone b\u0119d\u0105 <\/span><br><span style=\"color: #000080;\"><strong>2 sierpnia 2021 r.<\/strong><\/span><\/li>\n<li><span style=\"color: #000080;\">W terminie <strong>od 23 lipca 2021 r. do 30 lipca 2021 r.<\/strong>, w przypadku kandydat\u00f3w zakwalifikowanych, sk\u0142ada si\u0119 potwierdzenie woli przyj\u0119cia w postaci przed\u0142o\u017cenia orygina\u0142u \u015bwiadectwa uko\u0144czenia szko\u0142y i orygina\u0142u za\u015bwiadczenia o wynikach egzaminu zewn\u0119trznego, o ile nie zosta\u0142y one z\u0142o\u017cone w uzupe\u0142nieniu wniosku <\/span><br><span style=\"color: #000080;\">o przyj\u0119cie do szko\u0142y ponadpodstawowej. W przypadku szko\u0142y prowadz\u0105cej kszta\u0142cenie zawodowe &#8211; tak\u017ce za\u015bwiadczenia lekarskiego zawieraj\u0105cego orzeczenie o braku przeciwwskaza\u0144 zdrowotnych do podj\u0119cia praktycznej nauki zawodu oraz odpowiednio orzeczenia lekarskiego o braku przeciwwskaza\u0144 zdrowotnych <\/span><br><span style=\"color: #000080;\">do kierowania pojazdami i orzeczenia psychologicznego o braku przeciwwskaza\u0144 psychologicznych do kierowania pojazdem.<\/span><\/li>\n<li><span style=\"color: #000080;\">W przypadku braku mo\u017cliwo\u015bci przed\u0142o\u017cenia takiego za\u015bwiadczenia lub orzeczenia, rodzic kandydata lub kandydat pe\u0142noletni informuje o tym dyrektora szko\u0142y w terminie <strong>do 20 sierpnia 2021 r. do godz. 15.00<\/strong>. Nale\u017cy wskaza\u0107 w\u00f3wczas przyczyn\u0119 niedotrzymania pierwotnego terminu. W\u00f3wczas za\u015bwiadczenie lub orzeczenie sk\u0142ada si\u0119 dyrektorowi szko\u0142y, do kt\u00f3rej ucze\u0144 zosta\u0142 przyj\u0119ty, nie p\u00f3\u017aniej ni\u017c <strong>do 24 wrze\u015bnia 2021 r.<\/strong><\/span><\/li>\n<li><span style=\"color: #000080;\">Nieprzed\u0142o\u017cenie <strong>do 24 wrze\u015bnia 2021 r.<\/strong> za\u015bwiadczenia lub orzeczenia b\u0119dzie r\u00f3wnoznaczne z rezygnacj\u0105 z kontynuowania nauki w szkole, do kt\u00f3rej ucze\u0144 zosta\u0142 przyj\u0119ty. W przypadku szko\u0142y prowadz\u0105cej kszta\u0142cenie zawodowe \u2013 <\/span><br><span style=\"color: #000080;\">w oddziale realizuj\u0105cym kszta\u0142cenie w zawodzie, do kt\u00f3rego zosta\u0142 przyj\u0119ty.<\/span><\/li>\n<\/ul>\n<p><span style=\"color: #000080;\"><u>Pe\u0142ne informacje dotycz\u0105ce post\u0119powania rekrutacyjnego na rok szkolny 2021\/2022 znajduj\u0105 si\u0119 na stronie Kuratorium O\u015bwiaty w Lublinie.<\/u><\/span><\/p>\n","protected":false},"excerpt":{"rendered":"<p>WA\u017bNE DLA \u00d3SMOKLASIST\u00d3W &nbsp;Terminy post\u0119powania rekrutacyjnego na rok szkolny 2021\/2022 29 stycznia 2021 roku Kuratorium O\u015bwiaty w Lublinie og\u0142osi\u0142o terminy post\u0119powania rekrutacyjnego i sk\u0142adania dokument\u00f3w do klas pierwszych szk\u00f3\u0142 ponadpodstawowych. Ustalony przez Ministra Edukacji i Nauki harmonogram post\u0119powania rekrutacyjnego do szk\u00f3\u0142 dla m\u0142odzie\u017cy dostosowany jest do zmienionego harmonogramu przeprowadzanych egzamin\u00f3w \u00f3smoklasisty, w tym terminu wydania [&hellip;]<\/p>\n","protected":false},"author":2,"featured_media":0,"parent":5983,"menu_order":0,"comment_status":"closed","ping_status":"closed","template":"","meta":{"ngg_post_thumbnail":0,"footnotes":""},"class_list":["post-7794","page","type-page","status-publish","hentry"],"_links":{"self":[{"href":"https:\/\/sp1hrubieszow.pl\/index.php\/wp-json\/wp\/v2\/pages\/7794","targetHints":{"allow":["GET"]}}],"collection":[{"href":"https:\/\/sp1hrubieszow.pl\/index.php\/wp-json\/wp\/v2\/pages"}],"about":[{"href":"https:\/\/sp1hrubieszow.pl\/index.php\/wp-json\/wp\/v2\/types\/page"}],"author":[{"embeddable":true,"href":"https:\/\/sp1hrubieszow.pl\/index.php\/wp-json\/wp\/v2\/users\/2"}],"replies":[{"embeddable":true,"href":"https:\/\/sp1hrubieszow.pl\/index.php\/wp-json\/wp\/v2\/comments?post=7794"}],"version-history":[{"count":1,"href":"https:\/\/sp1hrubieszow.pl\/index.php\/wp-json\/wp\/v2\/pages\/7794\/revisions"}],"predecessor-version":[{"id":7795,"href":"https:\/\/sp1hrubieszow.pl\/index.php\/wp-json\/wp\/v2\/pages\/7794\/revisions\/7795"}],"up":[{"embeddable":true,"href":"https:\/\/sp1hrubieszow.pl\/index.php\/wp-json\/wp\/v2\/pages\/5983"}],"wp:attachment":[{"href":"https:\/\/sp1hrubieszow.pl\/index.php\/wp-json\/wp\/v2\/media?parent=7794"}],"curies":[{"name":"wp","href":"https:\/\/api.w.org\/{rel}","templated":true}]}}