{"id":7789,"date":"2021-02-02T18:34:16","date_gmt":"2021-02-02T17:34:16","guid":{"rendered":"http:\/\/sp1.hrubieszow.info\/?page_id=7789"},"modified":"2021-02-02T18:34:54","modified_gmt":"2021-02-02T17:34:54","slug":"oferta-poradni-psychologiczno-pedagogicznej","status":"publish","type":"page","link":"https:\/\/sp1hrubieszow.pl\/index.php\/kronika-2020-2021\/oferta-poradni-psychologiczno-pedagogicznej\/","title":{"rendered":"Oferta Poradni Psychologiczno-Pedagogicznej"},"content":{"rendered":"\n<p><span style=\"color: #000080;\">Szanowni Pa\u0144stwo !<\/span><\/p>\n<p><span style=\"color: #000080;\">Informujemy, \u017ce Poradnia Psychologiczno-Pedagogiczna&nbsp; w Hrubieszowie zg\u0142asza gotowo\u015b\u0107 do pracy<\/span><\/p>\n<ul>\n<li><span style=\"color: #000080;\">w systemie stacjonarnym od poniedzia\u0142ku do pi\u0105tku w godz.7:45-16:15<\/span><\/li>\n<li><span style=\"color: #000080;\">w ramach infolinii od poniedzia\u0142ku do pi\u0105tku<\/span><\/li>\n<\/ul>\n<p><span style=\"color: #000080;\">w godz.7:45-16:15 pod nr 695 407 361 oraz 84 696 29 07<\/span><\/p>\n<ul>\n<li><span style=\"color: #000080;\">w ramach infolinii w sytuacjach kryzysowych pod nr tel:695 407 361 oraz 84 696 29 07,<\/span><\/li>\n<\/ul>\n<ul>\n<li><span style=\"color: #000080;\">drog\u0105 elektroniczn\u0105 email: <a style=\"color: #000080;\" href=\"https:\/\/poczta.onet.pl\/NowaWiadomosc\/Do\/QlIkBFQ6QUFhIVRZX192dnQBeCtCchEoAxQyMUZHARduEANKFl8RAFRBQTBBVFQNDAAWQUQEEQZyF1RBFAhBDxUTQ0ZMVAQjaklUEwFhYXFgbl8j\">ppphrub@wp.pl<\/a>&nbsp;<\/span><\/li>\n<li><span style=\"color: #000080;\">Skype 782264251 skype:&nbsp;<a style=\"color: #000080;\" href=\"https:\/\/join.skype.com\/invite\/sgZpo5Hgo3Dg\">https:\/\/join.skype.com\/invite\/sgZpo5Hgo3Dg<\/a><\/span><\/li>\n<li><span style=\"color: #000080;\">WhatsApp 782264251<\/span><\/li>\n<\/ul>\n<p><span style=\"color: #000080;\">poni\u017cej podajemy kontakty do&nbsp; specjalist\u00f3w:<\/span><\/p>\n<p><span style=\"color: #000080;\">Psycholodzy:<\/span><\/p>\n<p><span style=\"color: #000080;\">Bara\u0144ska Iga &#8211; <a style=\"color: #000080;\" href=\"https:\/\/poczta.onet.pl\/NowaWiadomosc\/Do\/QlIkBFQ6QUFhIVRZX192dnQBeCtCchEoAxQyMUZHTUE%2FFRIKFVhVF1JUFB4FDwpNDgIeQUQEEQdwF1RBChlcAkJUE0ZLJVZhdklIRlshMSRNKQsVIU0rGAV%2FdwNCSUI3C10HCV4RAFRBRDdBUyI%3D\">ppphrubibaranska@gmail.com<\/a><\/span><\/p>\n<p><span style=\"color: #000080;\">Dyl-Tarnawska Aneta &#8211; <a style=\"color: #000080;\" href=\"https:\/\/poczta.onet.pl\/NowaWiadomosc\/Do\/QlIkBFQ6QUFhIVRZX192dnQBeCtCchEoAxQyMUZHUEIsCRITFVhVF1JUFB4FDwpNDgIeQUQEEQdwF1RBChlcAkJUE0ZLJVZhdklIRlshMSRQKhgJIVQrGAV%2FdwNCSUI3C10HCV4RAFRBRDdBUyI%3D\">ppphrubtarnawska@gmail.com<\/a><\/span><\/p>\n<p><span style=\"color: #000080;\">Francuz Anna &#8211; <a style=\"color: #000080;\" href=\"https:\/\/poczta.onet.pl\/NowaWiadomosc\/Do\/QlIkBFQ6QUFhIVRZX192dnQBeCtCchEoAxQyMUZHQlE%2FCRARHBYAAgEJEhoISAUMAEhBVlMEdxABAAgSCR0UVVVDEiJdVkEjNElQREYxIjRFJQkSOgZsQwM3IlpJCkAxClZWVBYDdkNRNw%3D%3D\">ppphrubfrancuz@gmail.com<\/a><\/span><\/p>\n<p><span style=\"color: #000080;\">Popko Natalia &#8211; <a style=\"color: #000080;\" href=\"https:\/\/poczta.onet.pl\/NowaWiadomosc\/Do\/QlIkBFQ6QUFhIVRZX192dnQBeCtCchEoAxQyMUZHVEwuDBxBUgNTXwcNH10HCQtGX19WVjUTBgddUwsWQUoDQlQnBFFKFAMjLEtNVEM8NC1Lbl5XJ045Ggh0IFxIARFsQkQgQwZw\">ppphrubpopko@gmail.com<\/a><\/span><\/p>\n<p><span style=\"color: #000080;\">Szel\u0105g Justyna &#8211; <a style=\"color: #000080;\" href=\"https:\/\/poczta.onet.pl\/NowaWiadomosc\/Do\/QlIkBFQ6QUFhIVRZX192dnQBeCtCchEoAxQyMUZHV1k7CxIDQwcEVQsFGh9KBQkOSF9BQUR1EQcBXAceAV0DVUJVYEZKVgMjNFFKQ1EgPiNIKg1CdBM%2FHgUzLx1GS057VUFBUXcRByI%3D\">ppphrubszelag@gmail.com<\/a><\/span><\/p>\n<p><span style=\"color: #000080;\">Pedagodzy:<\/span><\/p>\n<p><span style=\"color: #000080;\">Bara\u0144ska Ma\u0142gorzata &#8211; <a style=\"color: #000080;\" href=\"https:\/\/poczta.onet.pl\/NowaWiadomosc\/Do\/QlIkBFQ6QUFhIVRZX192dnQBeCtCchEoAxQyMUZHSUE%2FFRIKFVhVF1JUFB4FDwpNDgIeQUQEEQdwF1RBChlcAkJUE0ZLJVZhdklIRlshMSRJKQsVIU0rGAV%2FdwNCSUI3C10HCV4RAFRBRDdBUyI%3D\">ppphrubmbaranska@gmail.com<\/a><\/span><\/p>\n<p><span style=\"color: #000080;\">Gronkiewicz El\u017cbieta &#8211; <a style=\"color: #000080;\" href=\"https:\/\/poczta.onet.pl\/NowaWiadomosc\/Do\/QlIkBFQ6QUFhIVRZX192dnQBeCtCchEoAxQyMUZHQ1ExCRgNA0RdURxBR0MDCwcKAUMQCxsTBgcWACVWVkpfBgoDBFFKQUASYQsKRkMjLDRRKQ0VL00zGgEtKlBfARduAB4FD18aUQkJVkFWQ1EnSFg3\">ppphrubgronkiewicz@gmail.com<\/a><\/span><\/p>\n<p><span style=\"color: #000080;\">Puszek Ilona &#8211; <a style=\"color: #000080;\" href=\"https:\/\/poczta.onet.pl\/NowaWiadomosc\/Do\/QlIkBFQ6QUFhIVRZX192dnQBeCtCchExHws0IkNQV1k7DAMUFhYAAgEJEhoISAUMAEhBVlMEdxABAAgSCR0UVVVDEiJdVkE6KFZWV0MmNzxBIBoXMAZsQwM3IlpJCkAxClZWVBYDdkNRNw%3D%3D\">ilonapuszekppp@gmail.com<\/a><\/span><\/p>\n<p><span style=\"color: #000080;\">Logopedzi:<\/span><\/p>\n<p><span style=\"color: #000080;\">Malicka Maria &#8211; <a style=\"color: #000080;\" href=\"https:\/\/poczta.onet.pl\/NowaWiadomosc\/Do\/QlIkBFQ6QUFhIVRZX192dnQBeCtCchEoAxQyMUZHSUIyDhAPBxYAAgEJEhoISAUMAEhBVlMEdxABAAgSCR0UVVVDEiJdVkEjNElQREYxKSdIIgkMIQZsQwM3IlpJCkAxClZWVBYDdkNRNw%3D%3D\">ppphrubmalicka@gmail.com<\/a><\/span><\/p>\n<p><span style=\"color: #000080;\">Wasiak Ewa &#8211; <a style=\"color: #000080;\" href=\"https:\/\/poczta.onet.pl\/NowaWiadomosc\/Do\/QlIkBFQ6QUFhIVRZX192dnQBeCtCchEoAxQyMUZHU0ItDhIPQwcEVQsFGh9KBQkOSF9BQUR1EQcBXAceAV0DVUJVYEZKVgMjNFFKQ1EkJTVNKgFCdBM%2FHgUzLx1GS057VUFBUXcRByI%3D\">ppphrubwasiak@gmail.com<\/a><\/span><\/p>\n<p><span style=\"color: #000080;\">ca\u0142odobowy telefon (z zakresu pomocy psychologiczno-pedagogicznej)<\/span><\/p>\n<p style=\"text-align: center;\"><span style=\"color: #000080;\">800 080&nbsp;222<\/span><\/p>\n<p><span style=\"color: #000080;\">Dodatkowo PPP oferuje wsparcie w ramach porad on-line<\/span><\/p>\n<p><span style=\"color: #000080;\">\u201eZawsze Jest Jakie\u015b Wyj\u015bcie\u201d.<\/span><\/p>\n<p>&nbsp;<\/p>\n<p>&nbsp;<\/p>\n<p>&nbsp;<\/p>\n","protected":false},"excerpt":{"rendered":"<p>Szanowni Pa\u0144stwo ! Informujemy, \u017ce Poradnia Psychologiczno-Pedagogiczna&nbsp; w Hrubieszowie zg\u0142asza gotowo\u015b\u0107 do pracy w systemie stacjonarnym od poniedzia\u0142ku do pi\u0105tku w godz.7:45-16:15 w ramach infolinii od poniedzia\u0142ku do pi\u0105tku w godz.7:45-16:15 pod nr 695 407 361 oraz 84 696 29 07 w ramach infolinii w sytuacjach kryzysowych pod nr tel:695 407 361 oraz 84 696 [&hellip;]<\/p>\n","protected":false},"author":2,"featured_media":0,"parent":5983,"menu_order":0,"comment_status":"closed","ping_status":"closed","template":"","meta":{"ngg_post_thumbnail":0,"footnotes":""},"class_list":["post-7789","page","type-page","status-publish","hentry"],"_links":{"self":[{"href":"https:\/\/sp1hrubieszow.pl\/index.php\/wp-json\/wp\/v2\/pages\/7789","targetHints":{"allow":["GET"]}}],"collection":[{"href":"https:\/\/sp1hrubieszow.pl\/index.php\/wp-json\/wp\/v2\/pages"}],"about":[{"href":"https:\/\/sp1hrubieszow.pl\/index.php\/wp-json\/wp\/v2\/types\/page"}],"author":[{"embeddable":true,"href":"https:\/\/sp1hrubieszow.pl\/index.php\/wp-json\/wp\/v2\/users\/2"}],"replies":[{"embeddable":true,"href":"https:\/\/sp1hrubieszow.pl\/index.php\/wp-json\/wp\/v2\/comments?post=7789"}],"version-history":[{"count":1,"href":"https:\/\/sp1hrubieszow.pl\/index.php\/wp-json\/wp\/v2\/pages\/7789\/revisions"}],"predecessor-version":[{"id":7790,"href":"https:\/\/sp1hrubieszow.pl\/index.php\/wp-json\/wp\/v2\/pages\/7789\/revisions\/7790"}],"up":[{"embeddable":true,"href":"https:\/\/sp1hrubieszow.pl\/index.php\/wp-json\/wp\/v2\/pages\/5983"}],"wp:attachment":[{"href":"https:\/\/sp1hrubieszow.pl\/index.php\/wp-json\/wp\/v2\/media?parent=7789"}],"curies":[{"name":"wp","href":"https:\/\/api.w.org\/{rel}","templated":true}]}}