{"id":7782,"date":"2021-01-28T09:29:09","date_gmt":"2021-01-28T08:29:09","guid":{"rendered":"http:\/\/sp1.hrubieszow.info\/?page_id=7782"},"modified":"2021-01-28T09:29:25","modified_gmt":"2021-01-28T08:29:25","slug":"koduj-z-gigantami","status":"publish","type":"page","link":"https:\/\/sp1hrubieszow.pl\/index.php\/kronika-2020-2021\/koduj-z-gigantami\/","title":{"rendered":"Koduj z Gigantami"},"content":{"rendered":"\n<p><span style=\"color: #000080;\">30 stycznia startuj\u0105 darmowe warsztaty \u201cKoduj z Gigantami\u201d, na kt\u00f3re wci\u0105\u017c trwaj\u0105 zapisy. Ju\u017c po raz \u00f3smy zapraszamy dzieci i m\u0142odzie\u017c szkoln\u0105 do wzi\u0119cia udzia\u0142u w darmowych zaj\u0119ciach z programowania!<\/span><\/p>\n<p><span style=\"color: #000080;\">W tym roku warsztaty b\u0119d\u0105 si\u0119 odbywa\u0107 w terminach 30.01. &#8211; 14.02. stacjonarnie w 30 miastach Polski. Opr\u00f3cz warsztat\u00f3w stacjonarnych, uczniowie maj\u0105 mo\u017cliwo\u015b\u0107 zapisu na interaktywne zaj\u0119cia online, kt\u00f3re b\u0119d\u0105 prowadzone w ma\u0142ych grupach.<\/span><br><br><span style=\"color: #000080;\">\u201cKoduj z Gigantami\u201d to wydarzenie o charakterze edukacyjnym, kt\u00f3re jest&nbsp;doskona\u0142\u0105 okazj\u0105 do pog\u0142\u0119bienia wiedzy o programowaniu&nbsp;i&nbsp;lepszego startu w przysz\u0142o\u015b\u0107, a tak\u017ce&nbsp;bardziej \u015bwiadomego korzystania z nowych technologii.<\/span><br><br><span style=\"color: #000080;\">Warsztaty \u201cKoduj z Gigantami\u201d to po\u0142\u0105czenie du\u017cej dawki wiedzy ze \u015bwietn\u0105 zabaw\u0105. W ich trakcie dzieci ju\u017c od 7 roku \u017cycia mog\u0105 spr\u00f3bowa\u0107 w\u0142asnych si\u0142 w programowaniu i zacz\u0105\u0107 tworzy\u0107 w\u0142asne gry czy aplikacje. Program zaj\u0119\u0107 dopasowany jest odpowiednio do grupy wiekowej.<\/span><\/p>\n<p><span style=\"color: #000080;\">Aby wzi\u0105\u0107 udzia\u0142 w zaj\u0119ciach, wystarczy&nbsp;indywidualnie zarejestrowa\u0107&nbsp;si\u0119 na stronie:&nbsp;<a style=\"color: #000080;\" href=\"https:\/\/link.freshmail.mx\/c\/jq55rox0h1\/zgxir1i2mf\" rel=\"noopener\" data-saferedirecturl=\"https:\/\/zasobygwp.pl\/redirect?sig=8345e4e0efd4dfc7a03a8f4033fd3aa11ea47d79f5bba845cdfd3e7f778063cb&amp;url=aHR0cHM6Ly9saW5rLmZyZXNobWFpbC5teC9jL2pxNTVyb3gwaDEvemd4aXIxaTJtZg==&amp;platform=desktop&amp;brand=wp\">www.kodujzgigantami.pl.<br><br><\/a>Zapisy ju\u017c trwaj\u0105, a liczba miejsc jest ograniczona.<\/span><\/p>\n<p><span style=\"color: #000080;\">Dla uczestnik\u00f3w warsztat\u00f3w zostanie og\u0142oszony&nbsp;konkurs na projekt programistyczny, w kt\u00f3rym&nbsp;nagrody&nbsp;otrzyma szko\u0142a, nauczyciel prowadz\u0105cy oraz autor zwyci\u0119skiego projektu.<\/span><br><br><span style=\"color: #000080;\">Szczeg\u00f3\u0142y konkursu znajd\u0105 Pa\u0144stwo na profilu na Facebooku <a style=\"color: #000080;\" href=\"https:\/\/link.freshmail.mx\/c\/2942dz9xp0\/zgxir1i2mf\" rel=\"noopener\" data-saferedirecturl=\"https:\/\/zasobygwp.pl\/redirect?sig=092d1ccc32ef4877a0d16457ede074ad91e690c30b347bb6f13e6caaf7695b5c&amp;url=aHR0cHM6Ly9saW5rLmZyZXNobWFpbC5teC9jLzI5NDJkejl4cDAvemd4aXIxaTJtZg==&amp;platform=desktop&amp;brand=wp\">Koduj z Gigantami<\/a>.<\/span><\/p>\n<p><span style=\"color: #000080;\">Drodzy uczniowie!<\/span><br><br><span style=\"color: #000080;\">Serdecznie zach\u0119camy Was do wzi\u0119cia udzia\u0142u w bezp\u0142atnych warsztatach z programowania @Koduj z Gigantami!<\/span><br><br><span style=\"color: #000080;\">Je\u015bli chcecie pozna\u0107 \u015bwiat tworzenia gier, aplikacji mobilnych i j\u0119zyk\u00f3w programowania, wydarzenie Koduj z Gigantami jest w\u0142a\u015bnie dla Was!<\/span><\/p>\n<p><br><img loading=\"lazy\" decoding=\"async\" class=\"alignnone size-medium wp-image-7781\" src=\"http:\/\/sp1.hrubieszow.info\/wp-content\/uploads\/2021\/01\/kzg_patroni_plakat_wersja2_beztekstu_stronajoomla-212x300.jpg\" alt=\"\" width=\"212\" height=\"300\" srcset=\"https:\/\/sp1hrubieszow.pl\/wp-content\/uploads\/2021\/01\/kzg_patroni_plakat_wersja2_beztekstu_stronajoomla-212x300.jpg 212w, https:\/\/sp1hrubieszow.pl\/wp-content\/uploads\/2021\/01\/kzg_patroni_plakat_wersja2_beztekstu_stronajoomla-768x1086.jpg 768w, https:\/\/sp1hrubieszow.pl\/wp-content\/uploads\/2021\/01\/kzg_patroni_plakat_wersja2_beztekstu_stronajoomla-724x1024.jpg 724w, https:\/\/sp1hrubieszow.pl\/wp-content\/uploads\/2021\/01\/kzg_patroni_plakat_wersja2_beztekstu_stronajoomla-624x883.jpg 624w\" sizes=\"auto, (max-width: 212px) 100vw, 212px\" \/><br><br><\/p>\n<p><img loading=\"lazy\" decoding=\"async\" class=\"alignnone size-medium wp-image-7780\" src=\"http:\/\/sp1.hrubieszow.info\/wp-content\/uploads\/2021\/01\/kodujzgigantami-300x157.jpg\" alt=\"\" width=\"300\" height=\"157\" srcset=\"https:\/\/sp1hrubieszow.pl\/wp-content\/uploads\/2021\/01\/kodujzgigantami-300x157.jpg 300w, https:\/\/sp1hrubieszow.pl\/wp-content\/uploads\/2021\/01\/kodujzgigantami-768x402.jpg 768w, https:\/\/sp1hrubieszow.pl\/wp-content\/uploads\/2021\/01\/kodujzgigantami-1024x536.jpg 1024w, https:\/\/sp1hrubieszow.pl\/wp-content\/uploads\/2021\/01\/kodujzgigantami-624x327.jpg 624w, https:\/\/sp1hrubieszow.pl\/wp-content\/uploads\/2021\/01\/kodujzgigantami.jpg 1200w\" sizes=\"auto, (max-width: 300px) 100vw, 300px\" \/><\/p>\n<p>&nbsp;<\/p>\n","protected":false},"excerpt":{"rendered":"<p>30 stycznia startuj\u0105 darmowe warsztaty \u201cKoduj z Gigantami\u201d, na kt\u00f3re wci\u0105\u017c trwaj\u0105 zapisy. Ju\u017c po raz \u00f3smy zapraszamy dzieci i m\u0142odzie\u017c szkoln\u0105 do wzi\u0119cia udzia\u0142u w darmowych zaj\u0119ciach z programowania! W tym roku warsztaty b\u0119d\u0105 si\u0119 odbywa\u0107 w terminach 30.01. &#8211; 14.02. stacjonarnie w 30 miastach Polski. Opr\u00f3cz warsztat\u00f3w stacjonarnych, uczniowie maj\u0105 mo\u017cliwo\u015b\u0107 zapisu na [&hellip;]<\/p>\n","protected":false},"author":2,"featured_media":0,"parent":5983,"menu_order":0,"comment_status":"closed","ping_status":"closed","template":"","meta":{"ngg_post_thumbnail":0,"footnotes":""},"class_list":["post-7782","page","type-page","status-publish","hentry"],"_links":{"self":[{"href":"https:\/\/sp1hrubieszow.pl\/index.php\/wp-json\/wp\/v2\/pages\/7782","targetHints":{"allow":["GET"]}}],"collection":[{"href":"https:\/\/sp1hrubieszow.pl\/index.php\/wp-json\/wp\/v2\/pages"}],"about":[{"href":"https:\/\/sp1hrubieszow.pl\/index.php\/wp-json\/wp\/v2\/types\/page"}],"author":[{"embeddable":true,"href":"https:\/\/sp1hrubieszow.pl\/index.php\/wp-json\/wp\/v2\/users\/2"}],"replies":[{"embeddable":true,"href":"https:\/\/sp1hrubieszow.pl\/index.php\/wp-json\/wp\/v2\/comments?post=7782"}],"version-history":[{"count":1,"href":"https:\/\/sp1hrubieszow.pl\/index.php\/wp-json\/wp\/v2\/pages\/7782\/revisions"}],"predecessor-version":[{"id":7783,"href":"https:\/\/sp1hrubieszow.pl\/index.php\/wp-json\/wp\/v2\/pages\/7782\/revisions\/7783"}],"up":[{"embeddable":true,"href":"https:\/\/sp1hrubieszow.pl\/index.php\/wp-json\/wp\/v2\/pages\/5983"}],"wp:attachment":[{"href":"https:\/\/sp1hrubieszow.pl\/index.php\/wp-json\/wp\/v2\/media?parent=7782"}],"curies":[{"name":"wp","href":"https:\/\/api.w.org\/{rel}","templated":true}]}}