{"id":7763,"date":"2021-01-18T16:49:44","date_gmt":"2021-01-18T15:49:44","guid":{"rendered":"http:\/\/sp1.hrubieszow.info\/?page_id=7763"},"modified":"2021-01-18T16:50:09","modified_gmt":"2021-01-18T15:50:09","slug":"sprawozdanie-z-przebiegu-zimowiska","status":"publish","type":"page","link":"https:\/\/sp1hrubieszow.pl\/index.php\/kronika-2020-2021\/sprawozdanie-z-przebiegu-zimowiska\/","title":{"rendered":"SPRAWOZDANIE Z PRZEBIEGU ZIMOWISKA"},"content":{"rendered":"\n<p><span style=\"color: #000080;\">Tegoroczne ferie przebiega\u0142y pod has\u0142em: \u201eFerie w szkole\u201d. Zaj\u0119cia odbywa\u0142y si\u0119&nbsp; w godzinach od 8.00 do 13.00 &nbsp;i prowadzone by\u0142y zgodnie z zaplanowanym programem. Wszystkim spotkaniom przy\u015bwieca\u0142o has\u0142o zimowiska. Uczniowie mi\u0142o, weso\u0142o oraz &nbsp;sportowo sp\u0119dzali czas w szkole.<\/span><\/p>\n<p><span style=\"color: #000080;\">Uczestnicy bawili si\u0119 na terenie szko\u0142y min. na sali gimnastycznej, sali korekcyjnej, na korytarzach szkolnych oraz w \u015bwietlicy szkolnej. Odbywa\u0142y si\u0119 gry i zabawy sportowe, zaj\u0119cia plastyczne, zaj\u0119cia manualne, quizy oraz pokaz talentu muzycznego &#8211; \u015bpiewanie znanej dzieci\u0119cej piosenki ,,Kaczka dziwaczka\u2019\u2019&nbsp;<\/span><\/p>\n<p><span style=\"color: #000080;\">Pogoda nas nie rozpieszcza\u0142a.&nbsp; Pora roku jak\u0105 jest&nbsp; zima&nbsp; zainspirowa\u0142a &nbsp;nas do wsp\u00f3lnego wyklejania&nbsp; ,,ba\u0142wana\u2019\u2019. Do tego wykorzystali\u015bmy resztki papieru z niszczarek znajduj\u0105cych si\u0119 w administracji szkolnej. Podkre\u015blali\u015bmy&nbsp; tym samym jak wa\u017cnym elementem jest pozyskiwanie materia\u0142\u00f3w&nbsp; z surowca &nbsp;wt\u00f3rnego,&nbsp; tym samym&nbsp; dzieci nauczy\u0142y si\u0119 jak dba\u0107&nbsp; o ekologi\u0119.<\/span><\/p>\n<p><span style=\"color: #000080;\">Wielu uczni\u00f3w zainteresowa\u0142o robienie figurek z modeliny, masy solnej. Lepi\u0142y &nbsp;r\u00f3\u017cne kszta\u0142ty, sylwetki zwierz\u0105t, a tak\u017ce wykonywa\u0142y&nbsp; bi\u017cuteri\u0119&nbsp; z ulepionych w\u0142asnor\u0119cznie koralik\u00f3w. &nbsp;Wszyscy z wielkim zaanga\u017cowaniem wykonywali swe prace.<\/span><\/p>\n<p><span style=\"color: #000080;\">&nbsp;Innym rodzajem zaj\u0119\u0107&nbsp; by\u0142o&nbsp; robienie pompon\u00f3w z kolorowej w\u0142\u00f3czki wykorzystanych do tworzenia breloczk\u00f3w do kluczy. Zaj\u0119cia artystyczne przeplatane by\u0142y zaj\u0119ciami i konkurencjami sportowymi&nbsp;<\/span><\/p>\n<p><span style=\"color: #000080;\">Codziennie podczas naszych spotka\u0144 omawiali\u015bmy zganienia zwi\u0105zane z bezpiecze\u0144stwem podczas zabaw feryjnych. Poruszone zosta\u0142y zagadnienia dotycz\u0105ce odpowiedzialno\u015bci za bezpiecze\u0144stwo w\u0142asne i otoczenia &#8211; korzystanie z wszelkich urz\u0105dze\u0144, zapoznanie uczni\u00f3w z zasadami bezpiecznego pos\u0142ugiwania si\u0119 przyborami i sprz\u0119tem szkolnym. Zwr\u00f3cono uwag\u0119 tak\u017ce na zagadnienia profilaktyczne&nbsp; dotycz\u0105ce min. &nbsp;wzywania pogotowia ratunkowego, policji, stra\u017cy po\u017carnej. Wyrabiano umiej\u0119tno\u015b\u0107 udzielania pierwszej pomocy. Wdro\u017cono uczni\u00f3w do dbania o w\u0142asne zdrowie poprzez w\u0142a\u015bciwe zaplanowanie ilo\u015bci i jako\u015bci posi\u0142k\u00f3w, zapoznano z zagro\u017ceniami wynikaj\u0105cymi za\u017cywania niew\u0142a\u015bciwych u\u017cywek.<\/span><\/p>\n<p><span style=\"color: #000080;\">Minione ferie dostarczy\u0142y uczestnikom zimowiska wra\u017ce\u0144&nbsp; i z pewno\u015bci\u0105 pozostan\u0105 na d\u0142ugo w ich pami\u0119ci, tym bardziej, \u017ce ka\u017cdy uczestnik zimowiska dosta\u0142 dyplom i drobny upominek.<\/span><\/p>\n<p><span style=\"color: #000080;\">Atrakcyjne zaj\u0119cia i nagrody na zako\u0144czenie zimowiska zawdzi\u0119czamy dofinansowaniu z funduszu profilaktycznego Miejskiego Programu Profilaktyki, Rozwi\u0105zywania Problem\u00f3w Alkoholowych i Przeciwdzia\u0142ania Narkomanii.<\/span><\/p>\nngg_shortcode_0_placeholder\n","protected":false},"excerpt":{"rendered":"<p>Tegoroczne ferie przebiega\u0142y pod has\u0142em: \u201eFerie w szkole\u201d. Zaj\u0119cia odbywa\u0142y si\u0119&nbsp; w godzinach od 8.00 do 13.00 &nbsp;i prowadzone by\u0142y zgodnie z zaplanowanym programem. Wszystkim spotkaniom przy\u015bwieca\u0142o has\u0142o zimowiska. Uczniowie mi\u0142o, weso\u0142o oraz &nbsp;sportowo sp\u0119dzali czas w szkole. Uczestnicy bawili si\u0119 na terenie szko\u0142y min. na sali gimnastycznej, sali korekcyjnej, na korytarzach szkolnych oraz w [&hellip;]<\/p>\n","protected":false},"author":2,"featured_media":0,"parent":5983,"menu_order":0,"comment_status":"closed","ping_status":"closed","template":"","meta":{"ngg_post_thumbnail":0,"footnotes":""},"class_list":["post-7763","page","type-page","status-publish","hentry"],"_links":{"self":[{"href":"https:\/\/sp1hrubieszow.pl\/index.php\/wp-json\/wp\/v2\/pages\/7763","targetHints":{"allow":["GET"]}}],"collection":[{"href":"https:\/\/sp1hrubieszow.pl\/index.php\/wp-json\/wp\/v2\/pages"}],"about":[{"href":"https:\/\/sp1hrubieszow.pl\/index.php\/wp-json\/wp\/v2\/types\/page"}],"author":[{"embeddable":true,"href":"https:\/\/sp1hrubieszow.pl\/index.php\/wp-json\/wp\/v2\/users\/2"}],"replies":[{"embeddable":true,"href":"https:\/\/sp1hrubieszow.pl\/index.php\/wp-json\/wp\/v2\/comments?post=7763"}],"version-history":[{"count":1,"href":"https:\/\/sp1hrubieszow.pl\/index.php\/wp-json\/wp\/v2\/pages\/7763\/revisions"}],"predecessor-version":[{"id":7764,"href":"https:\/\/sp1hrubieszow.pl\/index.php\/wp-json\/wp\/v2\/pages\/7763\/revisions\/7764"}],"up":[{"embeddable":true,"href":"https:\/\/sp1hrubieszow.pl\/index.php\/wp-json\/wp\/v2\/pages\/5983"}],"wp:attachment":[{"href":"https:\/\/sp1hrubieszow.pl\/index.php\/wp-json\/wp\/v2\/media?parent=7763"}],"curies":[{"name":"wp","href":"https:\/\/api.w.org\/{rel}","templated":true}]}}