{"id":7738,"date":"2021-01-17T13:13:47","date_gmt":"2021-01-17T12:13:47","guid":{"rendered":"http:\/\/sp1.hrubieszow.info\/?page_id=7738"},"modified":"2021-01-17T13:14:08","modified_gmt":"2021-01-17T12:14:08","slug":"komunikat","status":"publish","type":"page","link":"https:\/\/sp1hrubieszow.pl\/index.php\/kronika-2020-2021\/komunikat\/","title":{"rendered":"Komunikat"},"content":{"rendered":"\n<p><span style=\"background-color: #ffffff; color: #000080;\"><strong>Szanowni Pa\u0144stwo, <\/strong><\/span><br><span style=\"background-color: #ffffff; color: #000080;\"><strong>Drodzy uczniowie!<\/strong><\/span><br><span style=\"background-color: #ffffff; color: #000080;\">Od 18 stycznia 2021 r. uczniowie klas I- III oraz oddzia\u0142 przedszkolny rozpoczn\u0105 nauczanie stacjonarne.<\/span><br><span style=\"background-color: #ffffff; color: #000080;\">Zaj\u0119cia w klasach IV \u2013 VIII odbywaj\u0105 si\u0119 w trybie zdalnym, zgodnie z obowi\u0105zuj\u0105cym planem zaj\u0119\u0107. Uczniowie klas \u00f3smych w dalszym ci\u0105gu korzystaj\u0105 konsultacji. <\/span><span style=\"background-color: #ffffff; color: #000080;\">\u015awietlica szkolna i sto\u0142\u00f3wka pozostaj\u0105 czynne dla uczni\u00f3w klas I \u2013 III, zgodnie ze z\u0142o\u017conymi przez rodzic\u00f3w\/opiekun\u00f3w prawnych deklaracjami.<\/span><br><span style=\"background-color: #ffffff; color: #000080;\">Biblioteka szkolna realizuje swoj\u0105 dzia\u0142alno\u015b\u0107, uwzgl\u0119dniaj\u0105c konieczny okres 2dni kwarantanny dla ksi\u0105\u017cek i innych materia\u0142\u00f3w przechowywanych w bibliotece <\/span><br><span style=\"background-color: #ffffff; color: #000080;\">Zgodnie z zaleceniami GIS przebywanie os\u00f3b trzecich w&nbsp;pomieszczeniach szko\u0142y zostanie ograniczone do niezb\u0119dnego minimum.<\/span><br><span style=\"background-color: #ffffff; color: #000080;\">Uczniowie samodzielnie b\u0119d\u0105 rozbiera\u0107 si\u0119 w&nbsp;szatni. Je\u015bli zaistnieje taka potrzeba, dzieciom m\u0142odszym pomo\u017ce pracownik szko\u0142y. <\/span><br><span style=\"background-color: #ffffff; color: #000080;\">Przypominam, \u017ce rodzice odprowadzaj\u0105cy dzieci mog\u0105 wchodzi\u0107 do wej\u015bcia g\u0142\u00f3wnego budynku szko\u0142y z zachowaniem wszelkich zasad sanitarnych: <\/span><br><span style=\"background-color: #ffffff; color: #000080;\">1 opiekun z dzieckiem\/dzie\u0107mi,<\/span><br><span style=\"background-color: #ffffff; color: #000080;\">dystansu od kolejnego opiekuna z dzieckiem min. 1,5 m,<\/span><br><span style=\"background-color: #ffffff; color: #000080;\">dystansu od pracownik\u00f3w szko\u0142y min. 1,5 m,<\/span><br><span style=\"background-color: #ffffff; color: #000080;\">opiekunowie powinni przestrzega\u0107 obowi\u0105zuj\u0105cych przepis\u00f3w prawa zwi\u0105zanych z&nbsp;bezpiecze\u0144stwem zdrowotnym obywateli (m.in. stosowa\u0107 \u015brodki ochronne: os\u0142ona ust i nosa, r\u0119kawiczki jednorazowe lub dezynfekcja r\u0105k)<\/span><\/p>\n<p><br><span style=\"background-color: #ffffff; color: #000080;\">Uwaga dzieci: <\/span><br><span style=\"background-color: #ffffff; color: #000080;\">w wej\u015bciu g\u0142\u00f3wnym w dalszym ci\u0105gu dokonywany b\u0119dzie pomiar temperatury;<\/span><br><span style=\"background-color: #ffffff; color: #000080;\">uczniowie poruszaj\u0105 si\u0119 w przestrzeniach wsp\u00f3lnych szko\u0142y <\/span><span style=\"background-color: #ffffff; color: #000080;\">w maseczkach.<strong>&nbsp;(Prosz\u0119 Rodzic\u00f3w , aby zaopatrzy\u0107 dziecko w indywidualn\u0105 os\u0142on\u0119 nosa i&nbsp;ust .)<\/strong><\/span><\/p>\n<p><br><span style=\"background-color: #ffffff; color: #000080;\">Wszyscy Nauczyciele pe\u0142ni\u0105 swoje obowi\u0105zki w miejscu pracy.<\/span><br><span style=\"background-color: #ffffff; color: #000080;\">Konsultacje i zebrania z rodzicami, do odwo\u0142ania, b\u0119d\u0105 odbywa\u0142y si\u0119 tylko w trybie zdalnym. W sytuacjach koniecznych, spotkania rodzic\u00f3w z nauczycielami\/pracownikami szko\u0142y odbywa\u0107 si\u0119 b\u0119d\u0105 po wcze\u015bniejszym telefonicznym uzgodnieniu terminu.<\/span><br><span style=\"background-color: #ffffff; color: #000080;\">Uczni\u00f3w i pracownik\u00f3w szko\u0142y przebywaj\u0105cych na terenie plac\u00f3wki obowi\u0105zuje re\u017cim sanitarny i&nbsp;obowi\u0105zek przestrzegania wdro\u017conych procedur bezpiecze\u0144stwa i&nbsp;aktualnych wytycznych MEiN, MZ GIS.<\/span><\/p>\n","protected":false},"excerpt":{"rendered":"<p>Szanowni Pa\u0144stwo, Drodzy uczniowie!Od 18 stycznia 2021 r. uczniowie klas I- III oraz oddzia\u0142 przedszkolny rozpoczn\u0105 nauczanie stacjonarne.Zaj\u0119cia w klasach IV \u2013 VIII odbywaj\u0105 si\u0119 w trybie zdalnym, zgodnie z obowi\u0105zuj\u0105cym planem zaj\u0119\u0107. Uczniowie klas \u00f3smych w dalszym ci\u0105gu korzystaj\u0105 konsultacji. \u015awietlica szkolna i sto\u0142\u00f3wka pozostaj\u0105 czynne dla uczni\u00f3w klas I \u2013 III, zgodnie ze [&hellip;]<\/p>\n","protected":false},"author":2,"featured_media":0,"parent":5983,"menu_order":0,"comment_status":"closed","ping_status":"closed","template":"","meta":{"ngg_post_thumbnail":0,"footnotes":""},"class_list":["post-7738","page","type-page","status-publish","hentry"],"_links":{"self":[{"href":"https:\/\/sp1hrubieszow.pl\/index.php\/wp-json\/wp\/v2\/pages\/7738","targetHints":{"allow":["GET"]}}],"collection":[{"href":"https:\/\/sp1hrubieszow.pl\/index.php\/wp-json\/wp\/v2\/pages"}],"about":[{"href":"https:\/\/sp1hrubieszow.pl\/index.php\/wp-json\/wp\/v2\/types\/page"}],"author":[{"embeddable":true,"href":"https:\/\/sp1hrubieszow.pl\/index.php\/wp-json\/wp\/v2\/users\/2"}],"replies":[{"embeddable":true,"href":"https:\/\/sp1hrubieszow.pl\/index.php\/wp-json\/wp\/v2\/comments?post=7738"}],"version-history":[{"count":1,"href":"https:\/\/sp1hrubieszow.pl\/index.php\/wp-json\/wp\/v2\/pages\/7738\/revisions"}],"predecessor-version":[{"id":7739,"href":"https:\/\/sp1hrubieszow.pl\/index.php\/wp-json\/wp\/v2\/pages\/7738\/revisions\/7739"}],"up":[{"embeddable":true,"href":"https:\/\/sp1hrubieszow.pl\/index.php\/wp-json\/wp\/v2\/pages\/5983"}],"wp:attachment":[{"href":"https:\/\/sp1hrubieszow.pl\/index.php\/wp-json\/wp\/v2\/media?parent=7738"}],"curies":[{"name":"wp","href":"https:\/\/api.w.org\/{rel}","templated":true}]}}