{"id":7732,"date":"2021-01-02T15:59:14","date_gmt":"2021-01-02T14:59:14","guid":{"rendered":"http:\/\/sp1.hrubieszow.info\/?page_id=7732"},"modified":"2021-01-02T16:01:28","modified_gmt":"2021-01-02T15:01:28","slug":"wyroznienia-w-ogolnopolskim-konkursie-plastycznym-pt-wehikul-czasu","status":"publish","type":"page","link":"https:\/\/sp1hrubieszow.pl\/index.php\/kronika-2020-2021\/wyroznienia-w-ogolnopolskim-konkursie-plastycznym-pt-wehikul-czasu\/","title":{"rendered":"Wyr\u00f3\u017cnienia w og\u00f3lnopolskim konkursie plastycznym pt. &#8222;Wehiku\u0142 czasu&#8221;"},"content":{"rendered":"\n<div class=\"kvgmc6g5 cxmmr5t8 oygrvhab hcukyx3x c1et5uql ii04i59q\">\n<div dir=\"auto\"><img loading=\"lazy\" decoding=\"async\" class=\"size-medium wp-image-7734 aligncenter\" src=\"http:\/\/sp1.hrubieszow.info\/wp-content\/uploads\/2021\/01\/ztu-300x191.jpg\" alt=\"\" width=\"300\" height=\"191\" srcset=\"https:\/\/sp1hrubieszow.pl\/wp-content\/uploads\/2021\/01\/ztu-300x191.jpg 300w, https:\/\/sp1hrubieszow.pl\/wp-content\/uploads\/2021\/01\/ztu-768x490.jpg 768w, https:\/\/sp1hrubieszow.pl\/wp-content\/uploads\/2021\/01\/ztu-624x398.jpg 624w, https:\/\/sp1hrubieszow.pl\/wp-content\/uploads\/2021\/01\/ztu.jpg 912w\" sizes=\"auto, (max-width: 300px) 100vw, 300px\" \/><\/div>\n<div dir=\"auto\"><span style=\"color: #000080;\">Mi\u0142o nam poinformowa\u0107, \u017ce nasi uczniowie zostali wyr\u00f3\u017cnieni w presti\u017cowym og\u00f3lnopolskim konkursie profilaktycznym pod patronatem Zachowaj Trze\u017awy Umys\u0142.<\/span><\/div>\n<div dir=\"auto\"><span style=\"color: #000080;\">Wyr\u00f3\u017cnienia w og\u00f3lnopolskim konkursie plastycznym pt. &#8222;Wehiku\u0142 czasu&#8221; otrzymali:<\/span><\/div>\n<div dir=\"auto\"><span style=\"color: #000080;\">1. Lena Ni\u017anikowska z kl. IIc wych. p.Joanna Bartnik<\/span><\/div>\n<div dir=\"auto\"><span style=\"color: #000080;\">2. Miko\u0142aj Karpiuk z kl. IIIb, wych. p. Monika Korneluk<\/span><\/div>\n<div dir=\"auto\"><span style=\"color: #000080;\">3.Dominik Kowalczuk z kl. IVb wych\/nauczyciel plastyki p.Ewa Filipowicz-Sidorczuk<\/span><\/div>\n<div dir=\"auto\"><span style=\"color: #000080;\">4. Jakub Chomiak, kl. VIIc, wych p. Ma\u0142gorzata Szumiata, nauczyciel plastyki p. Ewa Filipowicz-Sidorczuk.<\/span><\/div>\n<\/div>\n<div class=\"o9v6fnle cxmmr5t8 oygrvhab hcukyx3x c1et5uql ii04i59q\">\n<div dir=\"auto\"><span style=\"color: #000080;\">Gratulujemy nagrodzonym uczniom, ich rodzicom oraz nauczycielom!<\/span><\/div>\n<div dir=\"auto\"><span style=\"color: #000080;\">Dzi\u0119kujemy wszystkim uczniom, kt\u00f3rzy wzi\u0119li udzia\u0142 w konkursach w ramach programu &#8222;Zachowaj Trze\u017awy Umys\u0142&#8217;2020&#8221;, kt\u00f3rego has\u0142o przewodnie brzmia\u0142o: &#8222;Dorastamy Asertywnie&#8221;.<\/span><\/div>\n<\/div>\n","protected":false},"excerpt":{"rendered":"<p>Mi\u0142o nam poinformowa\u0107, \u017ce nasi uczniowie zostali wyr\u00f3\u017cnieni w presti\u017cowym og\u00f3lnopolskim konkursie profilaktycznym pod patronatem Zachowaj Trze\u017awy Umys\u0142. Wyr\u00f3\u017cnienia w og\u00f3lnopolskim konkursie plastycznym pt. &#8222;Wehiku\u0142 czasu&#8221; otrzymali: 1. Lena Ni\u017anikowska z kl. IIc wych. p.Joanna Bartnik 2. Miko\u0142aj Karpiuk z kl. IIIb, wych. p. Monika Korneluk 3.Dominik Kowalczuk z kl. IVb wych\/nauczyciel plastyki p.Ewa Filipowicz-Sidorczuk [&hellip;]<\/p>\n","protected":false},"author":2,"featured_media":0,"parent":5983,"menu_order":0,"comment_status":"closed","ping_status":"closed","template":"","meta":{"ngg_post_thumbnail":0,"footnotes":""},"class_list":["post-7732","page","type-page","status-publish","hentry"],"_links":{"self":[{"href":"https:\/\/sp1hrubieszow.pl\/index.php\/wp-json\/wp\/v2\/pages\/7732","targetHints":{"allow":["GET"]}}],"collection":[{"href":"https:\/\/sp1hrubieszow.pl\/index.php\/wp-json\/wp\/v2\/pages"}],"about":[{"href":"https:\/\/sp1hrubieszow.pl\/index.php\/wp-json\/wp\/v2\/types\/page"}],"author":[{"embeddable":true,"href":"https:\/\/sp1hrubieszow.pl\/index.php\/wp-json\/wp\/v2\/users\/2"}],"replies":[{"embeddable":true,"href":"https:\/\/sp1hrubieszow.pl\/index.php\/wp-json\/wp\/v2\/comments?post=7732"}],"version-history":[{"count":2,"href":"https:\/\/sp1hrubieszow.pl\/index.php\/wp-json\/wp\/v2\/pages\/7732\/revisions"}],"predecessor-version":[{"id":7735,"href":"https:\/\/sp1hrubieszow.pl\/index.php\/wp-json\/wp\/v2\/pages\/7732\/revisions\/7735"}],"up":[{"embeddable":true,"href":"https:\/\/sp1hrubieszow.pl\/index.php\/wp-json\/wp\/v2\/pages\/5983"}],"wp:attachment":[{"href":"https:\/\/sp1hrubieszow.pl\/index.php\/wp-json\/wp\/v2\/media?parent=7732"}],"curies":[{"name":"wp","href":"https:\/\/api.w.org\/{rel}","templated":true}]}}