{"id":7713,"date":"2020-12-23T22:45:29","date_gmt":"2020-12-23T21:45:29","guid":{"rendered":"http:\/\/sp1.hrubieszow.info\/?page_id=7713"},"modified":"2020-12-23T22:49:56","modified_gmt":"2020-12-23T21:49:56","slug":"ferie-zimowe-w-szkole","status":"publish","type":"page","link":"https:\/\/sp1hrubieszow.pl\/index.php\/kronika-2020-2021\/ferie-zimowe-w-szkole\/","title":{"rendered":"Ferie zimowe w szkole"},"content":{"rendered":"\n<p><span style=\"color: #000080;\"><strong><img loading=\"lazy\" decoding=\"async\" class=\"alignnone size-medium wp-image-7715\" src=\"http:\/\/sp1.hrubieszow.info\/wp-content\/uploads\/2020\/12\/ferie-zimowe-2021-wytyczne-men-BIG-115357-300x215.jpg\" alt=\"\" width=\"300\" height=\"215\" srcset=\"https:\/\/sp1hrubieszow.pl\/wp-content\/uploads\/2020\/12\/ferie-zimowe-2021-wytyczne-men-BIG-115357-300x215.jpg 300w, https:\/\/sp1hrubieszow.pl\/wp-content\/uploads\/2020\/12\/ferie-zimowe-2021-wytyczne-men-BIG-115357-768x551.jpg 768w, https:\/\/sp1hrubieszow.pl\/wp-content\/uploads\/2020\/12\/ferie-zimowe-2021-wytyczne-men-BIG-115357-624x448.jpg 624w, https:\/\/sp1hrubieszow.pl\/wp-content\/uploads\/2020\/12\/ferie-zimowe-2021-wytyczne-men-BIG-115357.jpg 940w\" sizes=\"auto, (max-width: 300px) 100vw, 300px\" \/><\/strong><\/span><\/p>\n<p><span style=\"color: #000080;\"><strong>Szanowni Pa\u0144stwo !<\/strong><\/span><\/p>\n<p><span style=\"color: #000080;\"><strong>&nbsp;<\/strong>Wychodz\u0105c naprzeciw oczekiwaniom rodzic\u00f3w podj\u0119li\u015bmy dzia\u0142ania w zakresie organizacji opieki dla uczni\u00f3w klas I \u2013 IV w pierwszym tygodniu ferii&nbsp; w terminie <strong>od 4 do 8 stycznia 2021<\/strong> r. w <strong>godzinach&nbsp; 8 .00 \u2013 13.00 . <\/strong>W pierwszej kolejno\u015bci &nbsp;chodzi dzieci&nbsp; rodzic\u00f3w pracuj\u0105cych. &nbsp;<\/span><\/p>\n<p><span style=\"color: #000080;\">Dyrektor wraz z kadr\u0105 pedagogiczn\u0105 zapewni uczniom i ich rodzicom <strong>opiek\u0119 pedagogiczn\u0105<\/strong>, <strong>bezpiecze\u0144stwo<\/strong> zgodnie z wytycznymi Ministerstwa Edukacji Narodowej, Ministerstwa Zdrowia i G\u0142\u00f3wnego Inspektora Sanitarnego.<\/span><\/p>\n","protected":false},"excerpt":{"rendered":"<p>Szanowni Pa\u0144stwo ! &nbsp;Wychodz\u0105c naprzeciw oczekiwaniom rodzic\u00f3w podj\u0119li\u015bmy dzia\u0142ania w zakresie organizacji opieki dla uczni\u00f3w klas I \u2013 IV w pierwszym tygodniu ferii&nbsp; w terminie od 4 do 8 stycznia 2021 r. w godzinach&nbsp; 8 .00 \u2013 13.00 . W pierwszej kolejno\u015bci &nbsp;chodzi dzieci&nbsp; rodzic\u00f3w pracuj\u0105cych. &nbsp; Dyrektor wraz z kadr\u0105 pedagogiczn\u0105 zapewni uczniom i [&hellip;]<\/p>\n","protected":false},"author":2,"featured_media":0,"parent":5983,"menu_order":0,"comment_status":"closed","ping_status":"closed","template":"","meta":{"ngg_post_thumbnail":0,"footnotes":""},"class_list":["post-7713","page","type-page","status-publish","hentry"],"_links":{"self":[{"href":"https:\/\/sp1hrubieszow.pl\/index.php\/wp-json\/wp\/v2\/pages\/7713","targetHints":{"allow":["GET"]}}],"collection":[{"href":"https:\/\/sp1hrubieszow.pl\/index.php\/wp-json\/wp\/v2\/pages"}],"about":[{"href":"https:\/\/sp1hrubieszow.pl\/index.php\/wp-json\/wp\/v2\/types\/page"}],"author":[{"embeddable":true,"href":"https:\/\/sp1hrubieszow.pl\/index.php\/wp-json\/wp\/v2\/users\/2"}],"replies":[{"embeddable":true,"href":"https:\/\/sp1hrubieszow.pl\/index.php\/wp-json\/wp\/v2\/comments?post=7713"}],"version-history":[{"count":2,"href":"https:\/\/sp1hrubieszow.pl\/index.php\/wp-json\/wp\/v2\/pages\/7713\/revisions"}],"predecessor-version":[{"id":7716,"href":"https:\/\/sp1hrubieszow.pl\/index.php\/wp-json\/wp\/v2\/pages\/7713\/revisions\/7716"}],"up":[{"embeddable":true,"href":"https:\/\/sp1hrubieszow.pl\/index.php\/wp-json\/wp\/v2\/pages\/5983"}],"wp:attachment":[{"href":"https:\/\/sp1hrubieszow.pl\/index.php\/wp-json\/wp\/v2\/media?parent=7713"}],"curies":[{"name":"wp","href":"https:\/\/api.w.org\/{rel}","templated":true}]}}