{"id":7709,"date":"2020-12-23T22:36:43","date_gmt":"2020-12-23T21:36:43","guid":{"rendered":"http:\/\/sp1.hrubieszow.info\/?page_id=7709"},"modified":"2020-12-23T22:37:39","modified_gmt":"2020-12-23T21:37:39","slug":"akademia-bezpiecznego-puchatka","status":"publish","type":"page","link":"https:\/\/sp1hrubieszow.pl\/index.php\/kronika-2020-2021\/akademia-bezpiecznego-puchatka\/","title":{"rendered":"Akademia Bezpiecznego Puchatka"},"content":{"rendered":"\n<div class=\"o9v6fnle cxmmr5t8 oygrvhab hcukyx3x c1et5uql ii04i59q\">\n<div dir=\"auto\"><span style=\"color: #000080;\"><img loading=\"lazy\" decoding=\"async\" class=\"alignnone size-medium wp-image-7708\" src=\"http:\/\/sp1.hrubieszow.info\/wp-content\/uploads\/2020\/12\/131994649_3351315251662735_1939667595126457930_o-284x300.jpg\" alt=\"\" width=\"284\" height=\"300\" srcset=\"https:\/\/sp1hrubieszow.pl\/wp-content\/uploads\/2020\/12\/131994649_3351315251662735_1939667595126457930_o-284x300.jpg 284w, https:\/\/sp1hrubieszow.pl\/wp-content\/uploads\/2020\/12\/131994649_3351315251662735_1939667595126457930_o-768x812.jpg 768w, https:\/\/sp1hrubieszow.pl\/wp-content\/uploads\/2020\/12\/131994649_3351315251662735_1939667595126457930_o-969x1024.jpg 969w, https:\/\/sp1hrubieszow.pl\/wp-content\/uploads\/2020\/12\/131994649_3351315251662735_1939667595126457930_o-624x660.jpg 624w, https:\/\/sp1hrubieszow.pl\/wp-content\/uploads\/2020\/12\/131994649_3351315251662735_1939667595126457930_o.jpg 1892w\" sizes=\"auto, (max-width: 284px) 100vw, 284px\" \/><\/span><\/div>\n<div dir=\"auto\"><span style=\"color: #000080;\">W I p\u00f3\u0142roczu roku szkolnego 2020\/2021, wzorem lat ubieg\u0142ych, w Szkole Podstawowej Nr 1 im. Boles\u0142awa Prusa w Hrubieszowie, realizowany by\u0142 program profilaktyczny \u201eAkademia Bezpiecznego Puchatka\u201d. Uczestnikami zaj\u0119\u0107 byli uczniowie klas I a oraz I b, kt\u00f3rzy wzi\u0119li udzia\u0142 w spotkaniu z panem Policjantem oraz w cyklu zaj\u0119\u0107 edukacyjnych, przeprowadzonych na podstawie scenariuszy dostarczonych przez organizatora programu.<\/span><\/div>\n<div dir=\"auto\"><span style=\"color: #000080;\">Podczas zaj\u0119\u0107 on-line, przeprowadzonych w miesi\u0105cu grudniu na platformie Microsoft Teams, uczniowie powt\u00f3rzyli wszystkie zdobyte wiadomo\u015bci, dotycz\u0105ce bezpiecznego poruszania si\u0119 po drodze, bezpiecze\u0144stwa w szkole i w domu, bezpiecze\u0144stwa podczas korzystania z Internetu oraz w kontakcie z nieznajomymi osobami. Pierwszoklasi\u015bci wsp\u00f3lnie rozwi\u0105zywali Test Bezpiecze\u0144stwa, stanowi\u0105cy podsumowanie programu, oraz otrzymali link do testu, kt\u00f3ry b\u0119d\u0105 mogli rozwi\u0105za\u0107 w domu, wsp\u00f3lnie z rodzicami.<\/span><\/div>\n<div dir=\"auto\"><span style=\"color: #000080;\">Sk\u0142adam serdeczne podzi\u0119kowanie wychowawcom klas pierwszych pani Katarzynie Sztuk oraz pani Ma\u0142gorzacie Sidorskiej a tak\u017ce wszystkim rodzicom uczni\u00f3w klas pierwszych za wsp\u00f3\u0142prac\u0119<\/span><\/div>\n<div dir=\"auto\"><span style=\"color: #000080;\">w realizacji programu \u201eAkademia Bezpiecznego Puchatka\u201d.<\/span><\/div>\n<div dir=\"auto\"><span style=\"color: #000080;\">Naszym najm\u0142odszym uczniom \u017cyczymy, aby zdobyta podczas zaj\u0119\u0107 wiedza, zaowocowa\u0142a w codziennym, bezpiecznym \u017cyciu.<\/span><\/div>\n<\/div>\n<div class=\"o9v6fnle cxmmr5t8 oygrvhab hcukyx3x c1et5uql ii04i59q\">\n<div dir=\"auto\"><span style=\"color: #000080;\">Koordynator \u201eAkademii Bezpiecznego Puchatka\u201d- Marta Kuczy\u0144ska, pedagog szkolny<\/span><\/div>\n<div dir=\"auto\">\nngg_shortcode_0_placeholder\n<\/div>\n<\/div>\n","protected":false},"excerpt":{"rendered":"<p>W I p\u00f3\u0142roczu roku szkolnego 2020\/2021, wzorem lat ubieg\u0142ych, w Szkole Podstawowej Nr 1 im. Boles\u0142awa Prusa w Hrubieszowie, realizowany by\u0142 program profilaktyczny \u201eAkademia Bezpiecznego Puchatka\u201d. Uczestnikami zaj\u0119\u0107 byli uczniowie klas I a oraz I b, kt\u00f3rzy wzi\u0119li udzia\u0142 w spotkaniu z panem Policjantem oraz w cyklu zaj\u0119\u0107 edukacyjnych, przeprowadzonych na podstawie scenariuszy dostarczonych przez [&hellip;]<\/p>\n","protected":false},"author":2,"featured_media":0,"parent":5983,"menu_order":0,"comment_status":"closed","ping_status":"closed","template":"","meta":{"ngg_post_thumbnail":0,"footnotes":""},"class_list":["post-7709","page","type-page","status-publish","hentry"],"_links":{"self":[{"href":"https:\/\/sp1hrubieszow.pl\/index.php\/wp-json\/wp\/v2\/pages\/7709","targetHints":{"allow":["GET"]}}],"collection":[{"href":"https:\/\/sp1hrubieszow.pl\/index.php\/wp-json\/wp\/v2\/pages"}],"about":[{"href":"https:\/\/sp1hrubieszow.pl\/index.php\/wp-json\/wp\/v2\/types\/page"}],"author":[{"embeddable":true,"href":"https:\/\/sp1hrubieszow.pl\/index.php\/wp-json\/wp\/v2\/users\/2"}],"replies":[{"embeddable":true,"href":"https:\/\/sp1hrubieszow.pl\/index.php\/wp-json\/wp\/v2\/comments?post=7709"}],"version-history":[{"count":1,"href":"https:\/\/sp1hrubieszow.pl\/index.php\/wp-json\/wp\/v2\/pages\/7709\/revisions"}],"predecessor-version":[{"id":7710,"href":"https:\/\/sp1hrubieszow.pl\/index.php\/wp-json\/wp\/v2\/pages\/7709\/revisions\/7710"}],"up":[{"embeddable":true,"href":"https:\/\/sp1hrubieszow.pl\/index.php\/wp-json\/wp\/v2\/pages\/5983"}],"wp:attachment":[{"href":"https:\/\/sp1hrubieszow.pl\/index.php\/wp-json\/wp\/v2\/media?parent=7709"}],"curies":[{"name":"wp","href":"https:\/\/api.w.org\/{rel}","templated":true}]}}