{"id":7685,"date":"2020-12-22T11:09:08","date_gmt":"2020-12-22T10:09:08","guid":{"rendered":"http:\/\/sp1.hrubieszow.info\/?page_id=7685"},"modified":"2020-12-22T11:11:07","modified_gmt":"2020-12-22T10:11:07","slug":"konkurs-biblioteczny-najpiekniejsze-wirtualne-zyczenia-bozonarodzeniowe","status":"publish","type":"page","link":"https:\/\/sp1hrubieszow.pl\/index.php\/kronika-2020-2021\/konkurs-biblioteczny-najpiekniejsze-wirtualne-zyczenia-bozonarodzeniowe\/","title":{"rendered":"Konkurs biblioteczny \u201eNAJPI\u0118KNIEJSZE WIRTUALNE \u017bYCZENIA BO\u017bONARODZENIOWE\u201d"},"content":{"rendered":"\n<p><span style=\"color: #000080;\">W grudniu 2020 roku biblioteka szkolna przeprowadzi\u0142a konkurs na najpi\u0119kniejsze wirtualne \u017cyczenia bo\u017conarodzeniowe. Konkurs by\u0142 adresowany do uczni\u00f3w klas 3 \u2013 8 szko\u0142y podstawowej i polega\u0142 na wykonaniu w formie elektronicznej kartki \u015bwi\u0105tecznej i samodzielnym zredagowaniu \u017cycze\u0144. Konkurs mia\u0142 na celu kszta\u0142towanie umiej\u0119tno\u015bci redagowania oryginalnych tekst\u00f3w\/ wierszy \u015bwi\u0105tecznych, rozwijanie aktywno\u015bci tw\u00f3rczej uczni\u00f3w, uwra\u017cliwianie na pi\u0119kno j\u0119zyka polskiego, kultywowanie tradycji zwi\u0105zanych ze \u015awi\u0119tami Bo\u017cego Narodzenia, rozwijanie umiej\u0119tno\u015bci informatycznych.<\/span><\/p>\n<p><span style=\"color: #000080;\">Przy ocenie prac komisja konkursowa bra\u0142a pod uwag\u0119 oryginalno\u015b\u0107, pomys\u0142owo\u015b\u0107 <\/span><br><span style=\"color: #000080;\">i estetyk\u0119 wykonania.<\/span><\/p>\n<p><span style=\"color: #000080;\">Spo\u015br\u00f3d prac nades\u0142anych przez uczestnik\u00f3w konkursu komisja konkursowa wy\u0142oni\u0142a nast\u0119puj\u0105cych laureat\u00f3w:<\/span><\/p>\n<p><span style=\"color: #000080;\"><strong>I miejsce<\/strong> \u2013 Karpiuk Miko\u0142aj kl. 3b<\/span><\/p>\n<p><span style=\"color: #000080;\"><strong>II miejsce<\/strong> \u2013 Czajkowska Agata kl. 8c<\/span><\/p>\n<p><span style=\"color: #000080;\"><strong>III miejsce<\/strong> \u2013 Jasi\u0144ska Karolina kl. 6d<\/span><\/p>\n<p><span style=\"color: #000080;\"><strong>Wyr\u00f3\u017cnienie<\/strong> otrzyma\u0142 Stadnicki Karol z klasy 5a.<\/span><\/p>\n<p><span style=\"color: #000080;\">Wszyscy uczestnicy konkursu otrzymaj\u0105 pami\u0105tkowe dyplomy, a laureaci drobne nagrody rzeczowe.<\/span><\/p>\nngg_shortcode_0_placeholder\n","protected":false},"excerpt":{"rendered":"<p>W grudniu 2020 roku biblioteka szkolna przeprowadzi\u0142a konkurs na najpi\u0119kniejsze wirtualne \u017cyczenia bo\u017conarodzeniowe. Konkurs by\u0142 adresowany do uczni\u00f3w klas 3 \u2013 8 szko\u0142y podstawowej i polega\u0142 na wykonaniu w formie elektronicznej kartki \u015bwi\u0105tecznej i samodzielnym zredagowaniu \u017cycze\u0144. Konkurs mia\u0142 na celu kszta\u0142towanie umiej\u0119tno\u015bci redagowania oryginalnych tekst\u00f3w\/ wierszy \u015bwi\u0105tecznych, rozwijanie aktywno\u015bci tw\u00f3rczej uczni\u00f3w, uwra\u017cliwianie na pi\u0119kno [&hellip;]<\/p>\n","protected":false},"author":2,"featured_media":0,"parent":5983,"menu_order":0,"comment_status":"closed","ping_status":"closed","template":"","meta":{"ngg_post_thumbnail":0,"footnotes":""},"class_list":["post-7685","page","type-page","status-publish","hentry"],"_links":{"self":[{"href":"https:\/\/sp1hrubieszow.pl\/index.php\/wp-json\/wp\/v2\/pages\/7685","targetHints":{"allow":["GET"]}}],"collection":[{"href":"https:\/\/sp1hrubieszow.pl\/index.php\/wp-json\/wp\/v2\/pages"}],"about":[{"href":"https:\/\/sp1hrubieszow.pl\/index.php\/wp-json\/wp\/v2\/types\/page"}],"author":[{"embeddable":true,"href":"https:\/\/sp1hrubieszow.pl\/index.php\/wp-json\/wp\/v2\/users\/2"}],"replies":[{"embeddable":true,"href":"https:\/\/sp1hrubieszow.pl\/index.php\/wp-json\/wp\/v2\/comments?post=7685"}],"version-history":[{"count":2,"href":"https:\/\/sp1hrubieszow.pl\/index.php\/wp-json\/wp\/v2\/pages\/7685\/revisions"}],"predecessor-version":[{"id":7689,"href":"https:\/\/sp1hrubieszow.pl\/index.php\/wp-json\/wp\/v2\/pages\/7685\/revisions\/7689"}],"up":[{"embeddable":true,"href":"https:\/\/sp1hrubieszow.pl\/index.php\/wp-json\/wp\/v2\/pages\/5983"}],"wp:attachment":[{"href":"https:\/\/sp1hrubieszow.pl\/index.php\/wp-json\/wp\/v2\/media?parent=7685"}],"curies":[{"name":"wp","href":"https:\/\/api.w.org\/{rel}","templated":true}]}}