{"id":7673,"date":"2020-12-21T16:58:36","date_gmt":"2020-12-21T15:58:36","guid":{"rendered":"http:\/\/sp1.hrubieszow.info\/?page_id=7673"},"modified":"2020-12-21T16:59:14","modified_gmt":"2020-12-21T15:59:14","slug":"razem-na-swieta","status":"publish","type":"page","link":"https:\/\/sp1hrubieszow.pl\/index.php\/kronika-2020-2021\/razem-na-swieta\/","title":{"rendered":"RAZEM NA \u015aWI\u0118TA"},"content":{"rendered":"\n<p><span style=\"color: #000080;\">Szkolne Ko\u0142o Wolontariatu w\u0142\u0105czy\u0142o si\u0119 w akcj\u0119 propagowan\u0105 przez Ministerstwo Edukacji Narodowej pod nazw\u0105 ,,Razem na \u015awi\u0119ta\u201d. Celem inicjatywy jest zach\u0119cenie uczni\u00f3w do niesienia pomocy innym, jak r\u00f3wnie\u017c budowanie wsp\u00f3lnot i wi\u0119zi mi\u0119dzypokoleniowych. Ze wzgl\u0119du na ograniczenia wynikaj\u0105ce ze stanu epidemii tegoroczna edycja akcji mia\u0142a nieco odmienny charakter.<\/span><\/p>\n<p><span style=\"color: #000080;\">Wolontariusze wsp\u00f3lnie z opiekunem od 08 grudnia br. przygotowywali dekoracje oraz stroiki \u015bwi\u0105teczne, \u0142\u0105cz\u0105c si\u0119 przez aplikacj\u0119 Teams. Wykonane ozdoby \u015bwi\u0105teczne zosta\u0142y przekazane przez wolontariuszy osobom starszym, samotnym z rodziny, najbli\u017cszej okolicy, przyjacio\u0142om.<\/span><\/p>\n<p><span style=\"color: #000080;\">\u015awi\u0119ta Bo\u017cego Narodzenia to wyj\u0105tkowy czas \u2013 wzajemnej \u017cyczliwo\u015bci i rado\u015bci, dlatego nie pozw\u00f3lmy, by ktokolwiek czu\u0142 si\u0119 samotny w te \u015bwi\u0119ta. Jeste\u015bmy przekonani, \u017ce szczeg\u00f3lnie w tym okresie wiele os\u00f3b czeka na nasze wsparcie i zwyk\u0142e gesty \u017cyczliwo\u015bci.<\/span><\/p>\n<p><span style=\"color: #000080;\">Dzi\u0119kuj\u0119 wolontariuszom za zaanga\u017cowanie, jest to niezmiernie wa\u017cne, aby\u015bmy pami\u0119tali <\/span><br><span style=\"color: #000080;\">o osobach starszych, samotnych, przyjacio\u0142ach w tym szczeg\u00f3lnym okresie \u015bwi\u0105tecznym.<\/span><\/p>\n<p><span style=\"color: #000080;\">&nbsp;&nbsp;&nbsp;&nbsp;&nbsp;&nbsp;&nbsp;&nbsp;&nbsp;&nbsp;&nbsp;&nbsp;&nbsp;&nbsp;&nbsp;&nbsp;&nbsp;&nbsp;&nbsp;&nbsp;&nbsp;&nbsp;&nbsp;&nbsp;&nbsp;&nbsp;&nbsp;&nbsp;&nbsp;&nbsp;&nbsp;&nbsp;&nbsp;&nbsp;&nbsp;&nbsp;&nbsp;&nbsp;&nbsp;&nbsp;&nbsp;&nbsp;&nbsp;&nbsp;&nbsp;&nbsp;&nbsp;&nbsp;&nbsp;&nbsp;&nbsp;&nbsp;&nbsp;&nbsp;&nbsp;&nbsp;&nbsp;&nbsp;&nbsp;&nbsp;&nbsp;&nbsp;&nbsp;&nbsp;&nbsp;&nbsp;&nbsp;&nbsp;&nbsp;&nbsp;&nbsp;&nbsp;&nbsp;&nbsp;&nbsp;&nbsp;&nbsp;&nbsp;&nbsp;&nbsp;&nbsp;&nbsp; Opiekun SKW &#8211; Anna Karkuszewska<\/span><\/p>\nngg_shortcode_0_placeholder\n<p>&nbsp;<\/p>\n","protected":false},"excerpt":{"rendered":"<p>Szkolne Ko\u0142o Wolontariatu w\u0142\u0105czy\u0142o si\u0119 w akcj\u0119 propagowan\u0105 przez Ministerstwo Edukacji Narodowej pod nazw\u0105 ,,Razem na \u015awi\u0119ta\u201d. Celem inicjatywy jest zach\u0119cenie uczni\u00f3w do niesienia pomocy innym, jak r\u00f3wnie\u017c budowanie wsp\u00f3lnot i wi\u0119zi mi\u0119dzypokoleniowych. Ze wzgl\u0119du na ograniczenia wynikaj\u0105ce ze stanu epidemii tegoroczna edycja akcji mia\u0142a nieco odmienny charakter. Wolontariusze wsp\u00f3lnie z opiekunem od 08 grudnia [&hellip;]<\/p>\n","protected":false},"author":2,"featured_media":0,"parent":5983,"menu_order":0,"comment_status":"closed","ping_status":"closed","template":"","meta":{"ngg_post_thumbnail":0,"footnotes":""},"class_list":["post-7673","page","type-page","status-publish","hentry"],"_links":{"self":[{"href":"https:\/\/sp1hrubieszow.pl\/index.php\/wp-json\/wp\/v2\/pages\/7673","targetHints":{"allow":["GET"]}}],"collection":[{"href":"https:\/\/sp1hrubieszow.pl\/index.php\/wp-json\/wp\/v2\/pages"}],"about":[{"href":"https:\/\/sp1hrubieszow.pl\/index.php\/wp-json\/wp\/v2\/types\/page"}],"author":[{"embeddable":true,"href":"https:\/\/sp1hrubieszow.pl\/index.php\/wp-json\/wp\/v2\/users\/2"}],"replies":[{"embeddable":true,"href":"https:\/\/sp1hrubieszow.pl\/index.php\/wp-json\/wp\/v2\/comments?post=7673"}],"version-history":[{"count":1,"href":"https:\/\/sp1hrubieszow.pl\/index.php\/wp-json\/wp\/v2\/pages\/7673\/revisions"}],"predecessor-version":[{"id":7674,"href":"https:\/\/sp1hrubieszow.pl\/index.php\/wp-json\/wp\/v2\/pages\/7673\/revisions\/7674"}],"up":[{"embeddable":true,"href":"https:\/\/sp1hrubieszow.pl\/index.php\/wp-json\/wp\/v2\/pages\/5983"}],"wp:attachment":[{"href":"https:\/\/sp1hrubieszow.pl\/index.php\/wp-json\/wp\/v2\/media?parent=7673"}],"curies":[{"name":"wp","href":"https:\/\/api.w.org\/{rel}","templated":true}]}}