{"id":7648,"date":"2020-12-20T20:39:00","date_gmt":"2020-12-20T19:39:00","guid":{"rendered":"http:\/\/sp1.hrubieszow.info\/?page_id=7648"},"modified":"2020-12-20T20:42:15","modified_gmt":"2020-12-20T19:42:15","slug":"profilaktyka-z-zakresu-narkomanii","status":"publish","type":"page","link":"https:\/\/sp1hrubieszow.pl\/index.php\/kronika-2020-2021\/profilaktyka-z-zakresu-narkomanii\/","title":{"rendered":"Profilaktyka z zakresu narkomanii"},"content":{"rendered":"\n<p><span style=\"color: #000080;\">W dniach od 14 do 18 grudnia 2020r. uczniowie brali udzia\u0142 w warsztatach profilaktycznych <\/span><span style=\"color: #000080;\">z zakresu narkomanii, kt\u00f3re prowadzi\u0142a pani Agnieszka Kwiatkowska, terapeuta oraz pracownik Punktu Informacyjno &#8211; Konsultacyjnego ds. Narkomanii w Hrubieszowie.<\/span><\/p>\n<p><span style=\"color: #000080;\">Podczas spotka\u0144 online z uczniami zaproszony specjalista porusza\u0142 tematyk\u0119 wsp\u00f3\u0142czesnych substancji psychoaktywnych oraz konsekwencji ich za\u017cywania zar\u00f3wno w aspekcie zdrowotnym, spo\u0142ecznym jak i prawnym. Prowadz\u0105ca zaj\u0119cia przedstawia\u0142a fakty i mity <\/span><span style=\"color: #000080;\">o u\u017cywkach na podstawie codziennej pracy z m\u0142odzie\u017c\u0105, kt\u00f3r\u0105 wykonuje w Punkcie Informacyjno &#8211; Konsultacyjnym ds. Narkomanii w Hrubieszowie. Ponadto w zaj\u0119ciach prelegentka uwzgl\u0119dni\u0142a problematyk\u0119 zwi\u0105zan\u0105 z rozpoznawaniem emocji, opieraj\u0105c si\u0119 na przygotowanej prezentacji multimedialnej.<\/span><\/p>\n<p><span style=\"color: #000080;\">Spos\u00f3b prowadzonych zaj\u0119\u0107 prowokowa\u0142 uczni\u00f3w do konstruktywnej dyskusji oraz otwartego wyra\u017cania swoich pogl\u0105d\u00f3w. \u0141\u0105cznie zrealizowano 12 godziny, w\u015br\u00f3d uczni\u00f3w klas sz\u00f3stych, si\u00f3dmych, \u00f3smych.<\/span><\/p>\n<p><span style=\"color: #000080;\">Prelekcje zorganizowano w ramach programu profilaktyki przy wsp\u00f3\u0142pracy z Gmin\u0105 Miejsk\u0105 <\/span><br><span style=\"color: #000080;\">w Hrubieszowie. Koordynator przedsi\u0119wzi\u0119cia pedagog szkolny- Anna Karkuszewska<\/span><\/p>\nngg_shortcode_0_placeholder\n","protected":false},"excerpt":{"rendered":"<p>W dniach od 14 do 18 grudnia 2020r. uczniowie brali udzia\u0142 w warsztatach profilaktycznych z zakresu narkomanii, kt\u00f3re prowadzi\u0142a pani Agnieszka Kwiatkowska, terapeuta oraz pracownik Punktu Informacyjno &#8211; Konsultacyjnego ds. Narkomanii w Hrubieszowie. Podczas spotka\u0144 online z uczniami zaproszony specjalista porusza\u0142 tematyk\u0119 wsp\u00f3\u0142czesnych substancji psychoaktywnych oraz konsekwencji ich za\u017cywania zar\u00f3wno w aspekcie zdrowotnym, spo\u0142ecznym jak [&hellip;]<\/p>\n","protected":false},"author":2,"featured_media":0,"parent":5983,"menu_order":0,"comment_status":"closed","ping_status":"closed","template":"","meta":{"ngg_post_thumbnail":0,"footnotes":""},"class_list":["post-7648","page","type-page","status-publish","hentry"],"_links":{"self":[{"href":"https:\/\/sp1hrubieszow.pl\/index.php\/wp-json\/wp\/v2\/pages\/7648","targetHints":{"allow":["GET"]}}],"collection":[{"href":"https:\/\/sp1hrubieszow.pl\/index.php\/wp-json\/wp\/v2\/pages"}],"about":[{"href":"https:\/\/sp1hrubieszow.pl\/index.php\/wp-json\/wp\/v2\/types\/page"}],"author":[{"embeddable":true,"href":"https:\/\/sp1hrubieszow.pl\/index.php\/wp-json\/wp\/v2\/users\/2"}],"replies":[{"embeddable":true,"href":"https:\/\/sp1hrubieszow.pl\/index.php\/wp-json\/wp\/v2\/comments?post=7648"}],"version-history":[{"count":2,"href":"https:\/\/sp1hrubieszow.pl\/index.php\/wp-json\/wp\/v2\/pages\/7648\/revisions"}],"predecessor-version":[{"id":7654,"href":"https:\/\/sp1hrubieszow.pl\/index.php\/wp-json\/wp\/v2\/pages\/7648\/revisions\/7654"}],"up":[{"embeddable":true,"href":"https:\/\/sp1hrubieszow.pl\/index.php\/wp-json\/wp\/v2\/pages\/5983"}],"wp:attachment":[{"href":"https:\/\/sp1hrubieszow.pl\/index.php\/wp-json\/wp\/v2\/media?parent=7648"}],"curies":[{"name":"wp","href":"https:\/\/api.w.org\/{rel}","templated":true}]}}