{"id":7633,"date":"2020-12-20T20:28:44","date_gmt":"2020-12-20T19:28:44","guid":{"rendered":"http:\/\/sp1.hrubieszow.info\/?page_id=7633"},"modified":"2020-12-20T20:29:17","modified_gmt":"2020-12-20T19:29:17","slug":"program-antytytoniowy-czyste-powietrze-wokol-nas","status":"publish","type":"page","link":"https:\/\/sp1hrubieszow.pl\/index.php\/kronika-2020-2021\/program-antytytoniowy-czyste-powietrze-wokol-nas\/","title":{"rendered":"Program antytytoniowy ,,Czyste powietrze wok\u00f3\u0142 nas\u201d"},"content":{"rendered":"\n<p><span style=\"color: #000080;\">Uczniowie klasy zerowej uczestniczyli w zaj\u0119ciach profilaktycznych w ramach programu antytytoniowego ,,Czyste powietrze wok\u00f3\u0142 nas\u201d,&nbsp; kt\u00f3ry by\u0142 realizowany przy wsp\u00f3\u0142pracy <\/span><br><span style=\"color: #000080;\">z Powiatow\u0105 Stacj\u0105&nbsp; Sanitarno-Epidemiologiczn\u0105 w Hrubieszowie.<\/span><\/p>\n<p><span style=\"color: #000080;\">G\u0142\u00f3wnym celem programu jest ochrona dzieci przed szkodliwym wp\u0142ywem biernego palenia, zwi\u0119kszenie wra\u017cliwo\u015bci dzieci na szkodliwo\u015b\u0107 dymu papierosowego i wykszta\u0142cenie \u015bwiadomej umiej\u0119tno\u015bci radzenia sobie w sytuacjach, w kt\u00f3rych inne osoby pal\u0105 przy nich papierosy.<\/span><\/p>\n<p><span style=\"color: #000080;\">Dzieci bardzo ch\u0119tnie uczestniczy\u0142y we wszystkich zaproponowanych formach aktywno\u015bci. Obserwowa\u0142y r\u00f3\u017cne \u017ar\u00f3d\u0142a dym\u00f3w ukazane w prezentacji multimedialnej, a nast\u0119pnie wykona\u0142y prace plastyczne. Zapozna\u0142y si\u0119 z maskotk\u0105 programu &#8211; dinozaurem Dinkiem. Zasta\u0142a im zaprezentowana historia o podr\u00f3\u017cy Dinusia poci\u0105giem, kt\u00f3ry nie lubi palaczy i ucieka przed dymem tytoniowym. <\/span><br><span style=\"color: #000080;\">W trakcie zaj\u0119\u0107 dzieci wykonywa\u0142y r\u00f3wnie\u017c \u0107wiczenia oddechowe i relaksacyjne maj\u0105ce na&nbsp; celu u\u015bwiadomienie im jak bardzo wa\u017cne dla naszego organizmu jest oddychanie \u015bwie\u017cym powietrzem. W wyniku tych zaj\u0119\u0107 dzieci usystematyzowa\u0142y swoj\u0105 wiedz\u0119 na temat szkodliwo\u015bci palenia papieros\u00f3w. Dowiedzia\u0142y si\u0119 w jaki spos\u00f3b mo\u017cna i trzeba zachowywa\u0107 si\u0119, gdy nara\u017conym si\u0119 jest na wdychanie dymu z papierosa. Na koniec zaj\u0119\u0107 wykonywa\u0142y&nbsp; rysunkowe znaki \u201ezakazu palenia papieros\u00f3w\u201d.<\/span><\/p>\n<p><span style=\"color: #000080;\">Koordynatorzy programu: Anna Karkuszewska, Joanna Sawicka.<\/span><\/p>\nngg_shortcode_0_placeholder\n","protected":false},"excerpt":{"rendered":"<p>Uczniowie klasy zerowej uczestniczyli w zaj\u0119ciach profilaktycznych w ramach programu antytytoniowego ,,Czyste powietrze wok\u00f3\u0142 nas\u201d,&nbsp; kt\u00f3ry by\u0142 realizowany przy wsp\u00f3\u0142pracy z Powiatow\u0105 Stacj\u0105&nbsp; Sanitarno-Epidemiologiczn\u0105 w Hrubieszowie. G\u0142\u00f3wnym celem programu jest ochrona dzieci przed szkodliwym wp\u0142ywem biernego palenia, zwi\u0119kszenie wra\u017cliwo\u015bci dzieci na szkodliwo\u015b\u0107 dymu papierosowego i wykszta\u0142cenie \u015bwiadomej umiej\u0119tno\u015bci radzenia sobie w sytuacjach, w kt\u00f3rych inne [&hellip;]<\/p>\n","protected":false},"author":2,"featured_media":0,"parent":5983,"menu_order":0,"comment_status":"closed","ping_status":"closed","template":"","meta":{"ngg_post_thumbnail":0,"footnotes":""},"class_list":["post-7633","page","type-page","status-publish","hentry"],"_links":{"self":[{"href":"https:\/\/sp1hrubieszow.pl\/index.php\/wp-json\/wp\/v2\/pages\/7633","targetHints":{"allow":["GET"]}}],"collection":[{"href":"https:\/\/sp1hrubieszow.pl\/index.php\/wp-json\/wp\/v2\/pages"}],"about":[{"href":"https:\/\/sp1hrubieszow.pl\/index.php\/wp-json\/wp\/v2\/types\/page"}],"author":[{"embeddable":true,"href":"https:\/\/sp1hrubieszow.pl\/index.php\/wp-json\/wp\/v2\/users\/2"}],"replies":[{"embeddable":true,"href":"https:\/\/sp1hrubieszow.pl\/index.php\/wp-json\/wp\/v2\/comments?post=7633"}],"version-history":[{"count":1,"href":"https:\/\/sp1hrubieszow.pl\/index.php\/wp-json\/wp\/v2\/pages\/7633\/revisions"}],"predecessor-version":[{"id":7634,"href":"https:\/\/sp1hrubieszow.pl\/index.php\/wp-json\/wp\/v2\/pages\/7633\/revisions\/7634"}],"up":[{"embeddable":true,"href":"https:\/\/sp1hrubieszow.pl\/index.php\/wp-json\/wp\/v2\/pages\/5983"}],"wp:attachment":[{"href":"https:\/\/sp1hrubieszow.pl\/index.php\/wp-json\/wp\/v2\/media?parent=7633"}],"curies":[{"name":"wp","href":"https:\/\/api.w.org\/{rel}","templated":true}]}}