{"id":7615,"date":"2020-12-14T20:30:30","date_gmt":"2020-12-14T19:30:30","guid":{"rendered":"http:\/\/sp1.hrubieszow.info\/?page_id=7615"},"modified":"2020-12-14T20:30:51","modified_gmt":"2020-12-14T19:30:51","slug":"konkurs-plastyczny-moja-unia-europejska","status":"publish","type":"page","link":"https:\/\/sp1hrubieszow.pl\/index.php\/kronika-2020-2021\/konkurs-plastyczny-moja-unia-europejska\/","title":{"rendered":"Konkurs plastyczny &#8222;Moja Unia Europejska&#8221;"},"content":{"rendered":"\n<p><span style=\"color: #000080;\">W imieniu Punktu Informacji Europejskiej Europe Direct &#8211; Lublin, serdecznie zapraszamy do udzia\u0142u w konkursie plastycznym pt. &#8222;Moja Unia Europejska&#8221;. <\/span><\/p>\n<p><span style=\"color: #000080;\">Konkurs jest skierowany do uczni\u00f3w klas IV-VIII szk\u00f3\u0142 podstawowych z woj. lubelskiego. Szczeg\u00f3\u0142y poni\u017cej:<\/span><\/p>\n<p><img loading=\"lazy\" decoding=\"async\" class=\"alignnone size-medium wp-image-7614\" src=\"http:\/\/sp1.hrubieszow.info\/wp-content\/uploads\/2020\/12\/konkursUE-212x300.jpg\" alt=\"\" width=\"212\" height=\"300\" srcset=\"https:\/\/sp1hrubieszow.pl\/wp-content\/uploads\/2020\/12\/konkursUE-212x300.jpg 212w, https:\/\/sp1hrubieszow.pl\/wp-content\/uploads\/2020\/12\/konkursUE-768x1087.jpg 768w, https:\/\/sp1hrubieszow.pl\/wp-content\/uploads\/2020\/12\/konkursUE-724x1024.jpg 724w, https:\/\/sp1hrubieszow.pl\/wp-content\/uploads\/2020\/12\/konkursUE-624x883.jpg 624w, https:\/\/sp1hrubieszow.pl\/wp-content\/uploads\/2020\/12\/konkursUE.jpg 1447w\" sizes=\"auto, (max-width: 212px) 100vw, 212px\" \/><\/p>\n","protected":false},"excerpt":{"rendered":"<p>W imieniu Punktu Informacji Europejskiej Europe Direct &#8211; Lublin, serdecznie zapraszamy do udzia\u0142u w konkursie plastycznym pt. &#8222;Moja Unia Europejska&#8221;. Konkurs jest skierowany do uczni\u00f3w klas IV-VIII szk\u00f3\u0142 podstawowych z woj. lubelskiego. Szczeg\u00f3\u0142y poni\u017cej:<\/p>\n","protected":false},"author":2,"featured_media":0,"parent":5983,"menu_order":0,"comment_status":"closed","ping_status":"closed","template":"","meta":{"ngg_post_thumbnail":0,"footnotes":""},"class_list":["post-7615","page","type-page","status-publish","hentry"],"_links":{"self":[{"href":"https:\/\/sp1hrubieszow.pl\/index.php\/wp-json\/wp\/v2\/pages\/7615","targetHints":{"allow":["GET"]}}],"collection":[{"href":"https:\/\/sp1hrubieszow.pl\/index.php\/wp-json\/wp\/v2\/pages"}],"about":[{"href":"https:\/\/sp1hrubieszow.pl\/index.php\/wp-json\/wp\/v2\/types\/page"}],"author":[{"embeddable":true,"href":"https:\/\/sp1hrubieszow.pl\/index.php\/wp-json\/wp\/v2\/users\/2"}],"replies":[{"embeddable":true,"href":"https:\/\/sp1hrubieszow.pl\/index.php\/wp-json\/wp\/v2\/comments?post=7615"}],"version-history":[{"count":1,"href":"https:\/\/sp1hrubieszow.pl\/index.php\/wp-json\/wp\/v2\/pages\/7615\/revisions"}],"predecessor-version":[{"id":7616,"href":"https:\/\/sp1hrubieszow.pl\/index.php\/wp-json\/wp\/v2\/pages\/7615\/revisions\/7616"}],"up":[{"embeddable":true,"href":"https:\/\/sp1hrubieszow.pl\/index.php\/wp-json\/wp\/v2\/pages\/5983"}],"wp:attachment":[{"href":"https:\/\/sp1hrubieszow.pl\/index.php\/wp-json\/wp\/v2\/media?parent=7615"}],"curies":[{"name":"wp","href":"https:\/\/api.w.org\/{rel}","templated":true}]}}