{"id":7606,"date":"2020-12-14T12:18:58","date_gmt":"2020-12-14T11:18:58","guid":{"rendered":"http:\/\/sp1.hrubieszow.info\/?page_id=7606"},"modified":"2020-12-14T12:25:01","modified_gmt":"2020-12-14T11:25:01","slug":"zagrozenia-w-sieci-cyberprzemoc","status":"publish","type":"page","link":"https:\/\/sp1hrubieszow.pl\/index.php\/kronika-2020-2021\/zagrozenia-w-sieci-cyberprzemoc\/","title":{"rendered":"Zagro\u017cenia w sieci-cyberprzemoc"},"content":{"rendered":"\n<p>&nbsp;<\/p>\n<p>Od 26 listopada w szkole odbywa\u0142y si\u0119 zaj\u0119cia profilaktyczne online, kt\u00f3re prowadzi\u0142 aspirant sztabowy Jaros\u0142aw Karkuszewski z Zespo\u0142u do spraw Profilaktyki Spo\u0142ecznej. W spotkaniach brali udzia\u0142 uczniowie klas 4a, 6b, 6d, 7c oraz nauczyciele.<\/p>\n<p>Policjant przypomnia\u0142 podstawowe zasady bezpiecznego korzystania z Internetu. M\u00f3wi\u0142 o odpowiedzialno\u015bci prawnej nieletnich za pope\u0142niane czyny karalne i przejawy demoralizacji. Poruszy\u0142 tak\u017ce problematyk\u0119 zagro\u017ce\u0144 czyhaj\u0105cych na m\u0142odego cz\u0142owieka w sieci oraz niew\u0142a\u015bciwych zachowa\u0144 i zjawiska cyberprzemocy.<\/p>\n<p>Radzi\u0142 co zrobi\u0107, kiedy si\u0119 jest \u015bwiadkiem takiej przemocy oraz gdzie szuka\u0107 pomocy, gdy staniemy si\u0119 ofiar\u0105 agresji w wirtualnym \u015bwiecie.<\/p>\n<p>Funkcjonariusz ostrzeg\u0142 r\u00f3wnie\u017c o tym, jakie skutki finansowe i prawne mog\u0105 wynika\u0107 z niew\u0142a\u015bciwego korzystania z Internetu.<\/p>\nngg_shortcode_0_placeholder\n","protected":false},"excerpt":{"rendered":"<p>&nbsp; Od 26 listopada w szkole odbywa\u0142y si\u0119 zaj\u0119cia profilaktyczne online, kt\u00f3re prowadzi\u0142 aspirant sztabowy Jaros\u0142aw Karkuszewski z Zespo\u0142u do spraw Profilaktyki Spo\u0142ecznej. W spotkaniach brali udzia\u0142 uczniowie klas 4a, 6b, 6d, 7c oraz nauczyciele. Policjant przypomnia\u0142 podstawowe zasady bezpiecznego korzystania z Internetu. M\u00f3wi\u0142 o odpowiedzialno\u015bci prawnej nieletnich za pope\u0142niane czyny karalne i przejawy demoralizacji. [&hellip;]<\/p>\n","protected":false},"author":1,"featured_media":0,"parent":5983,"menu_order":0,"comment_status":"closed","ping_status":"closed","template":"","meta":{"ngg_post_thumbnail":0,"footnotes":""},"class_list":["post-7606","page","type-page","status-publish","hentry"],"_links":{"self":[{"href":"https:\/\/sp1hrubieszow.pl\/index.php\/wp-json\/wp\/v2\/pages\/7606","targetHints":{"allow":["GET"]}}],"collection":[{"href":"https:\/\/sp1hrubieszow.pl\/index.php\/wp-json\/wp\/v2\/pages"}],"about":[{"href":"https:\/\/sp1hrubieszow.pl\/index.php\/wp-json\/wp\/v2\/types\/page"}],"author":[{"embeddable":true,"href":"https:\/\/sp1hrubieszow.pl\/index.php\/wp-json\/wp\/v2\/users\/1"}],"replies":[{"embeddable":true,"href":"https:\/\/sp1hrubieszow.pl\/index.php\/wp-json\/wp\/v2\/comments?post=7606"}],"version-history":[{"count":2,"href":"https:\/\/sp1hrubieszow.pl\/index.php\/wp-json\/wp\/v2\/pages\/7606\/revisions"}],"predecessor-version":[{"id":7611,"href":"https:\/\/sp1hrubieszow.pl\/index.php\/wp-json\/wp\/v2\/pages\/7606\/revisions\/7611"}],"up":[{"embeddable":true,"href":"https:\/\/sp1hrubieszow.pl\/index.php\/wp-json\/wp\/v2\/pages\/5983"}],"wp:attachment":[{"href":"https:\/\/sp1hrubieszow.pl\/index.php\/wp-json\/wp\/v2\/media?parent=7606"}],"curies":[{"name":"wp","href":"https:\/\/api.w.org\/{rel}","templated":true}]}}