{"id":7601,"date":"2020-12-13T20:48:16","date_gmt":"2020-12-13T19:48:16","guid":{"rendered":"http:\/\/sp1.hrubieszow.info\/?page_id=7601"},"modified":"2020-12-13T20:50:09","modified_gmt":"2020-12-13T19:50:09","slug":"szkolny-tydzien-profilaktyki2020-rozstrzygniecie-szkolnego-konkursu-profilaktycznego","status":"publish","type":"page","link":"https:\/\/sp1hrubieszow.pl\/index.php\/kronika-2020-2021\/szkolny-tydzien-profilaktyki2020-rozstrzygniecie-szkolnego-konkursu-profilaktycznego\/","title":{"rendered":"Szkolny Tydzie\u0144 Profilaktyki&#8217;2020 Rozstrzygni\u0119cie Szkolnego Konkursu Profilaktycznego"},"content":{"rendered":"\n<div class=\"kvgmc6g5 cxmmr5t8 oygrvhab hcukyx3x c1et5uql ii04i59q\">\n<div dir=\"auto\"><span style=\"color: #000080;\">Rozstrzygni\u0119cie Szkolnego Konkursu Profilaktycznego<\/span><\/div>\n<div dir=\"auto\"><span style=\"color: #000080;\">\u201eWybieramy bezpieczny tryb \u017cycia\u201d kl. I,<\/span><\/div>\n<div dir=\"auto\"><span style=\"color: #000080;\">\u201eWybieramy zdrowy tryb \u017cycia\u201d kl. II-VIII<\/span><\/div>\n<\/div>\n<div class=\"o9v6fnle cxmmr5t8 oygrvhab hcukyx3x c1et5uql ii04i59q\">\n<div dir=\"auto\"><span style=\"color: #000080;\">Szkolny konkurs profilaktyczny mia\u0142 form\u0119 plastyczn\u0105 i by\u0142 skierowany dla uczni\u00f3w klas I-VIII szko\u0142y podstawowej. Zorganizowany zosta\u0142 w ramach realizacji programu profilaktycznego \u201eWybieramy zdrowe \u017cycie\u201d, przebiegaj\u0105cego pod patronatem Gminy Miejskiej Hrubiesz\u00f3w.<\/span><\/div>\n<div dir=\"auto\"><span style=\"color: #000080;\">Cele konkursu:<\/span><\/div>\n<div dir=\"auto\"><span style=\"color: #000080;\">1. Promowanie zdrowego stylu \u017cycia i bezpiecznego zachowania na co dzie\u0144.<\/span><\/div>\n<div dir=\"auto\"><span style=\"color: #000080;\">2. Rozwijanie zainteresowa\u0144 oraz promowanie tw\u00f3rczo\u015bci dzieci<\/span><\/div>\n<div dir=\"auto\"><span style=\"color: #000080;\">i m\u0142odzie\u017cy.<\/span><\/div>\n<div dir=\"auto\"><span style=\"color: #000080;\">Komisja konkursowa: Dorota Or\u0142owska, Sylwia Wojak, Ewa Filipowicz-Sidorczuk<\/span><\/div>\n<div dir=\"auto\"><span style=\"color: #000080;\">Laureaci konkursu w poszczeg\u00f3lnych kategoriach wiekowych<\/span><\/div>\n<div dir=\"auto\"><span style=\"color: #000080;\">\u201eWybieramy bezpieczny tryb \u017cycia\u201d-klasy I<\/span><\/div>\n<div dir=\"auto\"><span style=\"color: #000080;\">I miejsce: Kowalczuk Adriana , kl. Ia<\/span><\/div>\n<div dir=\"auto\"><span style=\"color: #000080;\">II miejsce: Iga Rutkowska, kl. Ia<\/span><\/div>\n<div dir=\"auto\"><span style=\"color: #000080;\">III miejsca: Maja Szostak, kl. Ib, Micha\u0142 Nowacki, kl. Ia<\/span><\/div>\n<div dir=\"auto\"><span style=\"color: #000080;\">Wyr\u00f3\u017cnienia:<\/span><\/div>\n<div dir=\"auto\"><span style=\"color: #000080;\">1. Alicja Rudek, kl. Ia<\/span><\/div>\n<div dir=\"auto\"><span style=\"color: #000080;\">2. Jagoda Szczepanik, kl. Ia<\/span><\/div>\n<div dir=\"auto\"><span style=\"color: #000080;\">3. Hanna Grabo\u015b, kl. Ib<\/span><\/div>\n<div dir=\"auto\"><span style=\"color: #000080;\">4. Bartosz D\u0105browski, kl. Ib<\/span><\/div>\n<div dir=\"auto\"><span style=\"color: #000080;\">\u201eWybieramy zdrowy tryb \u017cycia\u201d-klasy II-III<\/span><\/div>\n<div dir=\"auto\"><span style=\"color: #000080;\">I miejsce: Karolina Grzegorczyk, kl. IIIa<\/span><\/div>\n<div dir=\"auto\"><span style=\"color: #000080;\">II miejsce: Hanna Sidorczuk, kl. IIa<\/span><\/div>\n<div dir=\"auto\"><span style=\"color: #000080;\">III miejsce: Iga Nowosad, kl. IIIa<\/span><\/div>\n<div dir=\"auto\"><span style=\"color: #000080;\">Wyr\u00f3\u017cnienia:<\/span><\/div>\n<div dir=\"auto\"><span style=\"color: #000080;\">1. Paulina Karcz, kl. IIa<\/span><\/div>\n<div dir=\"auto\"><span style=\"color: #000080;\">2. Lena Ni\u017anikowska, kl. IIc<\/span><\/div>\n<div dir=\"auto\"><span style=\"color: #000080;\">3. Miko\u0142aj Karpiuk, kl. IIIb<\/span><\/div>\n<div dir=\"auto\"><span style=\"color: #000080;\">4. Jessika Klimek, kl. IIIc<\/span><\/div>\n<div dir=\"auto\"><span style=\"color: #000080;\">\u201eWybieramy zdrowy tryb \u017cycia\u201d-klasy IV-VIII<\/span><\/div>\n<div dir=\"auto\"><span style=\"color: #000080;\">I miejsce: Nikola Nowak, kl. IVa<\/span><\/div>\n<div dir=\"auto\"><span style=\"color: #000080;\">II miejsce: Olaf Lewandowski, kl. VIa<\/span><\/div>\n<div dir=\"auto\"><span style=\"color: #000080;\">III miejsce: Marceli Wiatrowski, kl. VIId<\/span><\/div>\n<div dir=\"auto\"><span style=\"color: #000080;\">Wyr\u00f3\u017cnienia:<\/span><\/div>\n<div dir=\"auto\"><span style=\"color: #000080;\">1. \u0141ukasz D\u0105browski, kl. IVb<\/span><\/div>\n<div dir=\"auto\"><span style=\"color: #000080;\">2. Kamila Chwedczuk, kl. VIa<\/span><\/div>\n<div dir=\"auto\"><span style=\"color: #000080;\">3. Kornelia Kruk, kl. VIIIc<\/span><\/div>\n<div dir=\"auto\"><span style=\"color: #000080;\">Nagrody i dyplomy zakupione zosta\u0142y z funduszy Gminy Miejskiej Hrubiesz\u00f3w. Nagrodzeni uczniowie otrzymaj\u0105 je w najbli\u017cszym mo\u017cliwym czasie. Z prac, kt\u00f3re wp\u0142yn\u0119\u0142y na konkurs, wykonano wystaw\u0119. Dzi\u0119kujemy wszystkim uczniom, kt\u00f3rzy pomimo utrudnionych warunk\u00f3w wykonali prace i dostarczyli je do szko\u0142y. Gratulujemy \u015bwietnych pomys\u0142\u00f3w oraz zdolno\u015bci plastycznych.<\/span><\/div>\n<div dir=\"auto\"><span style=\"color: #000080;\">Organizator- Marta Kuczy\u0144ska-pedagog szkolny<\/span><\/div>\n<div dir=\"auto\">\nngg_shortcode_0_placeholder\n<\/div>\n<\/div>\n","protected":false},"excerpt":{"rendered":"<p>Rozstrzygni\u0119cie Szkolnego Konkursu Profilaktycznego \u201eWybieramy bezpieczny tryb \u017cycia\u201d kl. I, \u201eWybieramy zdrowy tryb \u017cycia\u201d kl. II-VIII Szkolny konkurs profilaktyczny mia\u0142 form\u0119 plastyczn\u0105 i by\u0142 skierowany dla uczni\u00f3w klas I-VIII szko\u0142y podstawowej. Zorganizowany zosta\u0142 w ramach realizacji programu profilaktycznego \u201eWybieramy zdrowe \u017cycie\u201d, przebiegaj\u0105cego pod patronatem Gminy Miejskiej Hrubiesz\u00f3w. Cele konkursu: 1. Promowanie zdrowego stylu \u017cycia i [&hellip;]<\/p>\n","protected":false},"author":2,"featured_media":0,"parent":5983,"menu_order":0,"comment_status":"closed","ping_status":"closed","template":"","meta":{"ngg_post_thumbnail":0,"footnotes":""},"class_list":["post-7601","page","type-page","status-publish","hentry"],"_links":{"self":[{"href":"https:\/\/sp1hrubieszow.pl\/index.php\/wp-json\/wp\/v2\/pages\/7601","targetHints":{"allow":["GET"]}}],"collection":[{"href":"https:\/\/sp1hrubieszow.pl\/index.php\/wp-json\/wp\/v2\/pages"}],"about":[{"href":"https:\/\/sp1hrubieszow.pl\/index.php\/wp-json\/wp\/v2\/types\/page"}],"author":[{"embeddable":true,"href":"https:\/\/sp1hrubieszow.pl\/index.php\/wp-json\/wp\/v2\/users\/2"}],"replies":[{"embeddable":true,"href":"https:\/\/sp1hrubieszow.pl\/index.php\/wp-json\/wp\/v2\/comments?post=7601"}],"version-history":[{"count":1,"href":"https:\/\/sp1hrubieszow.pl\/index.php\/wp-json\/wp\/v2\/pages\/7601\/revisions"}],"predecessor-version":[{"id":7602,"href":"https:\/\/sp1hrubieszow.pl\/index.php\/wp-json\/wp\/v2\/pages\/7601\/revisions\/7602"}],"up":[{"embeddable":true,"href":"https:\/\/sp1hrubieszow.pl\/index.php\/wp-json\/wp\/v2\/pages\/5983"}],"wp:attachment":[{"href":"https:\/\/sp1hrubieszow.pl\/index.php\/wp-json\/wp\/v2\/media?parent=7601"}],"curies":[{"name":"wp","href":"https:\/\/api.w.org\/{rel}","templated":true}]}}