{"id":7582,"date":"2020-12-09T18:09:58","date_gmt":"2020-12-09T17:09:58","guid":{"rendered":"http:\/\/sp1.hrubieszow.info\/?page_id=7582"},"modified":"2020-12-09T18:10:40","modified_gmt":"2020-12-09T17:10:40","slug":"calodobowy-dzieciecy-telefon-zaufania-i-dedykowany-mlodym-ludziom-czat-internetowy","status":"publish","type":"page","link":"https:\/\/sp1hrubieszow.pl\/index.php\/kronika-2020-2021\/calodobowy-dzieciecy-telefon-zaufania-i-dedykowany-mlodym-ludziom-czat-internetowy\/","title":{"rendered":"Ca\u0142odobowy Dzieci\u0119cy Telefon Zaufania i dedykowany m\u0142odym ludziom czat internetowy"},"content":{"rendered":"\n<p><span style=\"color: #000080;\">Szanowni Pa\u0144stwo<\/span><\/p>\n<p><span style=\"color: #000080;\">Zwa\u017cywszy na sytuacj\u0119 zwi\u0105zan\u0105 z panuj\u0105c\u0105 pandemi\u0105 koronawirusa oraz wi\u0105\u017c\u0105cymi si\u0119 z ni\u0105 przymusem izolacji, ograniczenia kontakt\u00f3w, w tym te\u017c utrudnionej mo\u017cliwo\u015bci uzyskania pomocy psychologicznej, Rzecznik Praw Dziecka zainicjowa\u0142 przedsi\u0119wzi\u0119cie stanowi\u0105ce jedn\u0105 z mo\u017cliwo\u015bci odpowiedzi na potrzeby dzieci i m\u0142odzie\u017cy zmagaj\u0105cych si\u0119 z kryzysem psychiczny:<\/span><br><span style=\"color: #000080;\">\u00b7<strong> ca\u0142odobowy Dzieci\u0119cy Telefon Zaufania \u2013 800 12 12 12,<\/strong><\/span><br><span style=\"color: #000080;\">\u00b7 dedykowany m\u0142odym ludziom czat internetowy prowadzony przez profesjonalnych psycholog\u00f3w.<\/span><br><span style=\"color: #000080;\">Podejmuj\u0105c kontakt za po\u015brednictwem tych dw\u00f3ch kana\u0142\u00f3w komunikacji dziecko uzyska\u0107 mo\u017ce natychmiastowe wsparcie, podzieli\u0107 si\u0119 swoimi prze\u017cyciami i wsp\u00f3lnie ze wspieraj\u0105c\u0105 osob\u0105 doros\u0142\u0105 zastanowi\u0107 si\u0119 nad rozwi\u0105zaniem swoich problem\u00f3w.<\/span><\/p>\n","protected":false},"excerpt":{"rendered":"<p>Szanowni Pa\u0144stwo Zwa\u017cywszy na sytuacj\u0119 zwi\u0105zan\u0105 z panuj\u0105c\u0105 pandemi\u0105 koronawirusa oraz wi\u0105\u017c\u0105cymi si\u0119 z ni\u0105 przymusem izolacji, ograniczenia kontakt\u00f3w, w tym te\u017c utrudnionej mo\u017cliwo\u015bci uzyskania pomocy psychologicznej, Rzecznik Praw Dziecka zainicjowa\u0142 przedsi\u0119wzi\u0119cie stanowi\u0105ce jedn\u0105 z mo\u017cliwo\u015bci odpowiedzi na potrzeby dzieci i m\u0142odzie\u017cy zmagaj\u0105cych si\u0119 z kryzysem psychiczny:\u00b7 ca\u0142odobowy Dzieci\u0119cy Telefon Zaufania \u2013 800 12 12 [&hellip;]<\/p>\n","protected":false},"author":2,"featured_media":0,"parent":5983,"menu_order":0,"comment_status":"closed","ping_status":"closed","template":"","meta":{"ngg_post_thumbnail":0,"footnotes":""},"class_list":["post-7582","page","type-page","status-publish","hentry"],"_links":{"self":[{"href":"https:\/\/sp1hrubieszow.pl\/index.php\/wp-json\/wp\/v2\/pages\/7582","targetHints":{"allow":["GET"]}}],"collection":[{"href":"https:\/\/sp1hrubieszow.pl\/index.php\/wp-json\/wp\/v2\/pages"}],"about":[{"href":"https:\/\/sp1hrubieszow.pl\/index.php\/wp-json\/wp\/v2\/types\/page"}],"author":[{"embeddable":true,"href":"https:\/\/sp1hrubieszow.pl\/index.php\/wp-json\/wp\/v2\/users\/2"}],"replies":[{"embeddable":true,"href":"https:\/\/sp1hrubieszow.pl\/index.php\/wp-json\/wp\/v2\/comments?post=7582"}],"version-history":[{"count":1,"href":"https:\/\/sp1hrubieszow.pl\/index.php\/wp-json\/wp\/v2\/pages\/7582\/revisions"}],"predecessor-version":[{"id":7583,"href":"https:\/\/sp1hrubieszow.pl\/index.php\/wp-json\/wp\/v2\/pages\/7582\/revisions\/7583"}],"up":[{"embeddable":true,"href":"https:\/\/sp1hrubieszow.pl\/index.php\/wp-json\/wp\/v2\/pages\/5983"}],"wp:attachment":[{"href":"https:\/\/sp1hrubieszow.pl\/index.php\/wp-json\/wp\/v2\/media?parent=7582"}],"curies":[{"name":"wp","href":"https:\/\/api.w.org\/{rel}","templated":true}]}}