{"id":7578,"date":"2020-12-08T19:39:58","date_gmt":"2020-12-08T18:39:58","guid":{"rendered":"http:\/\/sp1.hrubieszow.info\/?page_id=7578"},"modified":"2020-12-08T19:40:37","modified_gmt":"2020-12-08T18:40:37","slug":"mikolajki","status":"publish","type":"page","link":"https:\/\/sp1hrubieszow.pl\/index.php\/kronika-2020-2021\/mikolajki\/","title":{"rendered":"Miko\u0142ajki"},"content":{"rendered":"\n<p><span style=\"color: #000080;\"><em>6 grudnia \u2013 jak dobrze wiecie<\/em><\/span><br><span style=\"color: #000080;\"><em>\u015awi\u0119ty Miko\u0142aj chodzi po \u015bwiecie.<\/em><\/span><br><span style=\"color: #000080;\"><em>D\u017awiga sw\u00f3j worek niezmordowanie<\/em><\/span><br><span style=\"color: #000080;\"><em>I ka\u017cde dziecko prezent dostanie !<\/em><\/span><\/p>\n<p><br><span style=\"color: #000080;\">Miko\u0142ajki to \u015bwi\u0119to obchodzone 6 grudnia na cze\u015b\u0107 \u015bw. Miko\u0142aja biskupa Miry. Wed\u0142ug tradycji tego dnia Miko\u0142aj obdarowuje dzieci prezentami. Niestety w zwi\u0105zku z pandemi\u0105 w tym roku Miko\u0142aj nie m\u00f3g\u0142 odwiedzi\u0107 nas osobi\u015bcie, ale nie zapomnia\u0142 o naszych przedszkolakach i zostawi\u0142 dla nich list oraz prezenty pe\u0142ne s\u0142odko\u015bci i niespodzianek. <\/span><\/p>\n<p style=\"text-align: center;\"><br><span style=\"color: #000080;\">Dzi\u0119kujemy Ci Miko\u0142aju!!!<\/span><\/p>\nngg_shortcode_0_placeholder\n","protected":false},"excerpt":{"rendered":"<p>6 grudnia \u2013 jak dobrze wiecie\u015awi\u0119ty Miko\u0142aj chodzi po \u015bwiecie.D\u017awiga sw\u00f3j worek niezmordowanieI ka\u017cde dziecko prezent dostanie ! Miko\u0142ajki to \u015bwi\u0119to obchodzone 6 grudnia na cze\u015b\u0107 \u015bw. Miko\u0142aja biskupa Miry. Wed\u0142ug tradycji tego dnia Miko\u0142aj obdarowuje dzieci prezentami. Niestety w zwi\u0105zku z pandemi\u0105 w tym roku Miko\u0142aj nie m\u00f3g\u0142 odwiedzi\u0107 nas osobi\u015bcie, ale nie zapomnia\u0142 [&hellip;]<\/p>\n","protected":false},"author":2,"featured_media":0,"parent":5983,"menu_order":0,"comment_status":"closed","ping_status":"closed","template":"","meta":{"ngg_post_thumbnail":0,"footnotes":""},"class_list":["post-7578","page","type-page","status-publish","hentry"],"_links":{"self":[{"href":"https:\/\/sp1hrubieszow.pl\/index.php\/wp-json\/wp\/v2\/pages\/7578","targetHints":{"allow":["GET"]}}],"collection":[{"href":"https:\/\/sp1hrubieszow.pl\/index.php\/wp-json\/wp\/v2\/pages"}],"about":[{"href":"https:\/\/sp1hrubieszow.pl\/index.php\/wp-json\/wp\/v2\/types\/page"}],"author":[{"embeddable":true,"href":"https:\/\/sp1hrubieszow.pl\/index.php\/wp-json\/wp\/v2\/users\/2"}],"replies":[{"embeddable":true,"href":"https:\/\/sp1hrubieszow.pl\/index.php\/wp-json\/wp\/v2\/comments?post=7578"}],"version-history":[{"count":1,"href":"https:\/\/sp1hrubieszow.pl\/index.php\/wp-json\/wp\/v2\/pages\/7578\/revisions"}],"predecessor-version":[{"id":7579,"href":"https:\/\/sp1hrubieszow.pl\/index.php\/wp-json\/wp\/v2\/pages\/7578\/revisions\/7579"}],"up":[{"embeddable":true,"href":"https:\/\/sp1hrubieszow.pl\/index.php\/wp-json\/wp\/v2\/pages\/5983"}],"wp:attachment":[{"href":"https:\/\/sp1hrubieszow.pl\/index.php\/wp-json\/wp\/v2\/media?parent=7578"}],"curies":[{"name":"wp","href":"https:\/\/api.w.org\/{rel}","templated":true}]}}