{"id":7534,"date":"2020-12-05T22:58:41","date_gmt":"2020-12-05T21:58:41","guid":{"rendered":"http:\/\/sp1.hrubieszow.info\/?page_id=7534"},"modified":"2020-12-05T22:59:18","modified_gmt":"2020-12-05T21:59:18","slug":"lektura-w-pudelku-prace-klasy-8b-i-8c","status":"publish","type":"page","link":"https:\/\/sp1hrubieszow.pl\/index.php\/kronika-2020-2021\/lektura-w-pudelku-prace-klasy-8b-i-8c\/","title":{"rendered":"Lektura w pude\u0142ku &#8211; prace klasy 8b i 8c"},"content":{"rendered":"\n<p><span style=\"color: #000080;\">Klasy \u00f3sme omawia\u0142y ostatnio lektur\u0119 &#8222;Ma\u0142y Ksi\u0105\u017c\u0119&#8221;. W ramach pracy z lektur\u0105 uczniowie przygotowali lekturowe pude\u0142ka, kt\u00f3re zawiera\u0142y elementy zwi\u0105zane z tre\u015bci\u0105 ksi\u0105\u017cki. Wszystko, co wymy\u015blili, by\u0142o odzwierciedleniem ich wyobra\u017ce\u0144 o lekturowym \u015bwiecie. Wykonuj\u0105c zadanie nale\u017ca\u0142o wykaza\u0107 si\u0119 znajomo\u015bci\u0105 dzie\u0142a i kreatywno\u015bci\u0105. Prace s\u0105 pomys\u0142owe, ciekawe i zosta\u0142y nagrodzone wysokimi ocenami. Wcze\u015bniej takie pude\u0142ka wykonywali uczniowie klasy 8a i relacj\u0119 z tego zadania tak\u017ce publikowali\u015bmy na naszej stronie.&nbsp;<\/span><\/p>\nngg_shortcode_0_placeholder\n","protected":false},"excerpt":{"rendered":"<p>Klasy \u00f3sme omawia\u0142y ostatnio lektur\u0119 &#8222;Ma\u0142y Ksi\u0105\u017c\u0119&#8221;. W ramach pracy z lektur\u0105 uczniowie przygotowali lekturowe pude\u0142ka, kt\u00f3re zawiera\u0142y elementy zwi\u0105zane z tre\u015bci\u0105 ksi\u0105\u017cki. Wszystko, co wymy\u015blili, by\u0142o odzwierciedleniem ich wyobra\u017ce\u0144 o lekturowym \u015bwiecie. Wykonuj\u0105c zadanie nale\u017ca\u0142o wykaza\u0107 si\u0119 znajomo\u015bci\u0105 dzie\u0142a i kreatywno\u015bci\u0105. Prace s\u0105 pomys\u0142owe, ciekawe i zosta\u0142y nagrodzone wysokimi ocenami. Wcze\u015bniej takie pude\u0142ka wykonywali [&hellip;]<\/p>\n","protected":false},"author":2,"featured_media":0,"parent":5983,"menu_order":0,"comment_status":"closed","ping_status":"closed","template":"","meta":{"ngg_post_thumbnail":0,"footnotes":""},"class_list":["post-7534","page","type-page","status-publish","hentry"],"_links":{"self":[{"href":"https:\/\/sp1hrubieszow.pl\/index.php\/wp-json\/wp\/v2\/pages\/7534","targetHints":{"allow":["GET"]}}],"collection":[{"href":"https:\/\/sp1hrubieszow.pl\/index.php\/wp-json\/wp\/v2\/pages"}],"about":[{"href":"https:\/\/sp1hrubieszow.pl\/index.php\/wp-json\/wp\/v2\/types\/page"}],"author":[{"embeddable":true,"href":"https:\/\/sp1hrubieszow.pl\/index.php\/wp-json\/wp\/v2\/users\/2"}],"replies":[{"embeddable":true,"href":"https:\/\/sp1hrubieszow.pl\/index.php\/wp-json\/wp\/v2\/comments?post=7534"}],"version-history":[{"count":1,"href":"https:\/\/sp1hrubieszow.pl\/index.php\/wp-json\/wp\/v2\/pages\/7534\/revisions"}],"predecessor-version":[{"id":7535,"href":"https:\/\/sp1hrubieszow.pl\/index.php\/wp-json\/wp\/v2\/pages\/7534\/revisions\/7535"}],"up":[{"embeddable":true,"href":"https:\/\/sp1hrubieszow.pl\/index.php\/wp-json\/wp\/v2\/pages\/5983"}],"wp:attachment":[{"href":"https:\/\/sp1hrubieszow.pl\/index.php\/wp-json\/wp\/v2\/media?parent=7534"}],"curies":[{"name":"wp","href":"https:\/\/api.w.org\/{rel}","templated":true}]}}