{"id":7434,"date":"2020-12-04T08:28:14","date_gmt":"2020-12-04T07:28:14","guid":{"rendered":"http:\/\/sp1.hrubieszow.info\/?page_id=7434"},"modified":"2020-12-07T11:48:15","modified_gmt":"2020-12-07T10:48:15","slug":"podziekowania-dla-wolontariuszy","status":"publish","type":"page","link":"https:\/\/sp1hrubieszow.pl\/index.php\/kronika-2020-2021\/podziekowania-dla-wolontariuszy\/","title":{"rendered":"PODZI\u0118KOWANIA DLA WOLONTARIUSZY"},"content":{"rendered":"\n<p>Co roku 5 grudnia obchodzimy Mi\u0119dzynarodowy Dzie\u0144 Wolontariusza. Jest to \u015bwi\u0119to wszystkich ludzi dobrej woli, kt\u00f3rzy bardzo ch\u0119tnie po\u015bwi\u0119caj\u0105 sw\u00f3j czas na prace spo\u0142eczne oraz dla os\u00f3b potrzebuj\u0105cych. Ustanowienie tego \u015bwi\u0119ta w 1986 roku przez ONZ by\u0142o wyrazem oficjalnego docenienia pracy wolontariackiej.<\/p>\n<p>Ciesz\u0119 si\u0119, \u017ce w\u015br\u00f3d nas jest tak wielu uczni\u00f3w, kt\u00f3rzy chc\u0105 nie\u015b\u0107 pomoc innym. Wasza praca i zaanga\u017cowanie jest przejawem szlachetnej warto\u015bci, empatii i troski o dobro innych.<\/p>\n<p>Z okazji Waszego \u015bwi\u0119ta serdecznie dzi\u0119kuj\u0119 za Wasz\u0105 bezinteresown\u0105 dzia\u0142alno\u015b\u0107 oraz \u017cycz\u0119 du\u017co zdrowia, szcz\u0119\u015bcia i rado\u015bci w \u017cyciu. Niech wolontariat b\u0119dzie \u017ar\u00f3d\u0142em waszej wewn\u0119trznej satysfakcji, a wdzi\u0119czno\u015b\u0107 i u\u015bmiech potrzebuj\u0105cych, niech motywuje Was do dalszego dzia\u0142ania na polu wolontarystycznym \u2013 Opiekun Szkolnego Ko\u0142a Wolontariatu.<\/p>\n<p><strong><em>&nbsp;<\/em><\/strong><strong>ZAPRASZAM DO OBEJRZENIA PREZENTACJI <br>Z DZIALALNO\u015aCI SKW<\/strong><\/p>\n<p><a href=\"http:\/\/sp1.hrubieszow.info\/wp-content\/uploads\/2020\/12\/SZKOLNE-KO\u0141O-WOLONTARIATU.pps\" target=\"_blank\" rel=\"noopener noreferrer\">SZKOLNE KO\u0141O WOLONTARIATU<\/a><\/p>\n<p><a href=\"http:\/\/sp1.hrubieszow.info\/wp-content\/uploads\/2020\/12\/SZKOLNE-KO\u0141O-WOLONTARIATU.pptx\">SZKOLNE KO\u0141O WOLONTARIATU<\/a><\/p>\n","protected":false},"excerpt":{"rendered":"<p>Co roku 5 grudnia obchodzimy Mi\u0119dzynarodowy Dzie\u0144 Wolontariusza. Jest to \u015bwi\u0119to wszystkich ludzi dobrej woli, kt\u00f3rzy bardzo ch\u0119tnie po\u015bwi\u0119caj\u0105 sw\u00f3j czas na prace spo\u0142eczne oraz dla os\u00f3b potrzebuj\u0105cych. Ustanowienie tego \u015bwi\u0119ta w 1986 roku przez ONZ by\u0142o wyrazem oficjalnego docenienia pracy wolontariackiej. Ciesz\u0119 si\u0119, \u017ce w\u015br\u00f3d nas jest tak wielu uczni\u00f3w, kt\u00f3rzy chc\u0105 nie\u015b\u0107 pomoc [&hellip;]<\/p>\n","protected":false},"author":1,"featured_media":0,"parent":5983,"menu_order":0,"comment_status":"closed","ping_status":"closed","template":"","meta":{"ngg_post_thumbnail":0,"footnotes":""},"class_list":["post-7434","page","type-page","status-publish","hentry"],"_links":{"self":[{"href":"https:\/\/sp1hrubieszow.pl\/index.php\/wp-json\/wp\/v2\/pages\/7434","targetHints":{"allow":["GET"]}}],"collection":[{"href":"https:\/\/sp1hrubieszow.pl\/index.php\/wp-json\/wp\/v2\/pages"}],"about":[{"href":"https:\/\/sp1hrubieszow.pl\/index.php\/wp-json\/wp\/v2\/types\/page"}],"author":[{"embeddable":true,"href":"https:\/\/sp1hrubieszow.pl\/index.php\/wp-json\/wp\/v2\/users\/1"}],"replies":[{"embeddable":true,"href":"https:\/\/sp1hrubieszow.pl\/index.php\/wp-json\/wp\/v2\/comments?post=7434"}],"version-history":[{"count":4,"href":"https:\/\/sp1hrubieszow.pl\/index.php\/wp-json\/wp\/v2\/pages\/7434\/revisions"}],"predecessor-version":[{"id":7539,"href":"https:\/\/sp1hrubieszow.pl\/index.php\/wp-json\/wp\/v2\/pages\/7434\/revisions\/7539"}],"up":[{"embeddable":true,"href":"https:\/\/sp1hrubieszow.pl\/index.php\/wp-json\/wp\/v2\/pages\/5983"}],"wp:attachment":[{"href":"https:\/\/sp1hrubieszow.pl\/index.php\/wp-json\/wp\/v2\/media?parent=7434"}],"curies":[{"name":"wp","href":"https:\/\/api.w.org\/{rel}","templated":true}]}}